{"id":3720,"date":"2025-09-17T10:45:49","date_gmt":"2025-09-17T08:45:49","guid":{"rendered":"https:\/\/boreait.com\/hu\/?post_type=product&#038;p=3720"},"modified":"2025-09-17T10:46:21","modified_gmt":"2025-09-17T08:46:21","slug":"eredeti-asus-x553-lvds-lcd-led-video-kijelzo-kabel-wedge-1422-01ww0as-40-tus","status":"publish","type":"product","link":"https:\/\/boreait.com\/hu\/termek\/eredeti-asus-x553-lvds-lcd-led-video-kijelzo-kabel-wedge-1422-01ww0as-40-tus\/","title":{"rendered":"Eredeti Asus X553 LVDS LCD LED vide\u00f3 kijelz\u0151 k\u00e1bel Wedge 1422-01WW0AS 40 t\u0171s"},"content":{"rendered":"<p>N\u00f6velje laptopja megjelen\u00edt\u00e9si teljes\u00edtm\u00e9ny\u00e9t az Eredeti Asus X553 LVDS LCD LED-es videok\u00e9perny\u0151 k\u00e1bel Wedge 1422-01WW0AS 40 t\u0171s k\u00e1bellel. A laptop kijelz\u0151j\u00e9nek optimaliz\u00e1l\u00e1s\u00e1ra tervezett eredeti k\u00e1bel z\u00f6kken\u0151mentes integr\u00e1ci\u00f3t \u00e9s jobb vizu\u00e1lis min\u0151s\u00e9get biztos\u00edt a jobb sz\u00e1m\u00edt\u00e1stechnikai \u00e9lm\u00e9ny \u00e9rdek\u00e9ben.<\/p>\n<p>A legmagasabb min\u0151s\u00e9gi \u00e9s megb\u00edzhat\u00f3s\u00e1gi k\u00f6vetelm\u00e9nyeknek megfelel\u0151en gy\u00e1rtott Eredeti X553 LVDS k\u00e1belt \u00fagy tervezt\u00e9k, hogy biztons\u00e1gos \u00e9s hat\u00e9kony kapcsolatot biztos\u00edtson laptopja alaplapja \u00e9s az LCD-kijelz\u0151 k\u00f6z\u00f6tt. 40 t\u0171s kialak\u00edt\u00e1s\u00e1nak k\u00f6sz\u00f6nhet\u0151en sz\u00e1mos laptoppal kompatibilis, \u00edgy sokoldal\u00fa haszn\u00e1latot biztos\u00edt.<\/p>\n<p>Ak\u00e1r s\u00e9r\u00fclt k\u00e1belt cser\u00e9l, ak\u00e1r a kijelz\u0151 min\u0151s\u00e9g\u00e9nek jav\u00edt\u00e1s\u00e1ra t\u00f6rekszik, ez az eredeti k\u00e1bel biztos\u00edtja a sz\u00fcks\u00e9ges teljes\u00edtm\u00e9nyt \u00e9s megb\u00edzhat\u00f3s\u00e1got. T\u00e1mogatja a nagy felbont\u00e1s\u00fa kijelz\u0151ket, \u00e9s biztos\u00edtja, hogy laptopja k\u00e9perny\u0151je rendeltet\u00e9sszer\u0171en m\u0171k\u00f6dj\u00f6n.<\/p>\n<p>A telep\u00edt\u00e9s egyszer\u0171, k\u00f6sz\u00f6nhet\u0151en a prec\u00edz kialak\u00edt\u00e1snak, amely t\u00f6k\u00e9letesen illeszkedik a laptop eredeti alkatr\u00e9szeihez. Ha autentikus k\u00e1belt v\u00e1laszt, akkor laptopja kijelz\u0151j\u00e9nek min\u0151s\u00e9g\u00e9be \u00e9s \u00e9lettartam\u00e1ba fektet be.<\/p>\n<p>Friss\u00edtse laptopja kijelz\u0151j\u00e9nek csatlakoztathat\u00f3s\u00e1g\u00e1t az Eredeti X553 LVDS LCD LED Video kijelz\u0151 k\u00e1bel Wedge 1422-01WW0AS 40 t\u0171s k\u00e1bellel. \u00c9lvezze a jobb vizu\u00e1lis min\u0151s\u00e9get, a nagy felbont\u00e1s\u00fa kijelz\u0151 t\u00e1mogat\u00e1s\u00e1t \u00e9s a megb\u00edzhat\u00f3 kapcsolatot. N\u00f6velje sz\u00e1m\u00edt\u00e1stechnikai \u00e9lm\u00e9ny\u00e9t ezzel a megb\u00edzhat\u00f3 \u00e9s hat\u00e9kony k\u00e1bellel.<\/p>\n","protected":false},"excerpt":{"rendered":"<p>N\u00f6velje laptopja kijelz\u0151j\u00e9nek csatlakoztathat\u00f3s\u00e1g\u00e1t az Asus Genuine X553 LVDS LCD LED-es vide\u00f3 kijelz\u0151 k\u00e1bel Wedge 1422-01WW0AS 40 t\u0171s k\u00e1bellel. \u00c9lvezze a jobb k\u00e9pmin\u0151s\u00e9get \u00e9s a megb\u00edzhat\u00f3 kapcsolatot.<\/p>\n","protected":false},"featured_media":3767,"template":"","meta":[],"product_brand":[],"product_cat":[20],"product_tag":[30],"class_list":{"0":"post-3720","1":"product","2":"type-product","3":"status-publish","4":"has-post-thumbnail","6":"product_cat-cables","7":"product_tag-asus","9":"first","10":"instock","11":"taxable","12":"shipping-taxable","13":"purchasable","14":"product-type-simple"},"_links":{"self":[{"href":"https:\/\/boreait.com\/hu\/wp-json\/wp\/v2\/product\/3720","targetHints":{"allow":["GET"]}}],"collection":[{"href":"https:\/\/boreait.com\/hu\/wp-json\/wp\/v2\/product"}],"about":[{"href":"https:\/\/boreait.com\/hu\/wp-json\/wp\/v2\/types\/product"}],"wp:featuredmedia":[{"embeddable":true,"href":"https:\/\/boreait.com\/hu\/wp-json\/wp\/v2\/media\/3767"}],"wp:attachment":[{"href":"https:\/\/boreait.com\/hu\/wp-json\/wp\/v2\/media?parent=3720"}],"wp:term":[{"taxonomy":"product_brand","embeddable":true,"href":"https:\/\/boreait.com\/hu\/wp-json\/wp\/v2\/product_brand?post=3720"},{"taxonomy":"product_cat","embeddable":true,"href":"https:\/\/boreait.com\/hu\/wp-json\/wp\/v2\/product_cat?post=3720"},{"taxonomy":"product_tag","embeddable":true,"href":"https:\/\/boreait.com\/hu\/wp-json\/wp\/v2\/product_tag?post=3720"}],"curies":[{"name":"wp","href":"https:\/\/api.w.org\/{rel}","templated":true}]}}