{"id":3718,"date":"2025-09-17T10:45:48","date_gmt":"2025-09-17T08:45:48","guid":{"rendered":"https:\/\/boreait.com\/hu\/?post_type=product&#038;p=3718"},"modified":"2025-09-17T10:46:20","modified_gmt":"2025-09-17T08:46:20","slug":"samsung-galaxy-tab-note-10-1-sm-p600-hatso-burkolat","status":"publish","type":"product","link":"https:\/\/boreait.com\/hu\/termek\/samsung-galaxy-tab-note-10-1-sm-p600-hatso-burkolat\/","title":{"rendered":"Samsung Galaxy Tab Note 10.1 SM-P600 h\u00e1ts\u00f3 burkolat"},"content":{"rendered":"<p>Fokozza Samsung Galaxy Tab Note 10.1 SM-P600 megjelen\u00e9s\u00e9t \u00e9s v\u00e9delm\u00e9t a Samsung Galaxy Tab Note 10.1 SM-P600 h\u00e1ts\u00f3 burkolattal. Ezt az eredeti h\u00e1ts\u00f3 bor\u00edt\u00f3t \u00fagy tervezt\u00e9k, hogy szorosan illeszkedjen \u00e9s biztos\u00edtsa a t\u00e1blag\u00e9p szerkezet\u00e9nek integrit\u00e1s\u00e1t.<\/p>\n<p>A Samsung \u00e1ltal gy\u00e1rtott, a mobiltechnol\u00f3gia egyik megb\u00edzhat\u00f3 neve, ezt a h\u00e1ts\u00f3 burkolatot \u00fagy tervezt\u00e9k, hogy megfeleljen az SM-P600 t\u00e1blag\u00e9p eredeti specifik\u00e1ci\u00f3inak. T\u00f6k\u00e9letes illeszked\u00e9st k\u00edn\u00e1l, \u00e9s meg\u0151rzi k\u00e9sz\u00fcl\u00e9ke eleg\u00e1ns eszt\u00e9tik\u00e1j\u00e1t, mik\u00f6zben tov\u00e1bbi v\u00e9delmet ny\u00fajt.<\/p>\n<p>A h\u00e1ts\u00f3 burkolat cser\u00e9je egyszer\u0171 folyamat. Ha ezt az eredeti Samsung cser\u00e9t v\u00e1lasztja, t\u00e1blag\u00e9pe min\u0151s\u00e9g\u00e9be \u00e9s integrit\u00e1s\u00e1hoz fektet be.<\/p>\n<p>V\u00e9dje meg Samsung Galaxy Tab Note 10.1 SM-P600 k\u00e9sz\u00fcl\u00e9k\u00e9t, \u00e9s \u0151rizze meg eredeti megjelen\u00e9s\u00e9t a Samsung Galaxy Tab Note 10.1 SM-P600 h\u00e1ts\u00f3 burkolattal. \u00c9lvezze a nyugalmat, tudva, hogy t\u00e1blag\u00e9p\u00e9t eredeti Samsung cserefed\u00e9llel l\u00e1tt\u00e1k el.<\/p>\n<p>V\u00e1s\u00e1rl\u00e1s el\u0151tt ellen\u0151rizze, hogy kompatibilis-e az adott t\u00e1blag\u00e9pmodellj\u00e9vel.<\/p>\n","protected":false},"excerpt":{"rendered":"<p>Fokozza Samsung Galaxy Tab Note 10.1 SM-P600 v\u00e9delm\u00e9t \u00e9s eszt\u00e9tik\u00e1j\u00e1t a Samsung Galaxy Tab Note 10.1 SM-P600 h\u00e1ts\u00f3 burkolattal. \u00c9lvezze a k\u00e9nyelmes illeszked\u00e9st \u00e9s a t\u00e1blag\u00e9p tov\u00e1bbi v\u00e9delm\u00e9t.<\/p>\n","protected":false},"featured_media":3764,"template":"","meta":[],"product_brand":[],"product_cat":[16],"product_tag":[60],"class_list":{"0":"post-3718","1":"product","2":"type-product","3":"status-publish","4":"has-post-thumbnail","6":"product_cat-laptop-housing","7":"product_tag-samsung","9":"first","10":"instock","11":"taxable","12":"shipping-taxable","13":"purchasable","14":"product-type-simple"},"_links":{"self":[{"href":"https:\/\/boreait.com\/hu\/wp-json\/wp\/v2\/product\/3718","targetHints":{"allow":["GET"]}}],"collection":[{"href":"https:\/\/boreait.com\/hu\/wp-json\/wp\/v2\/product"}],"about":[{"href":"https:\/\/boreait.com\/hu\/wp-json\/wp\/v2\/types\/product"}],"wp:featuredmedia":[{"embeddable":true,"href":"https:\/\/boreait.com\/hu\/wp-json\/wp\/v2\/media\/3764"}],"wp:attachment":[{"href":"https:\/\/boreait.com\/hu\/wp-json\/wp\/v2\/media?parent=3718"}],"wp:term":[{"taxonomy":"product_brand","embeddable":true,"href":"https:\/\/boreait.com\/hu\/wp-json\/wp\/v2\/product_brand?post=3718"},{"taxonomy":"product_cat","embeddable":true,"href":"https:\/\/boreait.com\/hu\/wp-json\/wp\/v2\/product_cat?post=3718"},{"taxonomy":"product_tag","embeddable":true,"href":"https:\/\/boreait.com\/hu\/wp-json\/wp\/v2\/product_tag?post=3718"}],"curies":[{"name":"wp","href":"https:\/\/api.w.org\/{rel}","templated":true}]}}