{"id":3717,"date":"2025-09-17T10:45:48","date_gmt":"2025-09-17T08:45:48","guid":{"rendered":"https:\/\/boreait.com\/hu\/?post_type=product&#038;p=3717"},"modified":"2025-09-17T10:46:18","modified_gmt":"2025-09-17T08:46:18","slug":"samsung-galaxy-note-10-1-2014-sm-p600-elolapi-kamera","status":"publish","type":"product","link":"https:\/\/boreait.com\/hu\/termek\/samsung-galaxy-note-10-1-2014-sm-p600-elolapi-kamera\/","title":{"rendered":"Samsung Galaxy Note 10.1 2014 SM P600 el\u0151lapi kamera"},"content":{"rendered":"<p>Fokozza Samsung Galaxy Note 10.1 2014 SM P600 t\u00e1blag\u00e9pe f\u00e9nyk\u00e9pez\u00e9si k\u00e9pess\u00e9geit a Samsung Galaxy Note 10.1 2014 SM P600 el\u0151lapi kamer\u00e1val. Tiszta \u00e9s j\u00f3 min\u0151s\u00e9g\u0171 szelfik \u00e9s videoh\u00edv\u00e1sok r\u00f6gz\u00edt\u00e9s\u00e9re tervezett eredeti el\u0151lapi kamera jobb vizu\u00e1lis kommunik\u00e1ci\u00f3s \u00e9lm\u00e9nyt biztos\u00edt.<\/p>\n<p>A Samsung \u00e1ltal gy\u00e1rtott, a mobiltechnol\u00f3gia egyik megb\u00edzhat\u00f3 neve, ezt az el\u0151lapi kamer\u00e1t \u00fagy tervezt\u00e9k, hogy megb\u00edzhat\u00f3 \u00e9s hat\u00e9kony teljes\u00edtm\u00e9nyt ny\u00fajtson. Ak\u00e1r videocseveg\u00e9sre van sz\u00fcks\u00e9ge bar\u00e1tokkal \u00e9s csal\u00e1dtagokkal, ak\u00e1r szelfiket kell k\u00e9sz\u00edtenie a k\u00f6z\u00f6ss\u00e9gi m\u00e9di\u00e1ban, ez a f\u00e9nyk\u00e9pez\u0151g\u00e9p tov\u00e1bbfejleszti t\u00e1blag\u00e9pe f\u00e9nyk\u00e9pez\u00e9si lehet\u0151s\u00e9geit.<\/p>\n<p>A telep\u00edt\u00e9s egyszer\u0171, \u00e9s a t\u00e1blag\u00e9ppel val\u00f3 z\u00f6kken\u0151mentes integr\u00e1ci\u00f3 biztos\u00edt\u00e1s\u00e1hoz sz\u00fcks\u00e9ges csatlakoz\u00f3k is megtal\u00e1lhat\u00f3k benne. Cser\u00e9lje le megl\u00e9v\u0151 el\u0151lapi kamer\u00e1j\u00e1t erre az eredeti Samsung alkatr\u00e9szre, \u00e9s \u00e9lvezze a jobb tisztas\u00e1got \u00e9s k\u00e9pmin\u0151s\u00e9get szelfik \u00e9s videoh\u00edv\u00e1sok k\u00e9sz\u00edt\u00e9s\u00e9hez.<\/p>\n<p>Friss\u00edtse t\u00e1blag\u00e9pe f\u00e9nyk\u00e9pez\u00e9si k\u00e9pess\u00e9geit a Samsung Galaxy Note 10.1 2014 SM P600 el\u0151lapi kamer\u00e1val. K\u00e9sz\u00edtsen tiszta \u00e9s kiv\u00e1l\u00f3 min\u0151s\u00e9g\u0171 szelfiket, \u00e9s \u00e9lvezze a tov\u00e1bbfejlesztett videoh\u00edv\u00e1sokat Galaxy Note 10.1 2014 t\u00e1blag\u00e9p\u00e9n.<\/p>\n<p>V\u00e1s\u00e1rl\u00e1s el\u0151tt ellen\u0151rizze, hogy kompatibilis-e az adott t\u00e1blag\u00e9pmodellj\u00e9vel.<\/p>\n","protected":false},"excerpt":{"rendered":"<p>Fokozza Samsung Galaxy Note 10.1 2014 SM P600 t\u00e1blag\u00e9pe f\u00e9nyk\u00e9pez\u00e9si k\u00e9pess\u00e9geit a Samsung Galaxy Note 10.1 2014 SM P600 el\u0151lapi kamer\u00e1val. \u00c9lvezze a szelfik \u00e9s videoh\u00edv\u00e1sok jobb tisztas\u00e1g\u00e1t.<\/p>\n","protected":false},"featured_media":3763,"template":"","meta":[],"product_brand":[],"product_cat":[23],"product_tag":[60],"class_list":{"0":"post-3717","1":"product","2":"type-product","3":"status-publish","4":"has-post-thumbnail","6":"product_cat-laptop-camera","7":"product_tag-samsung","9":"first","10":"instock","11":"taxable","12":"shipping-taxable","13":"purchasable","14":"product-type-simple"},"_links":{"self":[{"href":"https:\/\/boreait.com\/hu\/wp-json\/wp\/v2\/product\/3717","targetHints":{"allow":["GET"]}}],"collection":[{"href":"https:\/\/boreait.com\/hu\/wp-json\/wp\/v2\/product"}],"about":[{"href":"https:\/\/boreait.com\/hu\/wp-json\/wp\/v2\/types\/product"}],"wp:featuredmedia":[{"embeddable":true,"href":"https:\/\/boreait.com\/hu\/wp-json\/wp\/v2\/media\/3763"}],"wp:attachment":[{"href":"https:\/\/boreait.com\/hu\/wp-json\/wp\/v2\/media?parent=3717"}],"wp:term":[{"taxonomy":"product_brand","embeddable":true,"href":"https:\/\/boreait.com\/hu\/wp-json\/wp\/v2\/product_brand?post=3717"},{"taxonomy":"product_cat","embeddable":true,"href":"https:\/\/boreait.com\/hu\/wp-json\/wp\/v2\/product_cat?post=3717"},{"taxonomy":"product_tag","embeddable":true,"href":"https:\/\/boreait.com\/hu\/wp-json\/wp\/v2\/product_tag?post=3717"}],"curies":[{"name":"wp","href":"https:\/\/api.w.org\/{rel}","templated":true}]}}