{"id":3716,"date":"2025-09-17T10:45:48","date_gmt":"2025-09-17T08:45:48","guid":{"rendered":"https:\/\/boreait.com\/hu\/?post_type=product&#038;p=3716"},"modified":"2026-01-09T13:45:05","modified_gmt":"2026-01-09T12:45:05","slug":"lcd-kabel-samsung-galaxy-note-10-1-smp600-p601-p605-csere-flex-keszulekhez","status":"publish","type":"product","link":"https:\/\/boreait.com\/hu\/termek\/lcd-kabel-samsung-galaxy-note-10-1-smp600-p601-p605-csere-flex-keszulekhez\/","title":{"rendered":"LCD k\u00e1bel Samsung Galaxy Note 10.1 SMP600 P601 P605 Csere Flex k\u00e9sz\u00fcl\u00e9khez"},"content":{"rendered":"<p>Friss\u00edtse \u00e9s \u00e1ll\u00edtsa vissza Samsung Galaxy Note 10.1 SMP600, P601 vagy P605 kijelz\u0151j\u00e9nek funkcionalit\u00e1s\u00e1t az LCD-k\u00e1belcsere-hajl\u00edt\u00f3 seg\u00edts\u00e9g\u00e9vel. \u00dagy tervezt\u00e9k, hogy z\u00f6kken\u0151mentes \u00e9s megb\u00edzhat\u00f3 kapcsolatot biztos\u00edtson az eszk\u00f6z LCD-k\u00e9perny\u0151je \u00e9s az alaplap k\u00f6z\u00f6tt, ez a rugalmas cserek\u00e1bel biztos\u00edtja, hogy t\u00e1blag\u00e9pe k\u00e9perny\u0151je ism\u00e9t hib\u00e1tlanul m\u0171k\u00f6dj\u00f6n.<\/p>\n<p>Ak\u00e1r megjelen\u00edt\u00e9si probl\u00e9m\u00e1kat, holt k\u00e9ppontokat vagy s\u00e9r\u00fclt LCD-k\u00e1belt tapasztal, ez az eredeti cserealkatr\u00e9sz megold\u00e1st k\u00edn\u00e1l. A legmagasabb min\u0151s\u00e9gi szabv\u00e1nyoknak megfelel\u0151en gy\u00e1rtva, megfelel\u0151 jel\u00e1tvitelt biztos\u00edt az \u00e9l\u00e9nk \u00e9s tiszta k\u00e9p \u00e9rdek\u00e9ben a t\u00e1blag\u00e9p k\u00e9perny\u0151j\u00e9n.<\/p>\n<p>Az LCD Cable Replacement Flex kompatibilis a Samsung Galaxy Note 10.1 SMP600, P601 \u00e9s P605 modellekkel, \u00edgy sokoldal\u00fa megold\u00e1s a k\u00fcl\u00f6nb\u00f6z\u0151 t\u00e1blag\u00e9p-verzi\u00f3khoz. \u00c1ll\u00edtsa vissza t\u00e1blag\u00e9pe kijelz\u0151j\u00e9nek teljes potenci\u00e1lj\u00e1t, ak\u00e1r munk\u00e1ra, ak\u00e1r sz\u00f3rakoz\u00e1sra vagy kreat\u00edv tev\u00e9kenys\u00e9gre haszn\u00e1lja.<\/p>\n<p>A telep\u00edt\u00e9s egyszer\u0171, de az optim\u00e1lis eredm\u00e9ny \u00e9rdek\u00e9ben professzion\u00e1lis telep\u00edt\u00e9s javasolt. Keltse \u00faj \u00e9letre Samsung Galaxy Note 10.1 SMP600, P601 vagy P605 k\u00e9sz\u00fcl\u00e9k\u00e9t az LCD-k\u00e1belcsere-flexi\u00f3val. \u00c9lvezze \u00fajra az \u00e9les \u00e9s \u00e9l\u00e9nk kijelz\u0151t, amely \u00faj \u00e9letet k\u00f6lcs\u00f6n\u00f6z t\u00e1blag\u00e9pe vizu\u00e1lis \u00e9lm\u00e9ny\u00e9nek.<\/p>\n","protected":false},"excerpt":{"rendered":"<p>\u00c1ll\u00edtsa vissza Samsung Galaxy Note 10.1 SMP600, P601 vagy P605 kijelz\u0151j\u00e9nek funkcionalit\u00e1s\u00e1t az LCD k\u00e1belcsere-hajl\u00edt\u00f3 seg\u00edts\u00e9g\u00e9vel. \u00c9lvezze a tiszta \u00e9s \u00e9l\u00e9nk l\u00e1tv\u00e1nyt t\u00e1blag\u00e9pe k\u00e9perny\u0151j\u00e9n.<\/p>\n","protected":false},"featured_media":3762,"template":"","meta":[],"product_brand":[],"product_cat":[20],"product_tag":[60],"class_list":{"0":"post-3716","1":"product","2":"type-product","3":"status-publish","4":"has-post-thumbnail","6":"product_cat-cables","7":"product_tag-samsung","9":"first","10":"instock","11":"taxable","12":"shipping-taxable","13":"purchasable","14":"product-type-simple"},"_links":{"self":[{"href":"https:\/\/boreait.com\/hu\/wp-json\/wp\/v2\/product\/3716","targetHints":{"allow":["GET"]}}],"collection":[{"href":"https:\/\/boreait.com\/hu\/wp-json\/wp\/v2\/product"}],"about":[{"href":"https:\/\/boreait.com\/hu\/wp-json\/wp\/v2\/types\/product"}],"wp:featuredmedia":[{"embeddable":true,"href":"https:\/\/boreait.com\/hu\/wp-json\/wp\/v2\/media\/3762"}],"wp:attachment":[{"href":"https:\/\/boreait.com\/hu\/wp-json\/wp\/v2\/media?parent=3716"}],"wp:term":[{"taxonomy":"product_brand","embeddable":true,"href":"https:\/\/boreait.com\/hu\/wp-json\/wp\/v2\/product_brand?post=3716"},{"taxonomy":"product_cat","embeddable":true,"href":"https:\/\/boreait.com\/hu\/wp-json\/wp\/v2\/product_cat?post=3716"},{"taxonomy":"product_tag","embeddable":true,"href":"https:\/\/boreait.com\/hu\/wp-json\/wp\/v2\/product_tag?post=3716"}],"curies":[{"name":"wp","href":"https:\/\/api.w.org\/{rel}","templated":true}]}}