{"id":3715,"date":"2025-09-17T10:45:48","date_gmt":"2025-09-17T08:45:48","guid":{"rendered":"https:\/\/boreait.com\/hu\/?post_type=product&#038;p=3715"},"modified":"2025-09-17T10:46:16","modified_gmt":"2025-09-17T08:46:16","slug":"samsung-galaxy-note-10-1-2014-sm-p600-hatlapi-kamera","status":"publish","type":"product","link":"https:\/\/boreait.com\/hu\/termek\/samsung-galaxy-note-10-1-2014-sm-p600-hatlapi-kamera\/","title":{"rendered":"Samsung Galaxy Note 10.1 2014 SM P600 H\u00e1tlapi kamera"},"content":{"rendered":"<p>N\u00f6velje fot\u00f3z\u00e1si \u00e9lm\u00e9ny\u00e9t a Samsung Galaxy Note 10.1 2014 SM P600 h\u00e1tlapi kamer\u00e1val. A leny\u0171g\u00f6z\u0151 pillanatok prec\u00edz \u00e9s tiszta r\u00f6gz\u00edt\u00e9s\u00e9re tervezett eredeti Samsung kameramodul kiv\u00e9teles k\u00e9pmin\u0151s\u00e9get biztos\u00edt t\u00e1blag\u00e9pe sz\u00e1m\u00e1ra.<\/p>\n<p>A Samsung, a mobiltechnol\u00f3gia egyik megb\u00edzhat\u00f3 vezet\u0151 gy\u00e1rt\u00f3ja, a Galaxy Note 10.1 2014 SM P600 k\u00e9sz\u00fcl\u00e9khez k\u00e9sz\u00fclt h\u00e1tlapi kamer\u00e1t \u00fagy tervezt\u00e9k, hogy kiemelked\u0151 f\u00e9nyk\u00e9pez\u00e9si teljes\u00edtm\u00e9nyt ny\u00fajtson. Ak\u00e1r t\u00e1jakat, embereket vagy t\u00e1rgyakat f\u00e9nyk\u00e9pez, ez a kameramodul \u00e9les \u00e9s \u00e9l\u00e9nk k\u00e9peket biztos\u00edt.<\/p>\n<p>A telep\u00edt\u00e9s egyszer\u0171, \u00e9s z\u00f6kken\u0151mentesen illeszkedik a t\u00e1blag\u00e9p eredeti alkatr\u00e9szeihez.\u00a0 Az eredeti Samsung alkatr\u00e9szek kiv\u00e1laszt\u00e1s\u00e1val t\u00e1blag\u00e9pe kamer\u00e1j\u00e1nak min\u0151s\u00e9g\u00e9be \u00e9s megb\u00edzhat\u00f3s\u00e1g\u00e1ba fektet be.<\/p>\n<p>Friss\u00edtse fot\u00f3s j\u00e1t\u00e9k\u00e1t a Samsung Galaxy Note 10.1 2014 SM P600 h\u00e1tlapi kamer\u00e1val. R\u00f6gz\u00edtse az \u00e9rt\u00e9kes pillanatokat leny\u0171g\u00f6z\u0151 r\u00e9szletess\u00e9ggel \u00e9s tisztas\u00e1ggal. N\u00f6velje t\u00e1blag\u00e9pe k\u00e9palkot\u00e1si k\u00e9pess\u00e9geit ezzel a megb\u00edzhat\u00f3 \u00e9s hat\u00e9kony kameramodullal.<\/p>\n<p>V\u00e1s\u00e1rl\u00e1s el\u0151tt ellen\u0151rizze, hogy kompatibilis-e az adott t\u00e1blag\u00e9pmodellj\u00e9vel.<\/p>\n","protected":false},"excerpt":{"rendered":"<p>N\u00f6velje t\u00e1blag\u00e9pe f\u00e9nyk\u00e9pez\u00e9si k\u00e9pess\u00e9geit a Samsung Galaxy Note 10.1 2014 SM P600 h\u00e1tlapi kamer\u00e1val. R\u00f6gz\u00edtse a leny\u0171g\u00f6z\u0151 pillanatokat pontosan \u00e9s tiszt\u00e1n.<\/p>\n","protected":false},"featured_media":3761,"template":"","meta":[],"product_brand":[],"product_cat":[23],"product_tag":[60],"class_list":{"0":"post-3715","1":"product","2":"type-product","3":"status-publish","4":"has-post-thumbnail","6":"product_cat-laptop-camera","7":"product_tag-samsung","9":"first","10":"instock","11":"taxable","12":"shipping-taxable","13":"purchasable","14":"product-type-simple"},"_links":{"self":[{"href":"https:\/\/boreait.com\/hu\/wp-json\/wp\/v2\/product\/3715","targetHints":{"allow":["GET"]}}],"collection":[{"href":"https:\/\/boreait.com\/hu\/wp-json\/wp\/v2\/product"}],"about":[{"href":"https:\/\/boreait.com\/hu\/wp-json\/wp\/v2\/types\/product"}],"wp:featuredmedia":[{"embeddable":true,"href":"https:\/\/boreait.com\/hu\/wp-json\/wp\/v2\/media\/3761"}],"wp:attachment":[{"href":"https:\/\/boreait.com\/hu\/wp-json\/wp\/v2\/media?parent=3715"}],"wp:term":[{"taxonomy":"product_brand","embeddable":true,"href":"https:\/\/boreait.com\/hu\/wp-json\/wp\/v2\/product_brand?post=3715"},{"taxonomy":"product_cat","embeddable":true,"href":"https:\/\/boreait.com\/hu\/wp-json\/wp\/v2\/product_cat?post=3715"},{"taxonomy":"product_tag","embeddable":true,"href":"https:\/\/boreait.com\/hu\/wp-json\/wp\/v2\/product_tag?post=3715"}],"curies":[{"name":"wp","href":"https:\/\/api.w.org\/{rel}","templated":true}]}}