{"id":3714,"date":"2025-09-17T10:45:48","date_gmt":"2025-09-17T08:45:48","guid":{"rendered":"https:\/\/boreait.com\/hu\/?post_type=product&#038;p=3714"},"modified":"2025-09-17T10:46:16","modified_gmt":"2025-09-17T08:46:16","slug":"flat-flexsamsung-galaxy-note-10-1-sm-p600-p605-usb-tolto-mikro-csatlakozo-tapcsatlakozo","status":"publish","type":"product","link":"https:\/\/boreait.com\/hu\/termek\/flat-flexsamsung-galaxy-note-10-1-sm-p600-p605-usb-tolto-mikro-csatlakozo-tapcsatlakozo\/","title":{"rendered":"FLAT FLEX+SAMSUNG GALAXY NOTE 10.1 SM-P600 P605 USB T\u00d6LT\u0150 MIKRO CSATLAKOZ\u00d3 T\u00e1pcsatlakoz\u00f3"},"content":{"rendered":"<p>N\u00f6velje Samsung Galaxy Note 10.1 SM-P600 vagy P605 t\u00f6lt\u00e9si k\u00e9pess\u00e9geit a FLAT FLEX USB Charging Micro Connector seg\u00edts\u00e9g\u00e9vel. A t\u00e1blag\u00e9p t\u00f6lt\u00e9si funkci\u00f3inak optimaliz\u00e1l\u00e1s\u00e1ra kialak\u00edtott eredeti mikrocsatlakoz\u00f3 z\u00f6kken\u0151mentes integr\u00e1ci\u00f3t \u00e9s hat\u00e9kony t\u00f6lt\u00e9st biztos\u00edt a jobb eszk\u00f6z\u00e9lm\u00e9ny \u00e9rdek\u00e9ben.<\/p>\n<p>A Samsung Galaxy Note 10.1 SM-P600 \u00e9s P605 k\u00e9sz\u00fcl\u00e9kekkel val\u00f3 kompatibilit\u00e1sra tervezett mikrocsatlakoz\u00f3 megb\u00edzhat\u00f3 \u00e9s biztons\u00e1gos kapcsolatot biztos\u00edt a t\u00e1blag\u00e9p t\u00f6lt\u00e9s\u00e9hez. Ez a t\u00f6k\u00e9letes cserealkatr\u00e9sz, ha t\u00f6lt\u00e9si probl\u00e9m\u00e1kat tapasztal a s\u00e9r\u00fclt vagy elhaszn\u00e1l\u00f3dott csatlakoz\u00f3 miatt.<\/p>\n<p>A telep\u00edt\u00e9s egyszer\u0171, lehet\u0151v\u00e9 teszi a r\u00e9gi vagy hib\u00e1s mikrocsatlakoz\u00f3 egyszer\u0171 cser\u00e9j\u00e9t. B\u0151v\u00edtse t\u00e1blag\u00e9pe t\u00f6lt\u00e9si k\u00e9pess\u00e9geit a FLAT FLEX+SAMSUNG GALAXY NOTE 10.1 SM-P600 P605 USB T\u00d6LT\u0150 MIKRO CSATLAKOZ\u00d3VAL. \u00c9lvezze a hat\u00e9kony t\u00f6lt\u00e9st, a biztons\u00e1gos kapcsolatot \u00e9s a vissza\u00e1ll\u00edtott t\u00f6lt\u00e9si \u00e9lm\u00e9nyt Samsung Galaxy Note 10.1 k\u00e9sz\u00fcl\u00e9k\u00e9vel.<\/p>\n<p>V\u00e1s\u00e1rl\u00e1s el\u0151tt ellen\u0151rizze, hogy kompatibilis-e az adott t\u00e1blag\u00e9pmodellj\u00e9vel.<\/p>\n","protected":false},"excerpt":{"rendered":"<p>Jav\u00edtsa Samsung Galaxy Note 10.1 SM-P600 vagy P605 t\u00f6lt\u00e9s\u00e9t a FLAT FLEX USB Charging Micro Connector seg\u00edts\u00e9g\u00e9vel. \u00c9lvezze a hat\u00e9kony t\u00f6lt\u00e9st \u00e9s a biztons\u00e1gos kapcsolatot.<\/p>\n","protected":false},"featured_media":3760,"template":"","meta":[],"product_brand":[],"product_cat":[20],"product_tag":[60],"class_list":{"0":"post-3714","1":"product","2":"type-product","3":"status-publish","4":"has-post-thumbnail","6":"product_cat-cables","7":"product_tag-samsung","9":"first","10":"instock","11":"taxable","12":"shipping-taxable","13":"purchasable","14":"product-type-simple"},"_links":{"self":[{"href":"https:\/\/boreait.com\/hu\/wp-json\/wp\/v2\/product\/3714","targetHints":{"allow":["GET"]}}],"collection":[{"href":"https:\/\/boreait.com\/hu\/wp-json\/wp\/v2\/product"}],"about":[{"href":"https:\/\/boreait.com\/hu\/wp-json\/wp\/v2\/types\/product"}],"wp:featuredmedia":[{"embeddable":true,"href":"https:\/\/boreait.com\/hu\/wp-json\/wp\/v2\/media\/3760"}],"wp:attachment":[{"href":"https:\/\/boreait.com\/hu\/wp-json\/wp\/v2\/media?parent=3714"}],"wp:term":[{"taxonomy":"product_brand","embeddable":true,"href":"https:\/\/boreait.com\/hu\/wp-json\/wp\/v2\/product_brand?post=3714"},{"taxonomy":"product_cat","embeddable":true,"href":"https:\/\/boreait.com\/hu\/wp-json\/wp\/v2\/product_cat?post=3714"},{"taxonomy":"product_tag","embeddable":true,"href":"https:\/\/boreait.com\/hu\/wp-json\/wp\/v2\/product_tag?post=3714"}],"curies":[{"name":"wp","href":"https:\/\/api.w.org\/{rel}","templated":true}]}}