{"id":3713,"date":"2025-09-17T10:45:48","date_gmt":"2025-09-17T08:45:48","guid":{"rendered":"https:\/\/boreait.com\/hu\/?post_type=product&#038;p=3713"},"modified":"2025-09-17T10:46:15","modified_gmt":"2025-09-17T08:46:15","slug":"kabel-flex-olvasokartya-sim-es-micro-sd-a-samsung-galaxy-note-10-1-p600-p605-telefonhoz","status":"publish","type":"product","link":"https:\/\/boreait.com\/hu\/termek\/kabel-flex-olvasokartya-sim-es-micro-sd-a-samsung-galaxy-note-10-1-p600-p605-telefonhoz\/","title":{"rendered":"K\u00e1bel Flex olvas\u00f3k\u00e1rtya SIM \u00e9s Micro SD a Samsung Galaxy Note 10.1 P600 P605 telefonhoz"},"content":{"rendered":"<p>Fokozza Samsung Galaxy Note 10.1 P600 P605 t\u00e1blag\u00e9pe funkcionalit\u00e1s\u00e1t a Cable Flex Reader Card SIM \u00e9s Micro SD k\u00e1rty\u00e1val. Ezt az eredeti k\u00e1bel-flex olvas\u00f3t \u00fagy tervezt\u00e9k, hogy b\u0151v\u00edtett csatlakoz\u00e1si lehet\u0151s\u00e9geket biztos\u00edtson, lehet\u0151v\u00e9 t\u00e9ve SIM-k\u00e1rtya \u00e9s micro SD-k\u00e1rtya haszn\u00e1lat\u00e1t a k\u00e9sz\u00fcl\u00e9kkel.<\/p>\n<p>A Samsung Galaxy Note 10.1 P600 P605 k\u00e9sz\u00fcl\u00e9kkel val\u00f3 kompatibilit\u00e1s \u00e9rdek\u00e9ben ez a rugalmas k\u00e1belolvas\u00f3 z\u00f6kken\u0151mentes illeszked\u00e9st \u00e9s megfelel\u0151 m\u0171k\u00f6d\u00e9st biztos\u00edt. Lehet\u0151v\u00e9 teszi egy SIM-k\u00e1rtya behelyez\u00e9s\u00e9t, b\u0151v\u00edtve a csatlakoz\u00e1si lehet\u0151s\u00e9geket, valamint egy micro SD-k\u00e1rty\u00e1t, amely tov\u00e1bbi t\u00e1rhelyet biztos\u00edt a f\u00e1jlok, f\u00e9nyk\u00e9pek \u00e9s vide\u00f3k sz\u00e1m\u00e1ra.<\/p>\n<p>Ak\u00e1r mobiladat-hozz\u00e1f\u00e9r\u00e9sre, extra t\u00e1rol\u00f3kapacit\u00e1sra vagy sokoldal\u00fas\u00e1gra van sz\u00fcks\u00e9ge t\u00e1blag\u00e9pe adatainak kezel\u00e9s\u00e9ben, ez a flexibilis k\u00e1belolvas\u00f3 biztos\u00edtja a k\u00edv\u00e1nt k\u00e9nyelmet \u00e9s rugalmass\u00e1got. Alapvet\u0151 elem azoknak a felhaszn\u00e1l\u00f3knak, akik a legt\u00f6bbet szeretn\u00e9k kihozni Galaxy Note 10.1 P600 P605 t\u00e1blag\u00e9p\u00fckb\u0151l.<\/p>\n<p>A telep\u00edt\u00e9s egyszer\u0171, \u00e9s alapvet\u0151 m\u0171szaki ismeretek birtok\u00e1ban elv\u00e9gezhet\u0151. N\u00f6velje Samsung Galaxy Note 10.1 P600 P605 t\u00e1blag\u00e9p\u00e9nek k\u00e9pess\u00e9geit a Cable Flex Reader Card SIM \u00e9s Micro SD k\u00e1rty\u00e1val. \u00c9lvezze a kib\u0151v\u00edtett csatlakoz\u00e1si \u00e9s t\u00e1rol\u00e1si lehet\u0151s\u00e9geket, \u00edgy t\u00e1blag\u00e9pe sokoldal\u00fabb\u00e1 \u00e9s az \u00d6n ig\u00e9nyeihez igazod\u00f3bb\u00e1 v\u00e1lik.<\/p>\n<p>V\u00e1s\u00e1rl\u00e1s el\u0151tt ellen\u0151rizze, hogy kompatibilis-e az adott t\u00e1blag\u00e9pmodellj\u00e9vel.<\/p>\n","protected":false},"excerpt":{"rendered":"<p>Fokozza Samsung Galaxy Note 10.1 P600 P605 t\u00e1blag\u00e9pe funkcionalit\u00e1s\u00e1t a Cable Flex Reader Card SIM-k\u00e1rty\u00e1val \u00e9s Micro SD-vel. \u00c9lvezze a b\u0151v\u00edtett csatlakoz\u00e1si \u00e9s t\u00e1rol\u00e1si lehet\u0151s\u00e9geket.<\/p>\n","protected":false},"featured_media":3759,"template":"","meta":[],"product_brand":[],"product_cat":[27],"product_tag":[60],"class_list":{"0":"post-3713","1":"product","2":"type-product","3":"status-publish","4":"has-post-thumbnail","6":"product_cat-motherboards-board-parts","7":"product_tag-samsung","9":"first","10":"instock","11":"taxable","12":"shipping-taxable","13":"purchasable","14":"product-type-simple"},"_links":{"self":[{"href":"https:\/\/boreait.com\/hu\/wp-json\/wp\/v2\/product\/3713","targetHints":{"allow":["GET"]}}],"collection":[{"href":"https:\/\/boreait.com\/hu\/wp-json\/wp\/v2\/product"}],"about":[{"href":"https:\/\/boreait.com\/hu\/wp-json\/wp\/v2\/types\/product"}],"wp:featuredmedia":[{"embeddable":true,"href":"https:\/\/boreait.com\/hu\/wp-json\/wp\/v2\/media\/3759"}],"wp:attachment":[{"href":"https:\/\/boreait.com\/hu\/wp-json\/wp\/v2\/media?parent=3713"}],"wp:term":[{"taxonomy":"product_brand","embeddable":true,"href":"https:\/\/boreait.com\/hu\/wp-json\/wp\/v2\/product_brand?post=3713"},{"taxonomy":"product_cat","embeddable":true,"href":"https:\/\/boreait.com\/hu\/wp-json\/wp\/v2\/product_cat?post=3713"},{"taxonomy":"product_tag","embeddable":true,"href":"https:\/\/boreait.com\/hu\/wp-json\/wp\/v2\/product_tag?post=3713"}],"curies":[{"name":"wp","href":"https:\/\/api.w.org\/{rel}","templated":true}]}}