{"id":3712,"date":"2025-09-17T10:45:48","date_gmt":"2025-09-17T08:45:48","guid":{"rendered":"https:\/\/boreait.com\/hu\/?post_type=product&#038;p=3712"},"modified":"2025-09-17T10:46:14","modified_gmt":"2025-09-17T08:46:14","slug":"samsung-galaxy-note-10-1-edition-p600-hangszorok-wifi-antenna","status":"publish","type":"product","link":"https:\/\/boreait.com\/hu\/termek\/samsung-galaxy-note-10-1-edition-p600-hangszorok-wifi-antenna\/","title":{"rendered":"Samsung Galaxy Note 10.1 Edition P600 hangsz\u00f3r\u00f3k + WIFI antenna"},"content":{"rendered":"<p>Fokozza Samsung Galaxy Note 10.1 Edition P600 t\u00e1blag\u00e9pe hang\u00e9lm\u00e9ny\u00e9t a Samsung Galaxy Note 10.1 Edition P600 hangsz\u00f3r\u00f3val. Ezt az eredeti hangsz\u00f3r\u00f3t \u00fagy tervezt\u00e9k, hogy jav\u00edtsa t\u00e1blag\u00e9pe hangmin\u0151s\u00e9g\u00e9t, \u00e9s tiszta \u00e9s \u00e9l\u00e9nk hangot biztos\u00edt a tov\u00e1bbfejlesztett multim\u00e9di\u00e1s \u00e9lm\u00e9ny \u00e9rdek\u00e9ben. WIFI antenn\u00e1t is tartalmaz.<\/p>\n<p>A Samsung, a technol\u00f3gia egyik megb\u00edzhat\u00f3 vezet\u0151 gy\u00e1rt\u00f3ja \u00e1ltal gy\u00e1rtott Galaxy Note 10.1 Edition P600 hangsz\u00f3r\u00f3 megb\u00edzhat\u00f3 \u00e9s mag\u00e1val ragad\u00f3 hangteljes\u00edtm\u00e9nyt ny\u00fajt. Ak\u00e1r vide\u00f3kat n\u00e9z, ak\u00e1r j\u00e1t\u00e9kokat j\u00e1tszik, vagy kedvenc zen\u00e9it hallgatja, ez a hangsz\u00f3r\u00f3 tov\u00e1bbfejleszti t\u00e1blag\u00e9pe audiok\u00e9pess\u00e9geit.<\/p>\n<p>A telep\u00edt\u00e9s egyszer\u0171, lehet\u0151v\u00e9 teszi a megl\u00e9v\u0151 hangsz\u00f3r\u00f3 egyszer\u0171 cser\u00e9j\u00e9t. Friss\u00edtse t\u00e1blag\u00e9pe hang\u00e9lm\u00e9ny\u00e9t a Samsung Galaxy Note 10.1 Edition P600 hangsz\u00f3r\u00f3val. \u00c9lvezze a fokozott hangtisztas\u00e1got, a mag\u00e1val ragad\u00f3 hangz\u00e1st \u00e9s a jobb multim\u00e9di\u00e1s \u00e9lm\u00e9nyt Galaxy Note 10.1 Edition P600 t\u00e1blag\u00e9p\u00e9n.<\/p>\n<p>V\u00e1s\u00e1rl\u00e1s el\u0151tt ellen\u0151rizze, hogy kompatibilis-e az adott t\u00e1blag\u00e9pmodellj\u00e9vel.<\/p>\n","protected":false},"excerpt":{"rendered":"<p>Jav\u00edtsa Samsung Galaxy Note 10.1 Edition P600 t\u00e1blag\u00e9pe hangmin\u0151s\u00e9g\u00e9t a Samsung Galaxy Note 10.1 Edition P600 hangsz\u00f3r\u00f3val. \u00c9lvezze a jobb hangtisztas\u00e1got multim\u00e9di\u00e1s tartalmaihoz.<\/p>\n","protected":false},"featured_media":3758,"template":"","meta":[],"product_brand":[],"product_cat":[18],"product_tag":[60],"class_list":{"0":"post-3712","1":"product","2":"type-product","3":"status-publish","4":"has-post-thumbnail","6":"product_cat-laptop-speakers","7":"product_tag-samsung","9":"first","10":"instock","11":"taxable","12":"shipping-taxable","13":"purchasable","14":"product-type-simple"},"_links":{"self":[{"href":"https:\/\/boreait.com\/hu\/wp-json\/wp\/v2\/product\/3712","targetHints":{"allow":["GET"]}}],"collection":[{"href":"https:\/\/boreait.com\/hu\/wp-json\/wp\/v2\/product"}],"about":[{"href":"https:\/\/boreait.com\/hu\/wp-json\/wp\/v2\/types\/product"}],"wp:featuredmedia":[{"embeddable":true,"href":"https:\/\/boreait.com\/hu\/wp-json\/wp\/v2\/media\/3758"}],"wp:attachment":[{"href":"https:\/\/boreait.com\/hu\/wp-json\/wp\/v2\/media?parent=3712"}],"wp:term":[{"taxonomy":"product_brand","embeddable":true,"href":"https:\/\/boreait.com\/hu\/wp-json\/wp\/v2\/product_brand?post=3712"},{"taxonomy":"product_cat","embeddable":true,"href":"https:\/\/boreait.com\/hu\/wp-json\/wp\/v2\/product_cat?post=3712"},{"taxonomy":"product_tag","embeddable":true,"href":"https:\/\/boreait.com\/hu\/wp-json\/wp\/v2\/product_tag?post=3712"}],"curies":[{"name":"wp","href":"https:\/\/api.w.org\/{rel}","templated":true}]}}