{"id":3710,"date":"2025-09-17T10:45:47","date_gmt":"2025-09-17T08:45:47","guid":{"rendered":"https:\/\/boreait.com\/hu\/?post_type=product&#038;p=3710"},"modified":"2025-09-17T10:46:09","modified_gmt":"2025-09-17T08:46:09","slug":"hp-elitebook-840-g3-g1-elolapi-kepernyo-kontur-730952-001","status":"publish","type":"product","link":"https:\/\/boreait.com\/hu\/termek\/hp-elitebook-840-g3-g1-elolapi-kepernyo-kontur-730952-001\/","title":{"rendered":"HP Elitebook 840 G3 G1 el\u0151lapi k\u00e9perny\u0151 kont\u00far 730952-001"},"content":{"rendered":"<p>Fokozza HP Elitebook 840 G3 vagy G1 laptopja eszt\u00e9tik\u00e1j\u00e1t \u00e9s funkcionalit\u00e1s\u00e1t a HP Elitebook 840 G3 G1 Bezel Screen Contour 730952-001 k\u00e9sz\u00fcl\u00e9kkel. Ezt az eredeti HP el\u0151lap-kont\u00fart \u00fagy tervezt\u00e9k, hogy karcs\u00fa \u00e9s csiszolt megjelen\u00e9st biztos\u00edtson laptopja kijelz\u0151j\u00e9nek.<\/p>\n<p>A HP, a sz\u00e1m\u00edt\u00e1stechnika egyik megb\u00edzhat\u00f3 vezet\u0151 gy\u00e1rt\u00f3ja, a HP Elitebook 840 G3 G1 Bezel Screen Contour 730952-001 k\u00e9sz\u00fcl\u00e9ket \u00fagy tervezt\u00e9k, hogy t\u00f6k\u00e9letesen illeszkedjen \u00e9s kieg\u00e9sz\u00edtse laptopja k\u00e9perny\u0151j\u00e9t. Ez a k\u00f6rvonalas el\u0151lap jav\u00edtja laptopja \u00e1ltal\u00e1nos megjelen\u00e9s\u00e9t, mik\u00f6zben tov\u00e1bbi v\u00e9delmet ny\u00fajt a kijelz\u0151 sz\u00e9leinek.<\/p>\n<p>Ak\u00e1r profi, aki \u00e9rt\u00e9keli a professzion\u00e1lis \u00e9s j\u00f3l karbantartott laptop megjelen\u00e9st, vagy olyan felhaszn\u00e1l\u00f3, aki \u00e9rt\u00e9keli a laptop k\u00e9perny\u0151j\u00e9nek fokozott v\u00e9delm\u00e9t, ez a HP-el\u0151lap-kont\u00far ide\u00e1lis v\u00e1laszt\u00e1s. Prec\u00edzi\u00f3s kialak\u00edt\u00e1sa z\u00f6kken\u0151mentes illeszked\u00e9st biztos\u00edt, a strapab\u00edr\u00f3 konstrukci\u00f3 pedig hossz\u00fa \u00e9lettartamot biztos\u00edt.<\/p>\n<p>A telep\u00edt\u00e9s egyszer\u0171, \u00e9s k\u00f6nnyed\u00e9n r\u00f6gz\u00edtheti a kont\u00farel\u0151lapot laptopja k\u00e9perny\u0151j\u00e9re, \u00edgy pillanatok alatt \u00e1talak\u00edtja annak megjelen\u00e9s\u00e9t. Ha ezt az eredeti HP-tartoz\u00e9kot v\u00e1lasztja, Elitebook 840 G3 vagy G1 k\u00e9sz\u00fcl\u00e9ke st\u00edlus\u00e1ba \u00e9s v\u00e9delm\u00e9be egyar\u00e1nt fektet.<\/p>\n<p>Emelje fel laptopja eszt\u00e9tik\u00e1j\u00e1t \u00e9s funkcionalit\u00e1s\u00e1t a HP Elitebook 840 G3 G1 Bezel Screen Contour 730952-001 k\u00e9sz\u00fcl\u00e9kkel. \u00c9lvezze az eleg\u00e1ns \u00e9s pol\u00edrozott laptop megjelen\u00e9st a kijelz\u0151 sz\u00e9leinek fokozott v\u00e9delm\u00e9vel. Tegyen st\u00edlust, mik\u00f6zben \u00f3vja laptopj\u00e1t.<\/p>\n<p>V\u00e1s\u00e1rl\u00e1s el\u0151tt ellen\u0151rizze, hogy kompatibilis-e az adott laptopmodellj\u00e9vel.<\/p>\n","protected":false},"excerpt":{"rendered":"<p>Fokozza HP Elitebook 840 G3 vagy G1 laptopja megjelen\u00e9s\u00e9t \u00e9s v\u00e9delm\u00e9t a HP Elitebook 840 G3 G1 Bezel Screen Contour 730952-001 seg\u00edts\u00e9g\u00e9vel. Emelje fel laptopja st\u00edlus\u00e1t, mik\u00f6zben \u00f3vja a kijelz\u0151 sz\u00e9leit.<\/p>\n","protected":false},"featured_media":3741,"template":"","meta":[],"product_brand":[],"product_cat":[16],"product_tag":[25],"class_list":{"0":"post-3710","1":"product","2":"type-product","3":"status-publish","4":"has-post-thumbnail","6":"product_cat-laptop-housing","7":"product_tag-hp","9":"first","10":"instock","11":"taxable","12":"shipping-taxable","13":"purchasable","14":"product-type-simple"},"_links":{"self":[{"href":"https:\/\/boreait.com\/hu\/wp-json\/wp\/v2\/product\/3710","targetHints":{"allow":["GET"]}}],"collection":[{"href":"https:\/\/boreait.com\/hu\/wp-json\/wp\/v2\/product"}],"about":[{"href":"https:\/\/boreait.com\/hu\/wp-json\/wp\/v2\/types\/product"}],"wp:featuredmedia":[{"embeddable":true,"href":"https:\/\/boreait.com\/hu\/wp-json\/wp\/v2\/media\/3741"}],"wp:attachment":[{"href":"https:\/\/boreait.com\/hu\/wp-json\/wp\/v2\/media?parent=3710"}],"wp:term":[{"taxonomy":"product_brand","embeddable":true,"href":"https:\/\/boreait.com\/hu\/wp-json\/wp\/v2\/product_brand?post=3710"},{"taxonomy":"product_cat","embeddable":true,"href":"https:\/\/boreait.com\/hu\/wp-json\/wp\/v2\/product_cat?post=3710"},{"taxonomy":"product_tag","embeddable":true,"href":"https:\/\/boreait.com\/hu\/wp-json\/wp\/v2\/product_tag?post=3710"}],"curies":[{"name":"wp","href":"https:\/\/api.w.org\/{rel}","templated":true}]}}