{"id":3709,"date":"2025-09-17T10:45:47","date_gmt":"2025-09-17T08:45:47","guid":{"rendered":"https:\/\/boreait.com\/hu\/?post_type=product&#038;p=3709"},"modified":"2025-09-17T10:46:05","modified_gmt":"2025-09-17T08:46:05","slug":"muanyag-feldolgozo-burkolat-kepernyo-hatso-hazfedel-asus-x553m-x553ma","status":"publish","type":"product","link":"https:\/\/boreait.com\/hu\/termek\/muanyag-feldolgozo-burkolat-kepernyo-hatso-hazfedel-asus-x553m-x553ma\/","title":{"rendered":"M\u0171anyag-feldolgoz\u00f3 burkolat k\u00e9perny\u0151 h\u00e1ts\u00f3 h\u00e1zfed\u00e9l ASUS X553M (X553MA)"},"content":{"rendered":"<p>Fokozza ASUS X553M (X553MA) laptopja eszt\u00e9tik\u00e1j\u00e1t \u00e9s v\u00e9delm\u00e9t a m\u0171anyag feldolgoz\u00f3 burkolat k\u00e9perny\u0151j\u00e9nek h\u00e1ts\u00f3 burkolat\u00e1val. \u00dagy tervezt\u00e9k, hogy z\u00f6kken\u0151mentesen illeszkedjen \u00e9s v\u00e9dje laptopja h\u00e1ts\u00f3 h\u00e1z\u00e1t, ez az eredeti ASUS bor\u00edt\u00e1s \u00f6tv\u00f6zi a st\u00edlust \u00e9s a funkcionalit\u00e1st.<\/p>\n<p>Az ASUS \u00e1ltal gy\u00e1rtott, megb\u00edzhat\u00f3 n\u00e9v a sz\u00e1m\u00edt\u00e1stechnik\u00e1ban, a m\u0171anyag feldolgoz\u00f3 motorh\u00e1ztet\u0151 k\u00e9perny\u0151 h\u00e1ts\u00f3 tokburkolata biztos\u00edtja a pontos illeszked\u00e9st, \u00e9s meg\u0151rzi laptopja kialak\u00edt\u00e1s\u00e1nak integrit\u00e1s\u00e1t. Megv\u00e9di a h\u00e1ts\u00f3 h\u00e1zat a karcol\u00e1sokt\u00f3l, kisebb \u00fct\u00e9sekt\u0151l \u00e9s a napi kop\u00e1st\u00f3l.<\/p>\n<p>A telep\u00edt\u00e9s probl\u00e9mamentes, k\u00f6sz\u00f6nhet\u0151en a szem\u00e9lyre szabott kialak\u00edt\u00e1snak, amely t\u00f6k\u00e9letesen illeszkedik a laptop eredeti alkatr\u00e9szeihez. Az eredeti ASUS alkatr\u00e9szek kiv\u00e1laszt\u00e1s\u00e1val laptopja v\u00e9delm\u00e9nek \u00e9s megjelen\u00e9s\u00e9nek min\u0151s\u00e9g\u00e9be \u00e9s megb\u00edzhat\u00f3s\u00e1g\u00e1ba fektet be.<\/p>\n<p>Friss\u00edtse kin\u00e9zet\u00e9t, \u00e9s \u00f3vja ASUS X553M (X553MA) laptopj\u00e1t a m\u0171anyag feldolgoz\u00f3 burkolat k\u00e9perny\u0151j\u00e9nek h\u00e1ts\u00f3 bor\u00edt\u00f3j\u00e1val. \u00c9lvezze a tov\u00e1bbfejlesztett v\u00e9delmet, a felfriss\u00fclt megjelen\u00e9st \u00e9s a nyugalmat, tudva, hogy laptopja v\u00e9dve van az esetleges s\u00e9r\u00fcl\u00e9sekt\u0151l.<\/p>\n<p>V\u00e1s\u00e1rl\u00e1s el\u0151tt ellen\u0151rizze, hogy kompatibilis-e az adott laptopmodellj\u00e9vel.<\/p>\n","protected":false},"excerpt":{"rendered":"<p>Fokozza ASUS X553M (X553MA) laptopja v\u00e9delm\u00e9t \u00e9s megjelen\u00e9s\u00e9t a m\u0171anyag feldolgoz\u00f3 burkolat k\u00e9perny\u0151j\u00e9nek h\u00e1ts\u00f3 burkolat\u00e1val. \u00c9lvezze a jobb tart\u00f3ss\u00e1got \u00e9s eszt\u00e9tik\u00e1t.<\/p>\n","protected":false},"featured_media":3740,"template":"","meta":[],"product_brand":[],"product_cat":[16],"product_tag":[30],"class_list":{"0":"post-3709","1":"product","2":"type-product","3":"status-publish","4":"has-post-thumbnail","6":"product_cat-laptop-housing","7":"product_tag-asus","9":"first","10":"instock","11":"taxable","12":"shipping-taxable","13":"purchasable","14":"product-type-simple"},"_links":{"self":[{"href":"https:\/\/boreait.com\/hu\/wp-json\/wp\/v2\/product\/3709","targetHints":{"allow":["GET"]}}],"collection":[{"href":"https:\/\/boreait.com\/hu\/wp-json\/wp\/v2\/product"}],"about":[{"href":"https:\/\/boreait.com\/hu\/wp-json\/wp\/v2\/types\/product"}],"wp:featuredmedia":[{"embeddable":true,"href":"https:\/\/boreait.com\/hu\/wp-json\/wp\/v2\/media\/3740"}],"wp:attachment":[{"href":"https:\/\/boreait.com\/hu\/wp-json\/wp\/v2\/media?parent=3709"}],"wp:term":[{"taxonomy":"product_brand","embeddable":true,"href":"https:\/\/boreait.com\/hu\/wp-json\/wp\/v2\/product_brand?post=3709"},{"taxonomy":"product_cat","embeddable":true,"href":"https:\/\/boreait.com\/hu\/wp-json\/wp\/v2\/product_cat?post=3709"},{"taxonomy":"product_tag","embeddable":true,"href":"https:\/\/boreait.com\/hu\/wp-json\/wp\/v2\/product_tag?post=3709"}],"curies":[{"name":"wp","href":"https:\/\/api.w.org\/{rel}","templated":true}]}}