{"id":3707,"date":"2025-09-17T10:45:47","date_gmt":"2025-09-17T08:45:47","guid":{"rendered":"https:\/\/boreait.com\/hu\/?post_type=product&#038;p=3707"},"modified":"2025-09-17T10:46:02","modified_gmt":"2025-09-17T08:46:02","slug":"hp-elitebook-840-g1-kijelzokeret-elolap-730952-001","status":"publish","type":"product","link":"https:\/\/boreait.com\/hu\/termek\/hp-elitebook-840-g1-kijelzokeret-elolap-730952-001\/","title":{"rendered":"HP EliteBook 840 G1 kijelz\u0151keret el\u0151lap 730952-001"},"content":{"rendered":"<p>N\u00f6velje HP EliteBook 840 G1 laptopja megjelen\u00e9s\u00e9t \u00e9s funkcionalit\u00e1s\u00e1t a HP EliteBook 840 G1 kijelz\u0151keret 730952-001 el\u0151lappal. \u00dagy tervezt\u00e9k, hogy pol\u00edrozott \u00e9s v\u00e9d\u0151 fel\u00fcletet biztos\u00edtson laptopja kijelz\u0151j\u00e9nek, ez az eredeti keretes el\u0151lap z\u00f6kken\u0151mentes integr\u00e1ci\u00f3t \u00e9s nagyobb tart\u00f3ss\u00e1got biztos\u00edt a jobb sz\u00e1m\u00edt\u00e1stechnikai \u00e9lm\u00e9ny \u00e9rdek\u00e9ben.<\/p>\n<p>A HP, a sz\u00e1m\u00edt\u00e1stechnika megb\u00edzhat\u00f3 vezet\u0151 gy\u00e1rt\u00f3ja \u00e1ltal gy\u00e1rtott HP EliteBook 840 G1 kijelz\u0151keret el\u0151lap 730952-001 \u00fagy lett kialak\u00edtva, hogy t\u00f6k\u00e9letesen illeszkedjen laptopja kijelz\u0151j\u00e9hez. Nemcsak jav\u00edtja laptopja eszt\u00e9tik\u00e1j\u00e1t, hanem v\u00e9delmet is ny\u00fajt az \u00e9rz\u00e9keny LCD-k\u00e9perny\u0151nek, meg\u00f3vva a port\u00f3l \u00e9s a kisebb \u00fct\u00e9sekt\u0151l.<\/p>\n<p>Ak\u00e1r professzion\u00e1lis, aki karcs\u00fa \u00e9s professzion\u00e1lis megjelen\u00e9sre t\u00f6rekszik, vagy olyan felhaszn\u00e1l\u00f3, aki szeretn\u00e9 felfriss\u00edteni laptopja megjelen\u00e9s\u00e9t, ez a keretes el\u0151lap a t\u00f6k\u00e9letes megold\u00e1s. Kieg\u00e9sz\u00edti EliteBook 840 G1 \u00e1ltal\u00e1nos diz\u00e1jnj\u00e1t, \u00e9s olyan j\u00f3l n\u00e9z ki, mint az \u00faj.<\/p>\n<p>A telep\u00edt\u00e9s egyszer\u0171 a prec\u00edz kialak\u00edt\u00e1snak k\u00f6sz\u00f6nhet\u0151en, amely illeszkedik a laptop eredeti alkatr\u00e9szeihez. Az eredeti HP alkatr\u00e9szek kiv\u00e1laszt\u00e1s\u00e1val laptopja megjelen\u00e9s\u00e9nek \u00e9s v\u00e9delm\u00e9nek min\u0151s\u00e9g\u00e9be \u00e9s megb\u00edzhat\u00f3s\u00e1g\u00e1ba fektet be.<\/p>\n<p>Emelje fel HP EliteBook 840 G1 megjelen\u00e9s\u00e9t \u00e9s funkcionalit\u00e1s\u00e1t a HP EliteBook 840 G1 kijelz\u0151keret 730952-001 el\u0151lapj\u00e1val. \u00c9lvezze a felfriss\u00edtett \u00e9s csiszolt laptop megjelen\u00e9st, mik\u00f6zben \u00f3vja \u00e9rt\u00e9kes kijelz\u0151j\u00e9t. B\u0151v\u00edtse sz\u00e1m\u00edt\u00e1stechnikai \u00e9lm\u00e9ny\u00e9t ezzel a megb\u00edzhat\u00f3 \u00e9s st\u00edlusos keretes el\u0151lappal.<\/p>\n<p>V\u00e1s\u00e1rl\u00e1s el\u0151tt ellen\u0151rizze, hogy kompatibilis-e az adott laptopmodellj\u00e9vel.<\/p>\n","protected":false},"excerpt":{"rendered":"<p>N\u00f6velje HP EliteBook 840 G1 laptopja megjelen\u00e9s\u00e9t \u00e9s v\u00e9delm\u00e9t a HP EliteBook 840 G1 kijelz\u0151keret 730952-001 el\u0151lappal. \u00c9lvezze a laptop felfriss\u00fclt \u00e9s csiszolt megjelen\u00e9s\u00e9t.<\/p>\n","protected":false},"featured_media":3736,"template":"","meta":[],"product_brand":[],"product_cat":[16],"product_tag":[25],"class_list":{"0":"post-3707","1":"product","2":"type-product","3":"status-publish","4":"has-post-thumbnail","6":"product_cat-laptop-housing","7":"product_tag-hp","9":"first","10":"instock","11":"taxable","12":"shipping-taxable","13":"purchasable","14":"product-type-simple"},"_links":{"self":[{"href":"https:\/\/boreait.com\/hu\/wp-json\/wp\/v2\/product\/3707","targetHints":{"allow":["GET"]}}],"collection":[{"href":"https:\/\/boreait.com\/hu\/wp-json\/wp\/v2\/product"}],"about":[{"href":"https:\/\/boreait.com\/hu\/wp-json\/wp\/v2\/types\/product"}],"wp:featuredmedia":[{"embeddable":true,"href":"https:\/\/boreait.com\/hu\/wp-json\/wp\/v2\/media\/3736"}],"wp:attachment":[{"href":"https:\/\/boreait.com\/hu\/wp-json\/wp\/v2\/media?parent=3707"}],"wp:term":[{"taxonomy":"product_brand","embeddable":true,"href":"https:\/\/boreait.com\/hu\/wp-json\/wp\/v2\/product_brand?post=3707"},{"taxonomy":"product_cat","embeddable":true,"href":"https:\/\/boreait.com\/hu\/wp-json\/wp\/v2\/product_cat?post=3707"},{"taxonomy":"product_tag","embeddable":true,"href":"https:\/\/boreait.com\/hu\/wp-json\/wp\/v2\/product_tag?post=3707"}],"curies":[{"name":"wp","href":"https:\/\/api.w.org\/{rel}","templated":true}]}}