{"id":3706,"date":"2025-09-17T10:45:47","date_gmt":"2025-09-17T08:45:47","guid":{"rendered":"https:\/\/boreait.com\/hu\/?post_type=product&#038;p=3706"},"modified":"2025-09-17T10:46:00","modified_gmt":"2025-09-17T08:46:00","slug":"dell-latitude-e5450-0cyj3r-cyj3r-keret-haz-haz-lcd-kepernyo","status":"publish","type":"product","link":"https:\/\/boreait.com\/hu\/termek\/dell-latitude-e5450-0cyj3r-cyj3r-keret-haz-haz-lcd-kepernyo\/","title":{"rendered":"Dell Latitude E5450 0CYJ3R CYJ3R keret h\u00e1z h\u00e1z LCD k\u00e9perny\u0151"},"content":{"rendered":"<p>Jav\u00edtsa ki Dell Latitude E5450 laptopja kijelz\u0151j\u00e9t a 0CYJ3R CYJ3R keretes h\u00e1zas LCD-k\u00e9perny\u0151vel. \u00dagy tervezt\u00e9k, hogy szerkezeti t\u00e1mogat\u00e1st \u00e9s v\u00e9delmet ny\u00fajtson laptopja LCD-k\u00e9perny\u0151j\u00e9nek, ez az eredeti keretes h\u00e1z biztons\u00e1gos \u00e9s z\u00f6kken\u0151mentes kijelz\u0151cser\u00e9t biztos\u00edt.<\/p>\n<p>A Dell, a laptoptechnol\u00f3gia megb\u00edzhat\u00f3 vezet\u0151 gy\u00e1rt\u00f3ja \u00e1ltal gy\u00e1rtott 0CYJ3R CYJ3R Frame Housing Chassis \u00fagy lett kialak\u00edtva, hogy t\u00f6k\u00e9letesen illeszkedjen Latitude E5450 laptopja k\u00e9perny\u0151j\u00e9hez. Alapvet\u0151 t\u00e1mogat\u00e1st ny\u00fajt, biztos\u00edtva, hogy az LCD-k\u00e9perny\u0151 biztons\u00e1gosan a hely\u00e9n maradjon, mik\u00f6zben minim\u00e1lisra cs\u00f6kkenti a s\u00e9r\u00fcl\u00e9s kock\u00e1zat\u00e1t.<\/p>\n<p>Ak\u00e1r s\u00e9r\u00fclt kereth\u00e1zat cser\u00e9l, ak\u00e1r laptopja kijelz\u0151j\u00e9t friss\u00edti, ez az eredeti Dell alkatr\u00e9sz biztos\u00edtja a laptopj\u00e1nak sz\u00fcks\u00e9ges szerkezeti integrit\u00e1s\u00e1t \u00e9s tart\u00f3ss\u00e1g\u00e1t.<\/p>\n<p>Friss\u00edtse \u00e9s v\u00e9dje Dell Latitude E5450 laptopja kijelz\u0151j\u00e9t a 0CYJ3R CYJ3R keretes h\u00e1zas LCD-k\u00e9perny\u0151vel. \u00c9lvezze LCD k\u00e9perny\u0151j\u00e9nek biztons\u00e1gos \u00e9s megb\u00edzhat\u00f3 h\u00e1z\u00e1t, amely biztos\u00edtja, hogy laptopja kijelz\u0151je optim\u00e1lis \u00e1llapotban maradjon.<\/p>\n<p>V\u00e1s\u00e1rl\u00e1s el\u0151tt ellen\u0151rizze, hogy kompatibilis-e az adott laptopmodellj\u00e9vel.<\/p>\n","protected":false},"excerpt":{"rendered":"<p>Jav\u00edtsa \u00e9s v\u00e9dje Dell Latitude E5450 laptopja kijelz\u0151j\u00e9t a 0CYJ3R CYJ3R keretes h\u00e1zas LCD k\u00e9perny\u0151vel. Gondoskodjon a kijelz\u0151 biztons\u00e1gos \u00e9s z\u00f6kken\u0151mentes cser\u00e9j\u00e9r\u0151l.<\/p>\n","protected":false},"featured_media":3734,"template":"","meta":[],"product_brand":[],"product_cat":[16],"product_tag":[17],"class_list":{"0":"post-3706","1":"product","2":"type-product","3":"status-publish","4":"has-post-thumbnail","6":"product_cat-laptop-housing","7":"product_tag-dell","9":"first","10":"instock","11":"taxable","12":"shipping-taxable","13":"purchasable","14":"product-type-simple"},"_links":{"self":[{"href":"https:\/\/boreait.com\/hu\/wp-json\/wp\/v2\/product\/3706","targetHints":{"allow":["GET"]}}],"collection":[{"href":"https:\/\/boreait.com\/hu\/wp-json\/wp\/v2\/product"}],"about":[{"href":"https:\/\/boreait.com\/hu\/wp-json\/wp\/v2\/types\/product"}],"wp:featuredmedia":[{"embeddable":true,"href":"https:\/\/boreait.com\/hu\/wp-json\/wp\/v2\/media\/3734"}],"wp:attachment":[{"href":"https:\/\/boreait.com\/hu\/wp-json\/wp\/v2\/media?parent=3706"}],"wp:term":[{"taxonomy":"product_brand","embeddable":true,"href":"https:\/\/boreait.com\/hu\/wp-json\/wp\/v2\/product_brand?post=3706"},{"taxonomy":"product_cat","embeddable":true,"href":"https:\/\/boreait.com\/hu\/wp-json\/wp\/v2\/product_cat?post=3706"},{"taxonomy":"product_tag","embeddable":true,"href":"https:\/\/boreait.com\/hu\/wp-json\/wp\/v2\/product_tag?post=3706"}],"curies":[{"name":"wp","href":"https:\/\/api.w.org\/{rel}","templated":true}]}}