{"id":3705,"date":"2025-09-17T10:45:47","date_gmt":"2025-09-17T08:45:47","guid":{"rendered":"https:\/\/boreait.com\/hu\/?post_type=product&#038;p=3705"},"modified":"2025-09-17T10:45:58","modified_gmt":"2025-09-17T08:45:58","slug":"hp-elitebook-820-g2-g1-kijelzokeret-elolap-730544-001","status":"publish","type":"product","link":"https:\/\/boreait.com\/hu\/termek\/hp-elitebook-820-g2-g1-kijelzokeret-elolap-730544-001\/","title":{"rendered":"HP EliteBook 820 G2 G1 kijelz\u0151keret el\u0151lap 730544-001"},"content":{"rendered":"<p>N\u00f6velje HP EliteBook 820 G2 vagy G1 laptopja megjelen\u00e9s\u00e9t \u00e9s v\u00e9delm\u00e9t a HP EliteBook 820 G2 G1 730544-001 kijelz\u0151kerettel. A laptop eszt\u00e9tik\u00e1j\u00e1nak jav\u00edt\u00e1s\u00e1ra \u00e9s a kijelz\u0151 v\u00e9delm\u00e9re tervezett eredeti HP keret z\u00f6kken\u0151mentes \u00e9s tart\u00f3s megold\u00e1st biztos\u00edt laptopja k\u00e9perny\u0151j\u00e9hez.<\/p>\n<p>A HP, a sz\u00e1m\u00edt\u00e1stechnika megb\u00edzhat\u00f3 vezet\u0151 gy\u00e1rt\u00f3ja \u00e1ltal gy\u00e1rtott 730544-001 kijelz\u0151keret el\u0151lapot \u00fagy tervezt\u00e9k, hogy pontosan illeszkedjen EliteBook 820 G2 vagy G1 laptopmodellj\u00e9hez. Jav\u00edtja laptopja \u00e1ltal\u00e1nos megjelen\u00e9s\u00e9t, mik\u00f6zben v\u00e9d\u0151keretk\u00e9nt is szolg\u00e1l a kijelz\u0151panel sz\u00e1m\u00e1ra.<\/p>\n<p>Ak\u00e1r egy profi, aki karcs\u00fa \u00e9s professzion\u00e1lis megjelen\u00e9st keres laptopj\u00e1hoz, ak\u00e1r egy s\u00e9r\u00fclt el\u0151lapot cser\u00e9lni k\u00edv\u00e1n\u00f3 felhaszn\u00e1l\u00f3, ez az eredeti HP alkatr\u00e9sz a sz\u00fcks\u00e9ges min\u0151s\u00e9get \u00e9s megb\u00edzhat\u00f3s\u00e1got k\u00edn\u00e1lja. Alapvet\u0151 elem a laptop k\u00e9perny\u0151je szerkezeti integrit\u00e1s\u00e1nak meg\u0151rz\u00e9s\u00e9hez.<\/p>\n<p>A telep\u00edt\u00e9s egyszer\u0171 az OEM-kialak\u00edt\u00e1snak k\u00f6sz\u00f6nhet\u0151en, amely t\u00f6k\u00e9letesen illeszkedik a laptop eredeti alkatr\u00e9szeihez. Az eredeti HP alkatr\u00e9szek kiv\u00e1laszt\u00e1s\u00e1val laptopja min\u0151s\u00e9g\u00e9be, megjelen\u00e9s\u00e9be \u00e9s v\u00e9delm\u00e9be fektet be.<\/p>\n<p>Fokozza HP EliteBook 820 G2 vagy G1 laptopja megjelen\u00e9s\u00e9t \u00e9s v\u00e9delm\u00e9t a HP EliteBook 820 G2 G1 kijelz\u0151keret 730544-001 el\u0151lappal. \u00c9lvezze az eleg\u00e1ns \u00e9s professzion\u00e1lis megjelen\u00e9st, mik\u00f6zben \u00f3vja laptopja kijelz\u0151j\u00e9t. Emelje fel EliteBookja \u00e1ltal\u00e1nos eszt\u00e9tik\u00e1j\u00e1t \u00e9s v\u00e9delm\u00e9t ezzel a megb\u00edzhat\u00f3 \u00e9s eredeti kerettel.<\/p>\n<p>V\u00e1s\u00e1rl\u00e1s el\u0151tt ellen\u0151rizze, hogy kompatibilis-e az adott laptopmodellj\u00e9vel.<\/p>\n","protected":false},"excerpt":{"rendered":"<p>Fokozza HP EliteBook 820 G2 vagy G1 laptopja megjelen\u00e9s\u00e9t \u00e9s v\u00e9delm\u00e9t a HP EliteBook 820 G2 G1 kijelz\u0151keret 730544-001 el\u0151lappal. \u00c9lvezze az eleg\u00e1ns \u00e9s professzion\u00e1lis megjelen\u00e9st, mik\u00f6zben \u00f3vja laptopja kijelz\u0151j\u00e9t.<\/p>\n","protected":false},"featured_media":3732,"template":"","meta":[],"product_brand":[],"product_cat":[16],"product_tag":[25],"class_list":{"0":"post-3705","1":"product","2":"type-product","3":"status-publish","4":"has-post-thumbnail","6":"product_cat-laptop-housing","7":"product_tag-hp","9":"first","10":"instock","11":"taxable","12":"shipping-taxable","13":"purchasable","14":"product-type-simple"},"_links":{"self":[{"href":"https:\/\/boreait.com\/hu\/wp-json\/wp\/v2\/product\/3705","targetHints":{"allow":["GET"]}}],"collection":[{"href":"https:\/\/boreait.com\/hu\/wp-json\/wp\/v2\/product"}],"about":[{"href":"https:\/\/boreait.com\/hu\/wp-json\/wp\/v2\/types\/product"}],"wp:featuredmedia":[{"embeddable":true,"href":"https:\/\/boreait.com\/hu\/wp-json\/wp\/v2\/media\/3732"}],"wp:attachment":[{"href":"https:\/\/boreait.com\/hu\/wp-json\/wp\/v2\/media?parent=3705"}],"wp:term":[{"taxonomy":"product_brand","embeddable":true,"href":"https:\/\/boreait.com\/hu\/wp-json\/wp\/v2\/product_brand?post=3705"},{"taxonomy":"product_cat","embeddable":true,"href":"https:\/\/boreait.com\/hu\/wp-json\/wp\/v2\/product_cat?post=3705"},{"taxonomy":"product_tag","embeddable":true,"href":"https:\/\/boreait.com\/hu\/wp-json\/wp\/v2\/product_tag?post=3705"}],"curies":[{"name":"wp","href":"https:\/\/api.w.org\/{rel}","templated":true}]}}