{"id":3704,"date":"2025-09-17T10:45:47","date_gmt":"2025-09-17T08:45:47","guid":{"rendered":"https:\/\/boreait.com\/hu\/?post_type=product&#038;p=3704"},"modified":"2025-09-17T10:45:56","modified_gmt":"2025-09-17T08:45:56","slug":"lenovo-lcd-kijelzo-bezel-t430-csere-0c51632","status":"publish","type":"product","link":"https:\/\/boreait.com\/hu\/termek\/lenovo-lcd-kijelzo-bezel-t430-csere-0c51632\/","title":{"rendered":"LENOVO LCD KIJELZ\u0150 BEZEL T430 csere 0C51632"},"content":{"rendered":"<p>Fokozza Lenovo T430 laptopja vizu\u00e1lis eszt\u00e9tik\u00e1j\u00e1t \u00e9s tart\u00f3ss\u00e1g\u00e1t a 0C51632 cseresz\u00e1m\u00fa LENOVO LCD KIJELZ\u0150 BEZEL T430 seg\u00edts\u00e9g\u00e9vel. Ez az eredeti Lenovo cserealkatr\u00e9sz, amelyet a megl\u00e9v\u0151 kijelz\u0151el\u0151lap cser\u00e9j\u00e9re terveztek, z\u00f6kken\u0151mentes illeszked\u00e9st, jobb v\u00e9delmet biztos\u00edt k\u00e9perny\u0151j\u00e9nek, \u00e9s friss\u00edtett megjelen\u00e9st biztos\u00edt laptopja sz\u00e1m\u00e1ra.<\/p>\n<p>A Lenovo \u2013 a laptoptechnol\u00f3gia megb\u00edzhat\u00f3 neve \u2013 \u00e1ltal gy\u00e1rtott 0C51632 kijelz\u0151el\u0151lap-csere az eredeti el\u0151lap kialak\u00edt\u00e1s\u00e1hoz \u00e9s min\u0151s\u00e9g\u00e9hez igazodik. Pontos illeszked\u00e9st k\u00edn\u00e1l, t\u00f6k\u00e9letesen illeszkedik a laptop kijelz\u0151j\u00e9hez, hogy meg\u0151rizze szerkezeti integrit\u00e1s\u00e1t, \u00e9s megv\u00e9dje a port\u00f3l \u00e9s a kisebb \u00fct\u00e9sekt\u0151l.<\/p>\n<p>Ak\u00e1r professzion\u00e1lis, aki szeretn\u00e9 meg\u0151rizni laptopja megjelen\u00e9s\u00e9t, vagy egyszer\u0171en csak szeretn\u00e9 felfriss\u00edteni T430-a megjelen\u00e9s\u00e9t, ez a csereel\u0151lap az ide\u00e1lis v\u00e1laszt\u00e1s. Strapab\u00edr\u00f3 konstrukci\u00f3ja biztos\u00edtja, hogy kib\u00edrja a napi haszn\u00e1lat ig\u00e9nybev\u00e9tel\u00e9t, mik\u00f6zben csiszolt \u00e9s kidolgozott megjelen\u00e9st biztos\u00edt.<\/p>\n<p>A telep\u00edt\u00e9s egyszer\u0171, a kialak\u00edt\u00e1s illeszkedik a laptop eredeti alkatr\u00e9szeihez. Az eredeti Lenovo alkatr\u00e9szek kiv\u00e1laszt\u00e1s\u00e1val a laptop kijelz\u0151v\u00e9delm\u00e9nek min\u0151s\u00e9g\u00e9be, illeszked\u00e9s\u00e9be \u00e9s tart\u00f3ss\u00e1g\u00e1ba fektet be.<\/p>\n<p>\u00c9lesztheti \u00e9s v\u00e9dheti Lenovo T430 laptopja kijelz\u0151j\u00e9t a 0C51632 cseresz\u00e1m\u00fa LENOVO LCD KIJELZ\u0150 BEZEL T430 seg\u00edts\u00e9g\u00e9vel. \u00c9lvezze a felfriss\u00edtett megjelen\u00e9st, a jobb kijelz\u0151v\u00e9delmet \u00e9s a laptopot, amely \u00fajszer\u0171 megjelen\u00e9s\u0171.<\/p>\n<p>V\u00e1s\u00e1rl\u00e1s el\u0151tt ellen\u0151rizze, hogy kompatibilis-e az adott laptopmodellj\u00e9vel.<\/p>\n","protected":false},"excerpt":{"rendered":"<p>Fokozza Lenovo T430 laptopja megjelen\u00e9s\u00e9t \u00e9s tart\u00f3ss\u00e1g\u00e1t a 0C51632 cseresz\u00e1m\u00fa LENOVO LCD KIJELZ\u0150 BEZEL T430 seg\u00edts\u00e9g\u00e9vel. \u00c9lvezze a friss\u00edtett megjelen\u00e9st \u00e9s a jobb k\u00e9perny\u0151v\u00e9delmet.<\/p>\n","protected":false},"featured_media":3729,"template":"","meta":[],"product_brand":[],"product_cat":[16],"product_tag":[26],"class_list":{"0":"post-3704","1":"product","2":"type-product","3":"status-publish","4":"has-post-thumbnail","6":"product_cat-laptop-housing","7":"product_tag-lenovo","9":"first","10":"instock","11":"taxable","12":"shipping-taxable","13":"purchasable","14":"product-type-simple"},"_links":{"self":[{"href":"https:\/\/boreait.com\/hu\/wp-json\/wp\/v2\/product\/3704","targetHints":{"allow":["GET"]}}],"collection":[{"href":"https:\/\/boreait.com\/hu\/wp-json\/wp\/v2\/product"}],"about":[{"href":"https:\/\/boreait.com\/hu\/wp-json\/wp\/v2\/types\/product"}],"wp:featuredmedia":[{"embeddable":true,"href":"https:\/\/boreait.com\/hu\/wp-json\/wp\/v2\/media\/3729"}],"wp:attachment":[{"href":"https:\/\/boreait.com\/hu\/wp-json\/wp\/v2\/media?parent=3704"}],"wp:term":[{"taxonomy":"product_brand","embeddable":true,"href":"https:\/\/boreait.com\/hu\/wp-json\/wp\/v2\/product_brand?post=3704"},{"taxonomy":"product_cat","embeddable":true,"href":"https:\/\/boreait.com\/hu\/wp-json\/wp\/v2\/product_cat?post=3704"},{"taxonomy":"product_tag","embeddable":true,"href":"https:\/\/boreait.com\/hu\/wp-json\/wp\/v2\/product_tag?post=3704"}],"curies":[{"name":"wp","href":"https:\/\/api.w.org\/{rel}","templated":true}]}}