{"id":370,"date":"2025-09-17T09:25:44","date_gmt":"2025-09-17T07:25:44","guid":{"rendered":"https:\/\/boreait.com\/hu\/?post_type=product&#038;p=370"},"modified":"2026-01-14T08:29:58","modified_gmt":"2026-01-14T07:29:58","slug":"fujitsu-lifebook-s762-cpu-huto-hutoborda-z20801","status":"publish","type":"product","link":"https:\/\/boreait.com\/hu\/termek\/fujitsu-lifebook-s762-cpu-huto-hutoborda-z20801\/","title":{"rendered":"Fujitsu LifeBook S762 CPU h\u0171t\u0151 h\u0171t\u0151borda Z20801"},"content":{"rendered":"<div class=\"flex-1 overflow-hidden\">\n<div class=\"react-scroll-to-bottom--css-kpoah-79elbk h-full dark:bg-gray-800\">\n<div class=\"react-scroll-to-bottom--css-kpoah-1n7m0yu\">\n<div class=\"flex flex-col text-sm dark:bg-gray-800\">\n<div class=\"group w-full text-gray-800 dark:text-gray-100 border-b border-black\/10 dark:border-gray-900\/50 bg-gray-50 dark:bg-[#444654]\">\n<div class=\"flex p-4 gap-4 text-base md:gap-6 md:max-w-2xl lg:max-w-[38rem] xl:max-w-3xl md:py-6 lg:px-0 m-auto\">\n<div class=\"relat\u00edv flex w-[calc(100%-50px)] flex-col gap-1 md:gap-3 lg:w-[calc(100%-115px)]\">\n<div class=\"flex flex-grow flex-col gap-3\">\n<div class=\"min-h-[20px] flex flex-col items-start gap-4 whitespace-pre-wrap break-words\">\n<div class=\"markdown prose w-full break-words dark:prose-invert light\">\n<p>A CPU h\u0171t\u0151bord\u00e1ja a sz\u00e1m\u00edt\u00f3g\u00e9pes rendszer alapvet\u0151 eleme, amely seg\u00edt a k\u00f6zponti egys\u00e9g (CPU) \u00e1ltal termelt h\u0151 elvezet\u00e9s\u00e9ben. Jellemz\u0151en egy f\u00e9m eszk\u00f6z, amelyet arra terveztek, hogy h\u0151t adjon le a CPU-r\u00f3l a k\u00f6rnyez\u0151 leveg\u0151be.<\/p>\n<p>A h\u0171t\u0151borda \u00e1ltal\u00e1ban nagy h\u0151vezet\u0151 k\u00e9pess\u00e9g\u0171 anyagokb\u00f3l k\u00e9sz\u00fcl, p\u00e9ld\u00e1ul alum\u00edniumb\u00f3l vagy r\u00e9zb\u0151l, ami el\u0151seg\u00edti a hat\u00e9kony h\u0151\u00e1tad\u00e1st. Egy sor bord\u00e1b\u00f3l vagy bord\u00e1b\u00f3l \u00e1ll, amelyek n\u00f6velik a fel\u00fcletet a jobb h\u0151elvezet\u00e9s \u00e9rdek\u00e9ben. A h\u0171t\u0151borda k\u00f6zvetlen\u00fcl a CPU tetej\u00e9re van felszerelve, \u00e9s gyakran egy CPU-ventil\u00e1tornak nevezett ventil\u00e1tor is j\u00e1r hozz\u00e1 a h\u0171t\u00e9si teljes\u00edtm\u00e9ny fokoz\u00e1sa \u00e9rdek\u00e9ben.<\/p>\n<p>A CPU ventil\u00e1tora leveg\u0151t f\u00faj a h\u0171t\u0151bord\u00e1n kereszt\u00fcl, ami el\u0151seg\u00edti a h\u0171t\u0151borda \u00e1ltal elnyelt h\u0151 elvezet\u00e9s\u00e9t. A h\u0171t\u0151borda \u00e9s a ventil\u00e1tor ezen kombin\u00e1ci\u00f3j\u00e1t \u00e1ltal\u00e1ban CPU-h\u0171t\u0151nek nevezik. Egyes CPU-h\u0171t\u0151k h\u0151vezet\u0151 cs\u00f6veket is tartalmazhatnak, amelyek h\u0151vezet\u0151 folyad\u00e9kkal t\u00f6lt\u00f6tt \u00fcreges cs\u00f6vek a h\u0151\u00e1tad\u00e1s hat\u00e9konys\u00e1g\u00e1nak n\u00f6vel\u00e9se \u00e9rdek\u00e9ben.<\/p>\n<p>K\u00fcl\u00f6nb\u00f6z\u0151 sz\u00e1m\u00edt\u00f3g\u00e9pes rendszerek ig\u00e9nyelhetnek speci\u00e1lis CPU-h\u0171t\u0151ket olyan t\u00e9nyez\u0151k alapj\u00e1n, mint a CPU foglalat t\u00edpusa, az energiafogyaszt\u00e1s \u00e9s a CPU termikus tervez\u00e9si teljes\u00edtm\u00e9nye (TDP). Fontos, hogy olyan CPU-h\u0171t\u0151t v\u00e1lasszunk, amely kompatibilis az adott CPU-val \u00e9s alaplappal.<\/p>\n<p>A CPU-h\u0171t\u0151borda cser\u00e9jekor vagy b\u0151v\u00edt\u00e9sekor alapvet\u0151 fontoss\u00e1g\u00fa, hogy biztos\u00edtsa a kompatibilit\u00e1st az alaplap CPU-foglalat\u00e1nak t\u00edpus\u00e1val \u00e9s fizikai m\u00e9reteivel. Ezenk\u00edv\u00fcl az olyan t\u00e9nyez\u0151k figyelembev\u00e9tele, mint a zajszint, a h\u0171t\u00e9si teljes\u00edtm\u00e9ny \u00e9s a sz\u00e1m\u00edt\u00f3g\u00e9ph\u00e1zon bel\u00fcl rendelkez\u00e9sre \u00e1ll\u00f3 hely, seg\u00edthet kiv\u00e1lasztani a megfelel\u0151 CPU-h\u0171t\u00e9si megold\u00e1st.<\/p>\n<p>A sz\u00e1m\u00edt\u00f3g\u00e9pes rendszer megfelel\u0151 m\u0171k\u00f6d\u00e9s\u00e9nek \u00e9s optim\u00e1lis h\u0171t\u00e9si teljes\u00edtm\u00e9ny\u00e9nek biztos\u00edt\u00e1sa \u00e9rdek\u00e9ben javasoljuk, hogy vegye figyelembe a gy\u00e1rt\u00f3 specifik\u00e1ci\u00f3it \u00e9s \u00fatmutat\u00e1sait, vagy konzult\u00e1ljon m\u0171szaki szak\u00e9rt\u0151kkel a CPU h\u0171t\u0151bord\u00e1j\u00e1nak kiv\u00e1laszt\u00e1sakor vagy telep\u00edt\u00e9sekor.<\/p>\n<\/div>\n<\/div>\n<\/div>\n<\/div>\n<\/div>\n<\/div>\n<\/div>\n<p>&nbsp;<\/p>\n<\/div>\n<\/div>\n<\/div>\n","protected":false},"excerpt":{"rendered":"<p>#VALUE!<\/p>\n","protected":false},"featured_media":440,"template":"","meta":[],"product_brand":[],"product_cat":[33],"product_tag":[28],"class_list":{"0":"post-370","1":"product","2":"type-product","3":"status-publish","4":"has-post-thumbnail","6":"product_cat-cpu-fans-heatsinks","7":"product_tag-fujitsu","9":"first","10":"instock","11":"taxable","12":"shipping-taxable","13":"purchasable","14":"product-type-simple"},"_links":{"self":[{"href":"https:\/\/boreait.com\/hu\/wp-json\/wp\/v2\/product\/370","targetHints":{"allow":["GET"]}}],"collection":[{"href":"https:\/\/boreait.com\/hu\/wp-json\/wp\/v2\/product"}],"about":[{"href":"https:\/\/boreait.com\/hu\/wp-json\/wp\/v2\/types\/product"}],"wp:featuredmedia":[{"embeddable":true,"href":"https:\/\/boreait.com\/hu\/wp-json\/wp\/v2\/media\/440"}],"wp:attachment":[{"href":"https:\/\/boreait.com\/hu\/wp-json\/wp\/v2\/media?parent=370"}],"wp:term":[{"taxonomy":"product_brand","embeddable":true,"href":"https:\/\/boreait.com\/hu\/wp-json\/wp\/v2\/product_brand?post=370"},{"taxonomy":"product_cat","embeddable":true,"href":"https:\/\/boreait.com\/hu\/wp-json\/wp\/v2\/product_cat?post=370"},{"taxonomy":"product_tag","embeddable":true,"href":"https:\/\/boreait.com\/hu\/wp-json\/wp\/v2\/product_tag?post=370"}],"curies":[{"name":"wp","href":"https:\/\/api.w.org\/{rel}","templated":true}]}}