{"id":369,"date":"2025-09-17T09:25:44","date_gmt":"2025-09-17T07:25:44","guid":{"rendered":"https:\/\/boreait.com\/hu\/?post_type=product&#038;p=369"},"modified":"2025-09-17T09:26:59","modified_gmt":"2025-09-17T07:26:59","slug":"dvd-iro-gtb0n-tipus","status":"publish","type":"product","link":"https:\/\/boreait.com\/hu\/termek\/dvd-iro-gtb0n-tipus\/","title":{"rendered":"DVD-\u00edr\u00f3 GTB0N t\u00edpus"},"content":{"rendered":"<p>A GTB0N a haszn\u00e1lt DVD adathordoz\u00f3 t\u00edpus\u00e1t\u00f3l f\u00fcgg\u0151en k\u00fcl\u00f6nb\u00f6z\u0151 olvas\u00e1si \u00e9s \u00edr\u00e1si sebess\u00e9geket t\u00e1mogat. Maxim\u00e1lis olvas\u00e1si sebess\u00e9ge \u00e1ltal\u00e1ban 8x DVD-kn\u00e9l, \u00e9s 8x-os \u00edr\u00e1si sebess\u00e9ge DVD\u00b1R adathordoz\u00f3kn\u00e1l. DVD\u00b1RW adathordoz\u00f3k eset\u00e9n \u00e1ltal\u00e1ban 6x-os maxim\u00e1lis \u00edr\u00e1si sebess\u00e9ggel rendelkezik.<\/p>\n<p>Fontos megjegyezni, hogy b\u00e1r a GTB0N els\u0151sorban DVD-\u00edr\u00f3, visszafel\u00e9 kompatibilis a CD-m\u00e9di\u00e1val is. V\u00e1ltoz\u00f3 sebess\u00e9ggel k\u00e9pes olvasni \u00e9s \u00edrni CD-ket, bele\u00e9rtve a CD-R-t \u00e9s a CD-RW-t is. A maxim\u00e1lis CD-olvas\u00e1si sebess\u00e9g \u00e1ltal\u00e1ban 24-szeres, a maxim\u00e1lis CD-\u00edr\u00e1si sebess\u00e9g pedig \u00e1ltal\u00e1ban 24-szeres CD-R adathordoz\u00f3k \u00e9s 16-szoros CD-RW adathordoz\u00f3k eset\u00e9n.<\/p>\n<p>Ha konkr\u00e9t k\u00e9rd\u00e9se van, vagy tov\u00e1bbi seg\u00edts\u00e9gre van sz\u00fcks\u00e9ge a GTB0N DVD-\u00edr\u00f3val kapcsolatban, k\u00e9rdezzen b\u00e1tran!<\/p>\n","protected":false},"excerpt":{"rendered":"<p>A GTB0N egy DVD-\u00edr\u00f3 modell, amelyet a HL-DT-ST gy\u00e1rt, amely az LG Electronics tulajdon\u00e1ban l\u00e9v\u0151 m\u00e1rka. Ez a modell \u00e1ltal\u00e1ban laptopokban \u00e9s v\u00e9kony k\u00fcls\u0151 DVD-\u00edr\u00f3kban tal\u00e1lhat\u00f3. A GTB0N k\u00fcl\u00f6nf\u00e9le t\u00edpus\u00fa DVD-k olvas\u00e1s\u00e1ra \u00e9s \u00edr\u00e1s\u00e1ra k\u00e9pes, bele\u00e9rtve a DVD-R-t, a DVD+R-t, a DVD-RW-t, a DVD+RW-t \u00e9s a DVD-RAM-ot.<\/p>\n","protected":false},"featured_media":438,"template":"","meta":[],"product_brand":[],"product_cat":[27],"product_tag":[],"class_list":{"0":"post-369","1":"product","2":"type-product","3":"status-publish","4":"has-post-thumbnail","6":"product_cat-motherboards-board-parts","8":"first","9":"instock","10":"taxable","11":"shipping-taxable","12":"purchasable","13":"product-type-simple"},"_links":{"self":[{"href":"https:\/\/boreait.com\/hu\/wp-json\/wp\/v2\/product\/369","targetHints":{"allow":["GET"]}}],"collection":[{"href":"https:\/\/boreait.com\/hu\/wp-json\/wp\/v2\/product"}],"about":[{"href":"https:\/\/boreait.com\/hu\/wp-json\/wp\/v2\/types\/product"}],"wp:featuredmedia":[{"embeddable":true,"href":"https:\/\/boreait.com\/hu\/wp-json\/wp\/v2\/media\/438"}],"wp:attachment":[{"href":"https:\/\/boreait.com\/hu\/wp-json\/wp\/v2\/media?parent=369"}],"wp:term":[{"taxonomy":"product_brand","embeddable":true,"href":"https:\/\/boreait.com\/hu\/wp-json\/wp\/v2\/product_brand?post=369"},{"taxonomy":"product_cat","embeddable":true,"href":"https:\/\/boreait.com\/hu\/wp-json\/wp\/v2\/product_cat?post=369"},{"taxonomy":"product_tag","embeddable":true,"href":"https:\/\/boreait.com\/hu\/wp-json\/wp\/v2\/product_tag?post=369"}],"curies":[{"name":"wp","href":"https:\/\/api.w.org\/{rel}","templated":true}]}}