{"id":3684,"date":"2025-09-17T10:45:24","date_gmt":"2025-09-17T08:45:24","guid":{"rendered":"https:\/\/boreait.com\/hu\/?post_type=product&#038;p=3684"},"modified":"2026-01-09T13:44:26","modified_gmt":"2026-01-09T12:44:26","slug":"oem-hp-elitebook-820-g1-hatlapfedel-761780-001-781836-001","status":"publish","type":"product","link":"https:\/\/boreait.com\/hu\/termek\/oem-hp-elitebook-820-g1-hatlapfedel-761780-001-781836-001\/","title":{"rendered":"OEM HP EliteBook 820 G1 h\u00e1tlapfed\u00e9l 761780-001 781836-001"},"content":{"rendered":"<p>Fokozza HP EliteBook 820 G1 laptopja megjelen\u00e9s\u00e9t \u00e9s v\u00e9delm\u00e9t az OEM HP EliteBook 820 G1 h\u00e1tlap bor\u00edt\u00e1s\u00e1val \u2013 HP SPS: 761780-001 781836-001. \u00dagy tervezt\u00e9k, hogy eleg\u00e1ns \u00e9s professzion\u00e1lis megjelen\u00e9st biztos\u00edtson, mik\u00f6zben meg\u00f3vja laptopja bels\u0151 alkatr\u00e9szeit, ez az eredeti h\u00e1tlap bor\u00edt\u00f3 t\u00f6k\u00e9letes kieg\u00e9sz\u00edt\u0151je EliteBook-j\u00e1nak.<\/p>\n<p>A HP, a sz\u00e1m\u00edt\u00e1stechnika megb\u00edzhat\u00f3 vezet\u0151 gy\u00e1rt\u00f3ja \u00e1ltal gy\u00e1rtott OEM h\u00e1tlap bor\u00edt\u00e1s kifejezetten az EliteBook 820 G1 modellhez k\u00e9sz\u00fclt. Pontos illeszked\u00e9st \u00e9s er\u0151fesz\u00edt\u00e9s n\u00e9lk\u00fcli telep\u00edt\u00e9st biztos\u00edt, t\u00f6k\u00e9letesen illeszkedve a laptop eredeti alkatr\u00e9szeihez.<\/p>\n<p>Ez a h\u00e1tlapburkolat nemcsak csiszolt megjelen\u00e9st k\u00f6lcs\u00f6n\u00f6z laptopj\u00e1nak, hanem v\u00e9d\u0151pajzsk\u00e9nt is szolg\u00e1l a bels\u0151 hardver sz\u00e1m\u00e1ra. Seg\u00edt megel\u0151zni, hogy a por, t\u00f6rmel\u00e9k \u00e9s kisebb hat\u00e1sok befoly\u00e1solj\u00e1k a laptop teljes\u00edtm\u00e9ny\u00e9t.<\/p>\n<p>A telep\u00edt\u00e9s egyszer\u0171. Az eredeti HP alkatr\u00e9szek kiv\u00e1laszt\u00e1s\u00e1val EliteBookod min\u0151s\u00e9g\u00e9be, kompatibilit\u00e1s\u00e1ba \u00e9s tart\u00f3ss\u00e1g\u00e1ba fektet be.<\/p>\n<p>Emelje fel HP EliteBook 820 G1 eszt\u00e9tik\u00e1j\u00e1t \u00e9s v\u00e9delm\u00e9t az OEM HP EliteBook 820 G1 h\u00e1tlapburkolattal. \u00c9lvezze az eleg\u00e1ns \u00e9s professzion\u00e1lis megjelen\u00e9st, mik\u00f6zben \u00f3vja laptopja bels\u0151 alkatr\u00e9szeit.<\/p>\n<p>V\u00e1s\u00e1rl\u00e1s el\u0151tt ellen\u0151rizze, hogy kompatibilis-e az adott laptopmodellj\u00e9vel.<\/p>\n","protected":false},"excerpt":{"rendered":"<p>Fokozza HP EliteBook 820 G1 laptopja megjelen\u00e9s\u00e9t \u00e9s v\u00e9delm\u00e9t az OEM HP EliteBook 820 G1 h\u00e1tlapfed\u00e9llel. \u00c9lvezze az eleg\u00e1ns \u00e9s professzion\u00e1lis megjelen\u00e9st, mik\u00f6zben \u00f3vja laptopja bels\u0151 alkatr\u00e9szeit.<\/p>\n","protected":false},"featured_media":3727,"template":"","meta":[],"product_brand":[],"product_cat":[16],"product_tag":[25],"class_list":{"0":"post-3684","1":"product","2":"type-product","3":"status-publish","4":"has-post-thumbnail","6":"product_cat-laptop-housing","7":"product_tag-hp","9":"first","10":"instock","11":"taxable","12":"shipping-taxable","13":"purchasable","14":"product-type-simple"},"_links":{"self":[{"href":"https:\/\/boreait.com\/hu\/wp-json\/wp\/v2\/product\/3684","targetHints":{"allow":["GET"]}}],"collection":[{"href":"https:\/\/boreait.com\/hu\/wp-json\/wp\/v2\/product"}],"about":[{"href":"https:\/\/boreait.com\/hu\/wp-json\/wp\/v2\/types\/product"}],"wp:featuredmedia":[{"embeddable":true,"href":"https:\/\/boreait.com\/hu\/wp-json\/wp\/v2\/media\/3727"}],"wp:attachment":[{"href":"https:\/\/boreait.com\/hu\/wp-json\/wp\/v2\/media?parent=3684"}],"wp:term":[{"taxonomy":"product_brand","embeddable":true,"href":"https:\/\/boreait.com\/hu\/wp-json\/wp\/v2\/product_brand?post=3684"},{"taxonomy":"product_cat","embeddable":true,"href":"https:\/\/boreait.com\/hu\/wp-json\/wp\/v2\/product_cat?post=3684"},{"taxonomy":"product_tag","embeddable":true,"href":"https:\/\/boreait.com\/hu\/wp-json\/wp\/v2\/product_tag?post=3684"}],"curies":[{"name":"wp","href":"https:\/\/api.w.org\/{rel}","templated":true}]}}