{"id":3683,"date":"2025-09-17T10:45:24","date_gmt":"2025-09-17T08:45:24","guid":{"rendered":"https:\/\/boreait.com\/hu\/?post_type=product&#038;p=3683"},"modified":"2025-09-17T10:45:52","modified_gmt":"2025-09-17T08:45:52","slug":"8-gb-kit-micron-mt18jsf25672pdz-1g4f1dd-pc3-10600r-ddr3-2rx8","status":"publish","type":"product","link":"https:\/\/boreait.com\/hu\/termek\/8-gb-kit-micron-mt18jsf25672pdz-1g4f1dd-pc3-10600r-ddr3-2rx8\/","title":{"rendered":"8 GB Kit Micron MT18JSF25672PDZ-1G4F1DD PC3-10600R DDR3 2Rx8"},"content":{"rendered":"<p>N\u00f6velje asztali sz\u00e1m\u00edt\u00f3g\u00e9pe teljes\u00edtm\u00e9ny\u00e9t a 8 GB-os Kit Micron MT18JSF25672PDZ-1G4F1DD PC3-10600R DDR3 2Rx8 ASZTALI RAM MEM\u00d3RI\u00c1VAL. Az asztali sz\u00e1m\u00edt\u00f3g\u00e9p sebess\u00e9g\u00e9nek \u00e9s v\u00e1laszk\u00e9szs\u00e9g\u00e9nek n\u00f6vel\u00e9s\u00e9re tervezett, eredeti Micron RAM k\u00e9szlet z\u00f6kken\u0151mentes t\u00f6bbfeladatos munkav\u00e9gz\u00e9st \u00e9s g\u00f6rd\u00fcl\u00e9kenyebb sz\u00e1m\u00edt\u00e1si \u00e9lm\u00e9nyt biztos\u00edt.<\/p>\n<p>A Micron \u00e1ltal gy\u00e1rtott, megb\u00edzhat\u00f3 n\u00e9v a mem\u00f3riatechnol\u00f3gi\u00e1ban, ez a RAM k\u00e9szlet k\u00e9t 4 GB-os modulb\u00f3l \u00e1ll, amelyek megfelelnek a PC3-10600R DDR3 szabv\u00e1nynak. A 8 GB-os teljes kapacit\u00e1ssal ez a k\u00e9szlet jelent\u0151s teljes\u00edtm\u00e9nyn\u00f6veked\u00e9st biztos\u00edt, lehet\u0151v\u00e9 t\u00e9ve az alkalmaz\u00e1sok hat\u00e9konyabb futtat\u00e1s\u00e1t \u00e9s a t\u00f6bbfeladatos munka egyszer\u0171 kezel\u00e9s\u00e9t.<\/p>\n<p>A szabv\u00e1nyos DIMM form\u00e1tumnak k\u00f6sz\u00f6nhet\u0151en a telep\u00edt\u00e9s probl\u00e9mamentes. Az eredeti Micron RAM k\u00e9szletre val\u00f3 friss\u00edt\u00e9ssel a rendszer jobb v\u00e1laszk\u00e9szs\u00e9g\u00e9be, gyorsabb adathozz\u00e1f\u00e9r\u00e9sbe \u00e9s tov\u00e1bbfejlesztett t\u00f6bbfeladatos k\u00e9pess\u00e9gekbe fektet be.<\/p>\n<p>N\u00f6velje asztali sz\u00e1m\u00edt\u00f3g\u00e9pe teljes\u00edtm\u00e9ny\u00e9t a 8 GB Kit Micron MT18JSF25672PDZ-1G4F1DD PC3-10600R DDR3 2Rx8 ASZTALI RAM MEM\u00d3RI\u00c1VAL. Tapasztalja meg a sebess\u00e9g \u00e9s a megb\u00edzhat\u00f3s\u00e1g \u00faj szintj\u00e9t sz\u00e1m\u00edt\u00e1stechnikai feladataihoz. N\u00f6velje a termel\u00e9kenys\u00e9get, egyszer\u0171s\u00edtse a munkafolyamatokat, \u00e9s \u00e9lvezze a modern mem\u00f3riatechnol\u00f3gia el\u0151nyeit asztali sz\u00e1m\u00edt\u00f3g\u00e9p\u00e9n.<\/p>\n<p>V\u00e1s\u00e1rl\u00e1s el\u0151tt ellen\u0151rizze, hogy kompatibilis-e az adott asztali alaplapmodellj\u00e9vel.<\/p>\n","protected":false},"excerpt":{"rendered":"<p>N\u00f6velje asztali sz\u00e1m\u00edt\u00f3g\u00e9pe teljes\u00edtm\u00e9ny\u00e9t a 8 GB-os Kit Micron MT18JSF25672PDZ-1G4F1DD PC3-10600R DDR3 2Rx8 ASZTALI RAM MEM\u00d3RI\u00c1VAL. \u00c9lvezze a gyorsabb adathozz\u00e1f\u00e9r\u00e9st \u00e9s a tov\u00e1bbfejlesztett multitasking k\u00e9pess\u00e9geket.<\/p>\n","protected":false},"featured_media":3726,"template":"","meta":[],"product_brand":[],"product_cat":[37,36],"product_tag":[],"class_list":{"0":"post-3683","1":"product","2":"type-product","3":"status-publish","4":"has-post-thumbnail","6":"product_cat-ddr3-ddr3l","7":"product_cat-ram-memory","9":"first","10":"instock","11":"taxable","12":"shipping-taxable","13":"purchasable","14":"product-type-simple"},"_links":{"self":[{"href":"https:\/\/boreait.com\/hu\/wp-json\/wp\/v2\/product\/3683","targetHints":{"allow":["GET"]}}],"collection":[{"href":"https:\/\/boreait.com\/hu\/wp-json\/wp\/v2\/product"}],"about":[{"href":"https:\/\/boreait.com\/hu\/wp-json\/wp\/v2\/types\/product"}],"wp:featuredmedia":[{"embeddable":true,"href":"https:\/\/boreait.com\/hu\/wp-json\/wp\/v2\/media\/3726"}],"wp:attachment":[{"href":"https:\/\/boreait.com\/hu\/wp-json\/wp\/v2\/media?parent=3683"}],"wp:term":[{"taxonomy":"product_brand","embeddable":true,"href":"https:\/\/boreait.com\/hu\/wp-json\/wp\/v2\/product_brand?post=3683"},{"taxonomy":"product_cat","embeddable":true,"href":"https:\/\/boreait.com\/hu\/wp-json\/wp\/v2\/product_cat?post=3683"},{"taxonomy":"product_tag","embeddable":true,"href":"https:\/\/boreait.com\/hu\/wp-json\/wp\/v2\/product_tag?post=3683"}],"curies":[{"name":"wp","href":"https:\/\/api.w.org\/{rel}","templated":true}]}}