{"id":3681,"date":"2025-09-17T10:45:24","date_gmt":"2025-09-17T08:45:24","guid":{"rendered":"https:\/\/boreait.com\/hu\/?post_type=product&#038;p=3681"},"modified":"2026-01-09T13:44:09","modified_gmt":"2026-01-09T12:44:09","slug":"intel-xeon-e5-2620-v3-240-ghz-es-foglalat-lga2011-3-processzor-cpu-sr207","status":"publish","type":"product","link":"https:\/\/boreait.com\/hu\/termek\/intel-xeon-e5-2620-v3-240-ghz-es-foglalat-lga2011-3-processzor-cpu-sr207\/","title":{"rendered":"Intel Xeon E5-2620 v3 2,40 GHz-es foglalat LGA2011-3 processzor CPU (SR207)"},"content":{"rendered":"<p>N\u00f6velje munka\u00e1llom\u00e1sa teljes\u00edtm\u00e9ny\u00e9t az Intel Xeon E5-2620 v3 2,40 GHz-es foglalat\u00fa LGA2011-3 processzoros processzorral (SR207). A professzion\u00e1lis sz\u00e1m\u00edt\u00e1stechnika ig\u00e9nyeinek kiel\u00e9g\u00edt\u00e9s\u00e9re tervezett eredeti Intel Xeon processzor kiv\u00e9teles feldolgoz\u00e1si teljes\u00edtm\u00e9nyt, fokozott t\u00f6bbfeladatos munkav\u00e9gz\u00e9st \u00e9s hat\u00e9kony teljes\u00edtm\u00e9nyt biztos\u00edt a kritikus feladatokhoz.<\/p>\n<p>Az Intel, a processzortechnol\u00f3gia neves vezet\u0151 gy\u00e1rt\u00f3ja \u00e1ltal gy\u00e1rtott Xeon E5-2620 v3-at \u00fagy tervezt\u00e9k, hogy biztos\u00edtsa az intenz\u00edv sz\u00e1m\u00edt\u00e1si terhel\u00e9shez sz\u00fcks\u00e9ges megb\u00edzhat\u00f3s\u00e1got \u00e9s teljes\u00edtm\u00e9nyt. A 2,40 GHz-es \u00f3rajellel ez a processzor egyens\u00falyt k\u00edn\u00e1l a teljes\u00edtm\u00e9ny \u00e9s a hat\u00e9konys\u00e1g k\u00f6z\u00f6tt, \u00edgy sz\u00e1mos alkalmaz\u00e1shoz alkalmas.<\/p>\n<p>Az LGA2011-3 aljzat kompatibilit\u00e1st biztos\u00edt sz\u00e1mos munka\u00e1llom\u00e1s-alaplappal, lehet\u0151v\u00e9 t\u00e9ve a rendszer egyszer\u0171 friss\u00edt\u00e9s\u00e9t. Legyen sz\u00f3 professzion\u00e1lis tartalomk\u00e9sz\u00edt\u0151r\u0151l, adatelemz\u0151r\u0151l vagy nagy teljes\u00edtm\u00e9nyt ig\u00e9nyl\u0151 \u00fczleti felhaszn\u00e1l\u00f3r\u00f3l, ez a Xeon processzor megfelel sz\u00e1m\u00edt\u00e1stechnikai ig\u00e9nyeinek.<\/p>\n<p>Ha erre az eredeti Intel processzorra friss\u00edt, a jobb sz\u00e1m\u00edt\u00e1si teljes\u00edtm\u00e9nybe, a gyorsabb adatfeldolgoz\u00e1sba \u00e9s a hat\u00e9kony t\u00f6bbfeladatos k\u00e9pess\u00e9gekbe fektet be.<\/p>\n<p>N\u00f6velje munka\u00e1llom\u00e1sa teljes\u00edtm\u00e9ny\u00e9t az Intel Xeon E5-2620 v3 2,40 GHz-es foglalat\u00fa LGA2011-3 processzoros processzorral (SR207). Tapasztalja meg a feldolgoz\u00e1si teljes\u00edtm\u00e9ny, a megb\u00edzhat\u00f3s\u00e1g \u00e9s a hat\u00e9konys\u00e1g \u00faj szintj\u00e9t kritikus sz\u00e1m\u00edt\u00e1si feladataihoz. N\u00f6velje a termel\u00e9kenys\u00e9get, gyors\u00edtsa fel a munkafolyamatokat, \u00e9s \u00e9rje el az optim\u00e1lis teljes\u00edtm\u00e9nyt professzion\u00e1lis alkalmaz\u00e1saiban.<\/p>\n<p>V\u00e1s\u00e1rl\u00e1s el\u0151tt ellen\u0151rizze, hogy kompatibilis-e az adott alaplapmodellj\u00e9vel.<\/p>\n","protected":false},"excerpt":{"rendered":"<p>N\u00f6velje munka\u00e1llom\u00e1sa teljes\u00edtm\u00e9ny\u00e9t az Intel Xeon E5-2620 v3 2,40 GHz-es foglalat\u00fa LGA2011-3 processzoros processzorral (SR207). Tapasztalja meg a gyorsabb adatfeldolgoz\u00e1st \u00e9s a hat\u00e9kony t\u00f6bbfeladatos munkav\u00e9gz\u00e9st a professzion\u00e1lis sz\u00e1m\u00edt\u00e1stechnikai feladatokhoz.<\/p>\n","protected":false},"featured_media":3724,"template":"","meta":[],"product_brand":[],"product_cat":[39],"product_tag":[],"class_list":{"0":"post-3681","1":"product","2":"type-product","3":"status-publish","4":"has-post-thumbnail","6":"product_cat-processors-cpu","8":"first","9":"instock","10":"taxable","11":"shipping-taxable","12":"purchasable","13":"product-type-simple"},"_links":{"self":[{"href":"https:\/\/boreait.com\/hu\/wp-json\/wp\/v2\/product\/3681","targetHints":{"allow":["GET"]}}],"collection":[{"href":"https:\/\/boreait.com\/hu\/wp-json\/wp\/v2\/product"}],"about":[{"href":"https:\/\/boreait.com\/hu\/wp-json\/wp\/v2\/types\/product"}],"wp:featuredmedia":[{"embeddable":true,"href":"https:\/\/boreait.com\/hu\/wp-json\/wp\/v2\/media\/3724"}],"wp:attachment":[{"href":"https:\/\/boreait.com\/hu\/wp-json\/wp\/v2\/media?parent=3681"}],"wp:term":[{"taxonomy":"product_brand","embeddable":true,"href":"https:\/\/boreait.com\/hu\/wp-json\/wp\/v2\/product_brand?post=3681"},{"taxonomy":"product_cat","embeddable":true,"href":"https:\/\/boreait.com\/hu\/wp-json\/wp\/v2\/product_cat?post=3681"},{"taxonomy":"product_tag","embeddable":true,"href":"https:\/\/boreait.com\/hu\/wp-json\/wp\/v2\/product_tag?post=3681"}],"curies":[{"name":"wp","href":"https:\/\/api.w.org\/{rel}","templated":true}]}}