{"id":3680,"date":"2025-09-17T10:45:24","date_gmt":"2025-09-17T08:45:24","guid":{"rendered":"https:\/\/boreait.com\/hu\/?post_type=product&#038;p=3680"},"modified":"2026-01-09T13:43:52","modified_gmt":"2026-01-09T12:43:52","slug":"samsung-2gb-2gb-ddr3-m471b5773dh0-ch9-sodimm-pc3-10600-ddr-memoriasav","status":"publish","type":"product","link":"https:\/\/boreait.com\/hu\/termek\/samsung-2gb-2gb-ddr3-m471b5773dh0-ch9-sodimm-pc3-10600-ddr-memoriasav\/","title":{"rendered":"Samsung 2GB 2GB DDR3 M471B5773DH0-CH9 SODIMM PC3-10600 DDR mem\u00f3rias\u00e1v"},"content":{"rendered":"<p>N\u00f6velje laptopja teljes\u00edtm\u00e9ny\u00e9t a Samsung 2 GB DDR3 M471B5773DH0-CH9 SODIMM PC3-10600 DDR mem\u00f3rias\u00e1vval. A laptop sebess\u00e9g\u00e9nek \u00e9s reakci\u00f3k\u00e9szs\u00e9g\u00e9nek n\u00f6vel\u00e9s\u00e9re tervezett eredeti Samsung mem\u00f3riamodul z\u00f6kken\u0151mentes sz\u00e1m\u00edt\u00e1stechnikai \u00e9lm\u00e9nyt k\u00edn\u00e1l gyorsabb adathozz\u00e1f\u00e9r\u00e9ssel \u00e9s tov\u00e1bbfejlesztett t\u00f6bbfeladatos k\u00e9pess\u00e9gekkel.<\/p>\n<p>A Samsung \u00e1ltal gy\u00e1rtott, megb\u00edzhat\u00f3 n\u00e9v a mem\u00f3riatechnol\u00f3gi\u00e1ban, az M471B5773DH0-CH9 SODIMM megfelel a PC3-10600 DDR szabv\u00e1nynak, leny\u0171g\u00f6z\u0151 adat\u00e1tviteli sebess\u00e9get biztos\u00edt, \u00e9s sokf\u00e9le laptoppal kompatibilis.<\/p>\n<p>A 2 GB kapacit\u00e1s\u00fa mem\u00f3riamodul jelent\u0151s teljes\u00edtm\u00e9nyn\u00f6veked\u00e9st biztos\u00edt laptopja sz\u00e1m\u00e1ra, lehet\u0151v\u00e9 t\u00e9ve az alkalmaz\u00e1sok g\u00f6rd\u00fcl\u00e9kenyebb futtat\u00e1s\u00e1t \u00e9s a t\u00f6bbfeladatos munka egyszer\u0171 kezel\u00e9s\u00e9t. Legyen sz\u00f3 gyorsabb munkafolyamatokat keres\u0151 professzion\u00e1lisokr\u00f3l vagy h\u00e9tk\u00f6znapi felhaszn\u00e1l\u00f3kr\u00f3l, akik optimaliz\u00e1lni szeretn\u00e9k a mindennapi sz\u00e1m\u00edt\u00e1stechnik\u00e1t, ez a mem\u00f3rias\u00e1v biztos\u00edtja a sz\u00fcks\u00e9ges teljes\u00edtm\u00e9nyt.<\/p>\n<p>A telep\u00edt\u00e9s egyszer\u0171 a szabv\u00e1nyos SODIMM form\u00e1tumnak k\u00f6sz\u00f6nhet\u0151en. A mem\u00f3rias\u00e1vra val\u00f3 friss\u00edt\u00e9ssel a rendszer jobb v\u00e1laszk\u00e9szs\u00e9g\u00e9be, gyorsabb adatel\u00e9r\u00e9sbe \u00e9s tov\u00e1bbfejlesztett multitasking k\u00e9pess\u00e9gekbe fektet be.<\/p>\n<p>N\u00f6velje laptopja teljes\u00edtm\u00e9ny\u00e9t a Samsung 2 GB DDR3 M471B5773DH0-CH9 SODIMM PC3-10600 DDR mem\u00f3rias\u00e1vval. Tapasztalja meg a sebess\u00e9g \u00e9s a megb\u00edzhat\u00f3s\u00e1g \u00faj szintj\u00e9t sz\u00e1m\u00edt\u00e1stechnikai feladataihoz. N\u00f6velje a termel\u00e9kenys\u00e9get, egyszer\u0171s\u00edtse a munkafolyamatokat, \u00e9s \u00e9lvezze a modern mem\u00f3riatechnol\u00f3gia el\u0151nyeit laptopj\u00e1ban.<\/p>\n<p>V\u00e1s\u00e1rl\u00e1s el\u0151tt ellen\u0151rizze, hogy kompatibilis-e az adott laptopmodellj\u00e9vel.<\/p>\n","protected":false},"excerpt":{"rendered":"<p>Fokozza laptopja teljes\u00edtm\u00e9ny\u00e9t a Samsung 2 GB DDR3 M471B5773DH0-CH9 SODIMM PC3-10600 DDR mem\u00f3rias\u00e1vval. \u00c9lvezze a gyorsabb adathozz\u00e1f\u00e9r\u00e9st \u00e9s a tov\u00e1bbfejlesztett t\u00f6bbfeladatos k\u00e9pess\u00e9geket.<\/p>\n","protected":false},"featured_media":3723,"template":"","meta":[],"product_brand":[],"product_cat":[37,36],"product_tag":[],"class_list":{"0":"post-3680","1":"product","2":"type-product","3":"status-publish","4":"has-post-thumbnail","6":"product_cat-ddr3-ddr3l","7":"product_cat-ram-memory","9":"first","10":"instock","11":"taxable","12":"shipping-taxable","13":"purchasable","14":"product-type-simple"},"_links":{"self":[{"href":"https:\/\/boreait.com\/hu\/wp-json\/wp\/v2\/product\/3680","targetHints":{"allow":["GET"]}}],"collection":[{"href":"https:\/\/boreait.com\/hu\/wp-json\/wp\/v2\/product"}],"about":[{"href":"https:\/\/boreait.com\/hu\/wp-json\/wp\/v2\/types\/product"}],"wp:featuredmedia":[{"embeddable":true,"href":"https:\/\/boreait.com\/hu\/wp-json\/wp\/v2\/media\/3723"}],"wp:attachment":[{"href":"https:\/\/boreait.com\/hu\/wp-json\/wp\/v2\/media?parent=3680"}],"wp:term":[{"taxonomy":"product_brand","embeddable":true,"href":"https:\/\/boreait.com\/hu\/wp-json\/wp\/v2\/product_brand?post=3680"},{"taxonomy":"product_cat","embeddable":true,"href":"https:\/\/boreait.com\/hu\/wp-json\/wp\/v2\/product_cat?post=3680"},{"taxonomy":"product_tag","embeddable":true,"href":"https:\/\/boreait.com\/hu\/wp-json\/wp\/v2\/product_tag?post=3680"}],"curies":[{"name":"wp","href":"https:\/\/api.w.org\/{rel}","templated":true}]}}