{"id":368,"date":"2025-09-17T09:25:43","date_gmt":"2025-09-17T07:25:43","guid":{"rendered":"https:\/\/boreait.com\/hu\/?post_type=product&#038;p=368"},"modified":"2025-09-17T09:26:54","modified_gmt":"2025-09-17T07:26:54","slug":"fujitsu-lifebook-a574-k-also-panel","status":"publish","type":"product","link":"https:\/\/boreait.com\/hu\/termek\/fujitsu-lifebook-a574-k-also-panel\/","title":{"rendered":"Fujitsu LIFEBOOK A574\/K als\u00f3 panel"},"content":{"rendered":"<div class=\"flex-1 overflow-hidden\">\n<div class=\"react-scroll-to-bottom--css-saomo-79elbk h-full dark:bg-gray-800\">\n<div class=\"react-scroll-to-bottom--css-saomo-1n7m0yu\">\n<div class=\"flex flex-col text-sm dark:bg-gray-800\">\n<div class=\"group w-full text-gray-800 dark:text-gray-100 border-b border-black\/10 dark:border-gray-900\/50 bg-gray-50 dark:bg-[#444654]\">\n<div class=\"flex p-4 gap-4 text-base md:gap-6 md:max-w-2xl lg:max-w-[38rem] xl:max-w-3xl md:py-6 lg:px-0 m-auto\">\n<div class=\"relat\u00edv flex w-[calc(100%-50px)] flex-col gap-1 md:gap-3 lg:w-[calc(100%-115px)]\">\n<div class=\"flex flex-grow flex-col gap-3\">\n<div class=\"min-h-[20px] flex flex-col items-start gap-4 whitespace-pre-wrap break-words\">\n<div class=\"markdown prose w-full break-words dark:prose-invert light\">\n<p>A Fujitsu LIFEBOOK laptop als\u00f3 panelj\u00e9nek megnyit\u00e1s\u00e1hoz k\u00f6vesse az al\u00e1bbi \u00e1ltal\u00e1nos l\u00e9p\u00e9seket:<\/p>\n<ol>\n<li>Kapcsolja ki a laptopot, \u00e9s h\u00fazza ki a k\u00fcls\u0151 \u00e1ramforr\u00e1st.<\/li>\n<li>Helyezze a laptopot sima, stabil fel\u00fcletre.<\/li>\n<li>Ford\u00edtsa fejjel lefel\u00e9 a laptopot, hogy az als\u00f3 panel felfel\u00e9 n\u00e9zzen.<\/li>\n<li>Keresse meg az als\u00f3 panelt r\u00f6gz\u00edt\u0151 csavarokat. Ezek a csavarok \u00e1ltal\u00e1ban az \u00e9lek ment\u00e9n vagy meghat\u00e1rozott helyeken helyezkednek el, amelyeket szimb\u00f3lumok (p\u00e9ld\u00e1ul egy kis billenty\u0171zetikon) jel\u00f6lnek, jelezve a c\u00e9ljukat.<\/li>\n<li>Haszn\u00e1ljon megfelel\u0151 csavarh\u00faz\u00f3t a csavarok elt\u00e1vol\u00edt\u00e1s\u00e1hoz. Tartsa \u0151ket biztons\u00e1gos helyen, mert sz\u00fcks\u00e9ge lesz r\u00e1juk az \u00f6sszeszerel\u00e9shez.<\/li>\n<li>Miut\u00e1n az \u00f6sszes csavart elt\u00e1vol\u00edtotta, \u00f3vatosan cs\u00fasztassa vagy emelje le az als\u00f3 panelt a laptopr\u00f3l. El\u0151fordulhat, hogy kapcsok vagy reteszek tartj\u00e1k a hely\u00e9n, ez\u00e9rt \u00fcgyeljen arra, hogy ne er\u0151ltesse, \u00e9s sz\u00fcks\u00e9g eset\u00e9n finoman nyomja meg.<\/li>\n<li>Ha az als\u00f3 panelt elt\u00e1vol\u00edtja, hozz\u00e1 kell f\u00e9rnie az olyan alkatr\u00e9szekhez, mint a merevlemez, a RAM-ny\u00edl\u00e1sok \u00e9s esetleg az akkumul\u00e1tor. Legyen \u00f3vatos, amikor ezeket az alkatr\u00e9szeket kezeli, \u00e9s k\u00f6vesse a Fujitsu utas\u00edt\u00e1sait vagy \u00f3vint\u00e9zked\u00e9seit.<\/li>\n<\/ol>\n<p>Fontos megjegyezni, hogy a pontos elj\u00e1r\u00e1s \u00e9s elrendez\u00e9s LIFEBOOK laptopja adott modellj\u00e9t\u0151l f\u00fcgg\u0151en v\u00e1ltozhat. Ez\u00e9rt tan\u00e1csos elolvasni a Fujitsu \u00e1ltal az adott modellhez biztos\u00edtott felhaszn\u00e1l\u00f3i k\u00e9zik\u00f6nyvet vagy t\u00e1mogat\u00e1si dokument\u00e1ci\u00f3t. Ez biztos\u00edtja, hogy a legpontosabb \u00e9s legr\u00e9szletesebb utas\u00edt\u00e1sokat kapja az eszk\u00f6zre szabottan.<\/p>\n<\/div>\n<\/div>\n<\/div>\n<\/div>\n<\/div>\n<\/div>\n<\/div>\n<\/div>\n<\/div>\n<\/div>\n","protected":false},"excerpt":{"rendered":"<p>A Fujitsu LIFEBOOK sorozat\u00fa laptopok als\u00f3 panelje \u00e1ltal\u00e1ban hozz\u00e1f\u00e9r\u00e9st biztos\u00edt k\u00fcl\u00f6nf\u00e9le bels\u0151 alkatr\u00e9szekhez karbantart\u00e1s vagy friss\u00edt\u00e9s c\u00e9lj\u00e1b\u00f3l. Mivel azonban sz\u00e1mos modell l\u00e9tezik a LIFEBOOK sorozaton bel\u00fcl, a pontos kialak\u00edt\u00e1s \u00e9s az \u00f6sszetev\u0151k el\u00e9r\u00e9s\u00e9nek m\u00f3dja elt\u00e9r\u0151 lehet.<\/p>\n","protected":false},"featured_media":421,"template":"","meta":[],"product_brand":[],"product_cat":[16],"product_tag":[28],"class_list":{"0":"post-368","1":"product","2":"type-product","3":"status-publish","4":"has-post-thumbnail","6":"product_cat-laptop-housing","7":"product_tag-fujitsu","9":"first","10":"instock","11":"taxable","12":"shipping-taxable","13":"purchasable","14":"product-type-simple"},"_links":{"self":[{"href":"https:\/\/boreait.com\/hu\/wp-json\/wp\/v2\/product\/368","targetHints":{"allow":["GET"]}}],"collection":[{"href":"https:\/\/boreait.com\/hu\/wp-json\/wp\/v2\/product"}],"about":[{"href":"https:\/\/boreait.com\/hu\/wp-json\/wp\/v2\/types\/product"}],"wp:featuredmedia":[{"embeddable":true,"href":"https:\/\/boreait.com\/hu\/wp-json\/wp\/v2\/media\/421"}],"wp:attachment":[{"href":"https:\/\/boreait.com\/hu\/wp-json\/wp\/v2\/media?parent=368"}],"wp:term":[{"taxonomy":"product_brand","embeddable":true,"href":"https:\/\/boreait.com\/hu\/wp-json\/wp\/v2\/product_brand?post=368"},{"taxonomy":"product_cat","embeddable":true,"href":"https:\/\/boreait.com\/hu\/wp-json\/wp\/v2\/product_cat?post=368"},{"taxonomy":"product_tag","embeddable":true,"href":"https:\/\/boreait.com\/hu\/wp-json\/wp\/v2\/product_tag?post=368"}],"curies":[{"name":"wp","href":"https:\/\/api.w.org\/{rel}","templated":true}]}}