{"id":3678,"date":"2025-09-17T10:45:24","date_gmt":"2025-09-17T08:45:24","guid":{"rendered":"https:\/\/boreait.com\/hu\/?post_type=product&#038;p=3678"},"modified":"2025-09-17T10:45:44","modified_gmt":"2025-09-17T08:45:44","slug":"bulk-2-x-samsung-2gb-ddr3-ram-pc3-10600u-1333mhz-nem-ecc-dimm-memoria-m378b5673fh0-ch9","status":"publish","type":"product","link":"https:\/\/boreait.com\/hu\/termek\/bulk-2-x-samsung-2gb-ddr3-ram-pc3-10600u-1333mhz-nem-ecc-dimm-memoria-m378b5673fh0-ch9\/","title":{"rendered":"BULK 2 x Samsung 2GB DDR3 RAM PC3-10600U 1333MHz nem ECC DIMM mem\u00f3ria M378B5673FH0-CH9"},"content":{"rendered":"<p>N\u00f6velje asztali sz\u00e1m\u00edt\u00f3g\u00e9pe teljes\u00edtm\u00e9ny\u00e9t a Samsung 2 GB DDR3 RAM PC3-10600U 1333MHz nem ECC DIMM mem\u00f3ri\u00e1val (M378B5673FH0-CH9). Ezt az eredeti Samsung DDR3 RAM-modult \u00fagy tervezt\u00e9k, hogy n\u00f6velje sz\u00e1m\u00edt\u00f3g\u00e9pe sebess\u00e9g\u00e9t \u00e9s reag\u00e1l\u00f3k\u00e9pess\u00e9g\u00e9t, z\u00f6kken\u0151mentes sz\u00e1m\u00edt\u00e1stechnikai \u00e9lm\u00e9nyt, gyorsabb adathozz\u00e1f\u00e9r\u00e9ssel \u00e9s tov\u00e1bbfejlesztett t\u00f6bbfeladatos k\u00e9pess\u00e9gekkel.<\/p>\n<p>A Samsung \u00e1ltal gy\u00e1rtott, a mem\u00f3riatechnol\u00f3gia egyik neves neve, az M378B5673FH0-CH9 RAM modul \u00fagy k\u00e9sz\u00fclt, hogy kiv\u00e1l\u00f3 min\u0151s\u00e9g\u0171 mem\u00f3ri\u00e1t biztos\u00edtson asztali sz\u00e1m\u00edt\u00f3g\u00e9p\u00e9nek. Az 1333 MHz-es \u00f3rajelen m\u0171k\u00f6dik, \u00e9s megfelel a PC3-10600U szabv\u00e1nynak, leny\u0171g\u00f6z\u0151 adat\u00e1tviteli sebess\u00e9get biztos\u00edt, \u00e9s kompatibilit\u00e1st biztos\u00edt sz\u00e1mos asztali rendszerrel.<\/p>\n<p>A 2 GB kapacit\u00e1s\u00fa DDR3 RAM modul jelent\u0151s teljes\u00edtm\u00e9nyn\u00f6veked\u00e9st biztos\u00edt sz\u00e1m\u00edt\u00f3g\u00e9pe sz\u00e1m\u00e1ra, lehet\u0151v\u00e9 t\u00e9ve az alkalmaz\u00e1sok g\u00f6rd\u00fcl\u00e9kenyebb futtat\u00e1s\u00e1t \u00e9s a t\u00f6bbfeladatos munka egyszer\u0171 kezel\u00e9s\u00e9t. Legyen sz\u00f3 ak\u00e1r gyorsabb munkafolyamatokat keres\u0151 professzion\u00e1lisr\u00f3l, ak\u00e1r h\u00e9tk\u00f6znapi sz\u00e1m\u00edt\u00e1stechnikai feladatokat optimaliz\u00e1lni k\u00edv\u00e1n\u00f3 h\u00e9tk\u00f6znapi felhaszn\u00e1l\u00f3r\u00f3l, ez a RAM-modul biztos\u00edtja a sz\u00fcks\u00e9ges teljes\u00edtm\u00e9nyt.<\/p>\n<p>A szabv\u00e1nyos DIMM form\u00e1tumnak k\u00f6sz\u00f6nhet\u0151en a telep\u00edt\u00e9s egyszer\u0171. A DDR3 RAM modulra val\u00f3 friss\u00edt\u00e9ssel a rendszer jobb v\u00e1laszk\u00e9szs\u00e9g\u00e9be, gyorsabb adathozz\u00e1f\u00e9r\u00e9sbe \u00e9s tov\u00e1bbfejlesztett t\u00f6bbfeladatos k\u00e9pess\u00e9gekbe fektet be.<\/p>\n<p>N\u00f6velje asztali sz\u00e1m\u00edt\u00f3g\u00e9pe teljes\u00edtm\u00e9ny\u00e9t a Samsung 2 GB DDR3 RAM PC3-10600U 1333MHz nem ECC DIMM mem\u00f3ri\u00e1j\u00e1val (M378B5673FH0-CH9). Tapasztalja meg a sebess\u00e9g \u00e9s a megb\u00edzhat\u00f3s\u00e1g \u00faj szintj\u00e9t sz\u00e1m\u00edt\u00e1stechnikai feladataihoz. N\u00f6velje a termel\u00e9kenys\u00e9get, egyszer\u0171s\u00edtse a munkafolyamatokat, \u00e9s \u00e9lvezze a modern mem\u00f3riatechnol\u00f3gia el\u0151nyeit asztali rendszer\u00e9ben.<\/p>\n<p>V\u00e1s\u00e1rl\u00e1s el\u0151tt ellen\u0151rizze, hogy kompatibilis-e az adott asztali modellj\u00e9vel.<\/p>\n","protected":false},"excerpt":{"rendered":"<p>N\u00f6velje asztali sz\u00e1m\u00edt\u00f3g\u00e9pe teljes\u00edtm\u00e9ny\u00e9t a Samsung 2 GB DDR3 RAM PC3-10600U 1333 MHz nem ECC DIMM mem\u00f3ri\u00e1val (M378B5673FH0-CH9). \u00c9lvezze a gyorsabb adathozz\u00e1f\u00e9r\u00e9st \u00e9s a tov\u00e1bbfejlesztett t\u00f6bbfeladatos k\u00e9pess\u00e9geket.<\/p>\n","protected":false},"featured_media":3703,"template":"","meta":[],"product_brand":[],"product_cat":[37,36],"product_tag":[],"class_list":{"0":"post-3678","1":"product","2":"type-product","3":"status-publish","4":"has-post-thumbnail","6":"product_cat-ddr3-ddr3l","7":"product_cat-ram-memory","9":"first","10":"instock","11":"taxable","12":"shipping-taxable","13":"purchasable","14":"product-type-simple"},"_links":{"self":[{"href":"https:\/\/boreait.com\/hu\/wp-json\/wp\/v2\/product\/3678","targetHints":{"allow":["GET"]}}],"collection":[{"href":"https:\/\/boreait.com\/hu\/wp-json\/wp\/v2\/product"}],"about":[{"href":"https:\/\/boreait.com\/hu\/wp-json\/wp\/v2\/types\/product"}],"wp:featuredmedia":[{"embeddable":true,"href":"https:\/\/boreait.com\/hu\/wp-json\/wp\/v2\/media\/3703"}],"wp:attachment":[{"href":"https:\/\/boreait.com\/hu\/wp-json\/wp\/v2\/media?parent=3678"}],"wp:term":[{"taxonomy":"product_brand","embeddable":true,"href":"https:\/\/boreait.com\/hu\/wp-json\/wp\/v2\/product_brand?post=3678"},{"taxonomy":"product_cat","embeddable":true,"href":"https:\/\/boreait.com\/hu\/wp-json\/wp\/v2\/product_cat?post=3678"},{"taxonomy":"product_tag","embeddable":true,"href":"https:\/\/boreait.com\/hu\/wp-json\/wp\/v2\/product_tag?post=3678"}],"curies":[{"name":"wp","href":"https:\/\/api.w.org\/{rel}","templated":true}]}}