{"id":3676,"date":"2025-09-17T10:45:23","date_gmt":"2025-09-17T08:45:23","guid":{"rendered":"https:\/\/boreait.com\/hu\/?post_type=product&#038;p=3676"},"modified":"2025-09-17T10:45:42","modified_gmt":"2025-09-17T08:45:42","slug":"lenovo-v130-15ikb-kijelzokabel-videokabel-450-0db07-0011","status":"publish","type":"product","link":"https:\/\/boreait.com\/hu\/termek\/lenovo-v130-15ikb-kijelzokabel-videokabel-450-0db07-0011\/","title":{"rendered":"Lenovo V130 15IKB kijelz\u0151k\u00e1bel videok\u00e1bel 450.0DB07.0011"},"content":{"rendered":"<p>Friss\u00edtse Lenovo V130 15IKB laptopja vizu\u00e1lis \u00e9lm\u00e9ny\u00e9t a Lenovo V130 15IKB kijelz\u0151k\u00e1bel 450.0DB07.0011 videok\u00e1bellel. A laptop kijelz\u0151j\u00e9nek optimaliz\u00e1l\u00e1s\u00e1ra tervezett eredeti videok\u00e1bel z\u00f6kken\u0151mentes integr\u00e1ci\u00f3t \u00e9s jobb vizu\u00e1lis teljes\u00edtm\u00e9nyt biztos\u00edt a jobb sz\u00e1m\u00edt\u00e1stechnikai \u00e9lm\u00e9ny \u00e9rdek\u00e9ben.<\/p>\n<p>A Lenovo, a sz\u00e1m\u00edt\u00e1stechnika megb\u00edzhat\u00f3 vezet\u0151 gy\u00e1rt\u00f3ja \u00e1ltal gy\u00e1rtott Lenovo V130 15IKB kijelz\u0151k\u00e1bel 450.0DB07.0011 videok\u00e1bel megb\u00edzhat\u00f3 \u00e9s hat\u00e9kony videokapcsolatot biztos\u00edt. A laptop bels\u0151 rendszereinek n\u00e9lk\u00fcl\u00f6zhetetlen elemek\u00e9nt ez a k\u00e1bel kulcsfontoss\u00e1g\u00fa szerepet j\u00e1tszik a tiszta \u00e9s \u00e9l\u00e9nk k\u00e9p megjelen\u00edt\u00e9s\u00e9ben.<\/p>\n<p>Ak\u00e1r r\u00e9szletes dokumentumokon dolgozik, ak\u00e1r multim\u00e9di\u00e1s tartalmakat tekint meg, ak\u00e1r videokonferenci\u00e1n vesz r\u00e9szt, ez a videok\u00e1bel jav\u00edtja a vizu\u00e1lis \u00e9lm\u00e9nyt. Prec\u00edzi\u00f3s tervez\u00e9se pontos jel\u00e1tvitelt biztos\u00edt, kiv\u00e9teles tisztas\u00e1got \u00e9s \u00e9less\u00e9get biztos\u00edtva laptopja kijelz\u0151j\u00e9nek.<\/p>\n<p>A telep\u00edt\u00e9s egyszer\u0171 a laptop eredeti alkatr\u00e9szeihez igazod\u00f3 kialak\u00edt\u00e1snak k\u00f6sz\u00f6nhet\u0151en. Az eredeti Lenovo alkatr\u00e9szek kiv\u00e1laszt\u00e1s\u00e1val laptopja vizu\u00e1lis teljes\u00edtm\u00e9ny\u00e9nek min\u0151s\u00e9g\u00e9be \u00e9s megb\u00edzhat\u00f3s\u00e1g\u00e1ba fektet be.<\/p>\n<p>Friss\u00edtse laptopja vizu\u00e1lis k\u00e9pess\u00e9geit a Lenovo V130 15IKB kijelz\u0151k\u00e1bel 450.0DB07.0011 videok\u00e1bellel. \u00c9lvezze a jobb megjelen\u00edt\u00e9si min\u0151s\u00e9get, a fokozott tisztas\u00e1got \u00e9s az \u00e9l\u00e9nk l\u00e1tv\u00e1nyt V130 15IKB-j\u00e1n. N\u00f6velje sz\u00e1m\u00edt\u00e1stechnikai \u00e9lm\u00e9ny\u00e9t ezzel a megb\u00edzhat\u00f3 \u00e9s hat\u00e9kony videok\u00e1bellel.<\/p>\n<p>V\u00e1s\u00e1rl\u00e1s el\u0151tt ellen\u0151rizze, hogy kompatibilis-e az adott laptopmodellj\u00e9vel.<\/p>\n","protected":false},"excerpt":{"rendered":"<p>Fokozza a vizu\u00e1lis \u00e9lm\u00e9nyt Lenovo V130 15IKB laptopj\u00e1n a Lenovo V130 15IKB kijelz\u0151k\u00e1bel 450.0DB07.0011 videok\u00e1bellel. \u00c9lvezze a jobb megjelen\u00edt\u00e9si min\u0151s\u00e9get \u00e9s a tisztas\u00e1got.<\/p>\n","protected":false},"featured_media":3701,"template":"","meta":[],"product_brand":[],"product_cat":[20],"product_tag":[26],"class_list":{"0":"post-3676","1":"product","2":"type-product","3":"status-publish","4":"has-post-thumbnail","6":"product_cat-cables","7":"product_tag-lenovo","9":"first","10":"instock","11":"taxable","12":"shipping-taxable","13":"purchasable","14":"product-type-simple"},"_links":{"self":[{"href":"https:\/\/boreait.com\/hu\/wp-json\/wp\/v2\/product\/3676","targetHints":{"allow":["GET"]}}],"collection":[{"href":"https:\/\/boreait.com\/hu\/wp-json\/wp\/v2\/product"}],"about":[{"href":"https:\/\/boreait.com\/hu\/wp-json\/wp\/v2\/types\/product"}],"wp:featuredmedia":[{"embeddable":true,"href":"https:\/\/boreait.com\/hu\/wp-json\/wp\/v2\/media\/3701"}],"wp:attachment":[{"href":"https:\/\/boreait.com\/hu\/wp-json\/wp\/v2\/media?parent=3676"}],"wp:term":[{"taxonomy":"product_brand","embeddable":true,"href":"https:\/\/boreait.com\/hu\/wp-json\/wp\/v2\/product_brand?post=3676"},{"taxonomy":"product_cat","embeddable":true,"href":"https:\/\/boreait.com\/hu\/wp-json\/wp\/v2\/product_cat?post=3676"},{"taxonomy":"product_tag","embeddable":true,"href":"https:\/\/boreait.com\/hu\/wp-json\/wp\/v2\/product_tag?post=3676"}],"curies":[{"name":"wp","href":"https:\/\/api.w.org\/{rel}","templated":true}]}}