{"id":3675,"date":"2025-09-17T10:45:23","date_gmt":"2025-09-17T08:45:23","guid":{"rendered":"https:\/\/boreait.com\/hu\/?post_type=product&#038;p=3675"},"modified":"2025-09-17T10:45:41","modified_gmt":"2025-09-17T08:45:41","slug":"hp-zbook-17-dc-jack-dc-230w-727818-sd9-portban","status":"publish","type":"product","link":"https:\/\/boreait.com\/hu\/termek\/hp-zbook-17-dc-jack-dc-230w-727818-sd9-portban\/","title":{"rendered":"HP ZBook 17 DC Jack DC 230W 727818-SD9 portban"},"content":{"rendered":"<p>Optimaliz\u00e1lja HP \u200b\u200bZBook 17 laptopja t\u00e1pell\u00e1t\u00e1s\u00e1t a HP ZBook 17 DC Jack DC bemeneti 230W 727818-SD9 porttal. \u00dagy tervezt\u00e9k, hogy megb\u00edzhat\u00f3 \u00e1ramforr\u00e1st biztos\u00edtson laptopja sz\u00e1m\u00e1ra, ez az eredeti DC jack port z\u00f6kken\u0151mentes integr\u00e1ci\u00f3t \u00e9s megszak\u00edt\u00e1s n\u00e9lk\u00fcli t\u00e1pell\u00e1t\u00e1st garant\u00e1l a jobb sz\u00e1m\u00edt\u00e1stechnikai \u00e9lm\u00e9ny \u00e9rdek\u00e9ben.<\/p>\n<p>A HP, a sz\u00e1m\u00edt\u00e1stechnika megb\u00edzhat\u00f3 vezet\u0151 gy\u00e1rt\u00f3ja \u00e1ltal gy\u00e1rtott HP ZBook 17 DC Jack DC 230W 727818-SD9 porton robusztus \u00e9s hat\u00e9kony t\u00e1pell\u00e1t\u00e1st biztos\u00edt. A laptop bels\u0151 rendszereinek alapvet\u0151 elemek\u00e9nt ez az egyen\u00e1ram\u00fa jack csatlakoz\u00f3 kulcsfontoss\u00e1g\u00fa szerepet j\u00e1tszik az eszk\u00f6z stabil \u00e1ramell\u00e1t\u00e1s\u00e1ban.<\/p>\n<p>Ak\u00e1r er\u0151forr\u00e1sig\u00e9nyes feladatokon dolgozik, ak\u00e1r j\u00e1t\u00e9kon dolgozik, vagy egyszer\u0171en csak megb\u00edzhat\u00f3 t\u00e1pcsatlakoz\u00e1sra van sz\u00fcks\u00e9ge, ez az egyen\u00e1ram\u00fa jack csatlakoz\u00f3 az \u00d6n \u00e1ltal elv\u00e1rt k\u00e9nyelmet \u00e9s hat\u00e9konys\u00e1got biztos\u00edtja. Prec\u00edzi\u00f3s tervez\u00e9se biztons\u00e1gos illeszked\u00e9st \u00e9s megb\u00edzhat\u00f3 er\u0151\u00e1tvitelt biztos\u00edt, kik\u00fcsz\u00f6b\u00f6li a megszak\u00edt\u00e1sokat, \u00e9s biztos\u00edtja, hogy laptopja akkor maradjon \u00e1ram alatt, amikor a legnagyobb sz\u00fcks\u00e9ge van r\u00e1.<\/p>\n<p>A telep\u00edt\u00e9s egyszer\u0171 a laptop eredeti alkatr\u00e9szeihez igazod\u00f3 kialak\u00edt\u00e1snak k\u00f6sz\u00f6nhet\u0151en. Az eredeti HP alkatr\u00e9szek kiv\u00e1laszt\u00e1s\u00e1val laptopja t\u00e1pegys\u00e9g\u00e9nek min\u0151s\u00e9g\u00e9be \u00e9s megb\u00edzhat\u00f3s\u00e1g\u00e1ba fektet be.<\/p>\n<p>Optimaliz\u00e1lja laptopja t\u00e1pell\u00e1t\u00e1s\u00e1t a HP ZBook 17 DC jack DC bemeneti 230 W 727818-SD9 porttal. \u00c9lvezze a megb\u00edzhat\u00f3 \u00e1ramforr\u00e1st, a megszak\u00edt\u00e1s n\u00e9lk\u00fcli teljes\u00edtm\u00e9nyt \u00e9s a z\u00f6kken\u0151mentes t\u00e1pell\u00e1t\u00e1st ZBook 17-\u00e9hez. N\u00f6velje sz\u00e1m\u00edt\u00e1stechnikai \u00e9lm\u00e9ny\u00e9t ezzel a megb\u00edzhat\u00f3 \u00e9s hat\u00e9kony DC jack csatlakoz\u00f3val.<\/p>\n<p>V\u00e1s\u00e1rl\u00e1s el\u0151tt ellen\u0151rizze, hogy kompatibilis-e az adott laptopmodellj\u00e9vel.<\/p>\n","protected":false},"excerpt":{"rendered":"<p>Optimaliz\u00e1lja HP \u200b\u200bZBook 17 laptopja t\u00e1pell\u00e1t\u00e1s\u00e1t a HP ZBook 17 DC Jack DC bemeneti 230W 727818-SD9 porttal. \u00c9lvezze a megb\u00edzhat\u00f3 \u00e1ramforr\u00e1st a megszak\u00edt\u00e1s n\u00e9lk\u00fcli teljes\u00edtm\u00e9ny \u00e9rdek\u00e9ben.<\/p>\n","protected":false},"featured_media":3700,"template":"","meta":[],"product_brand":[],"product_cat":[20],"product_tag":[25],"class_list":{"0":"post-3675","1":"product","2":"type-product","3":"status-publish","4":"has-post-thumbnail","6":"product_cat-cables","7":"product_tag-hp","9":"first","10":"instock","11":"taxable","12":"shipping-taxable","13":"purchasable","14":"product-type-simple"},"_links":{"self":[{"href":"https:\/\/boreait.com\/hu\/wp-json\/wp\/v2\/product\/3675","targetHints":{"allow":["GET"]}}],"collection":[{"href":"https:\/\/boreait.com\/hu\/wp-json\/wp\/v2\/product"}],"about":[{"href":"https:\/\/boreait.com\/hu\/wp-json\/wp\/v2\/types\/product"}],"wp:featuredmedia":[{"embeddable":true,"href":"https:\/\/boreait.com\/hu\/wp-json\/wp\/v2\/media\/3700"}],"wp:attachment":[{"href":"https:\/\/boreait.com\/hu\/wp-json\/wp\/v2\/media?parent=3675"}],"wp:term":[{"taxonomy":"product_brand","embeddable":true,"href":"https:\/\/boreait.com\/hu\/wp-json\/wp\/v2\/product_brand?post=3675"},{"taxonomy":"product_cat","embeddable":true,"href":"https:\/\/boreait.com\/hu\/wp-json\/wp\/v2\/product_cat?post=3675"},{"taxonomy":"product_tag","embeddable":true,"href":"https:\/\/boreait.com\/hu\/wp-json\/wp\/v2\/product_tag?post=3675"}],"curies":[{"name":"wp","href":"https:\/\/api.w.org\/{rel}","templated":true}]}}