{"id":3674,"date":"2025-09-17T10:45:23","date_gmt":"2025-09-17T08:45:23","guid":{"rendered":"https:\/\/boreait.com\/hu\/?post_type=product&#038;p=3674"},"modified":"2026-01-09T13:43:36","modified_gmt":"2026-01-09T12:43:36","slug":"hp-probook-6560b-6565b-6570b-6575b-dc-tapcsatlakozo-kabelkoteg-bcs156-dc-in-kabel","status":"publish","type":"product","link":"https:\/\/boreait.com\/hu\/termek\/hp-probook-6560b-6565b-6570b-6575b-dc-tapcsatlakozo-kabelkoteg-bcs156-dc-in-kabel\/","title":{"rendered":"HP ProBook 6560B 6565B 6570B 6575B DC t\u00e1pcsatlakoz\u00f3 k\u00e1belk\u00f6teg BCS156 DC IN k\u00e1bel"},"content":{"rendered":"<p>Optimaliz\u00e1lja HP \u200b\u200bProBook 6560B, 6565B, 6570B vagy 6575B laptopja t\u00e1pell\u00e1t\u00e1s\u00e1t a HP ProBook DC t\u00e1pcsatlakoz\u00f3 k\u00e1belk\u00f6teg BCS156 DC IN k\u00e1bellel. A z\u00f6kken\u0151mentes t\u00e1pell\u00e1t\u00e1st \u00e9s a hat\u00e9kony t\u00f6lt\u00e9st biztos\u00edt\u00f3, eredeti egyen\u00e1ram\u00fa t\u00e1pcsatlakoz\u00f3 k\u00e1belk\u00f6teg tov\u00e1bbfejlesztett funkcionalit\u00e1st k\u00edn\u00e1l a jobb sz\u00e1m\u00edt\u00e1stechnikai \u00e9lm\u00e9ny \u00e9rdek\u00e9ben.<\/p>\n<p>A HP, a sz\u00e1m\u00edt\u00e1stechnika megb\u00edzhat\u00f3 vezet\u0151 gy\u00e1rt\u00f3ja \u00e1ltal gy\u00e1rtott HP ProBook DC t\u00e1pcsatlakoz\u00f3 k\u00e1belk\u00f6teg BCS156 DC IN k\u00e1belt \u00fagy tervezt\u00e9k, hogy megb\u00edzhat\u00f3 t\u00e1pell\u00e1t\u00e1st biztos\u00edtson. A laptop bels\u0151 rendszereinek n\u00e9lk\u00fcl\u00f6zhetetlen elemek\u00e9nt ez a k\u00e1bel kulcsfontoss\u00e1g\u00fa szerepet j\u00e1tszik a stabil \u00e1ramell\u00e1t\u00e1sban, hogy eszk\u00f6ze z\u00f6kken\u0151mentesen m\u0171k\u00f6dj\u00f6n.<\/p>\n<p>Ak\u00e1r fontos feladatokon dolgozik, ak\u00e1r j\u00e1tszik, vagy egyszer\u0171en csak b\u00f6ng\u00e9szik az interneten, ez a k\u00e1bel biztos\u00edtja, hogy laptopja megkapja az optim\u00e1lis m\u0171k\u00f6d\u00e9shez sz\u00fcks\u00e9ges \u00e1ramot. Prec\u00edzi\u00f3s tervez\u00e9se garant\u00e1lja a biztons\u00e1gos \u00e9s megb\u00edzhat\u00f3 kapcsolatot, cs\u00f6kkentve az \u00e1ramkimarad\u00e1sok vagy a laptop t\u00e1pcsatlakoz\u00f3j\u00e1nak k\u00e1rosod\u00e1s\u00e1nak kock\u00e1zat\u00e1t.<\/p>\n<p>A telep\u00edt\u00e9s egyszer\u0171 a laptop eredeti alkatr\u00e9szeihez igazod\u00f3 kialak\u00edt\u00e1snak k\u00f6sz\u00f6nhet\u0151en.\u00a0 Az eredeti HP alkatr\u00e9szek kiv\u00e1laszt\u00e1s\u00e1val laptopja t\u00e1pegys\u00e9g\u00e9nek min\u0151s\u00e9g\u00e9be \u00e9s megb\u00edzhat\u00f3s\u00e1g\u00e1ba fektet be.<\/p>\n<p>Friss\u00edtse laptopja t\u00e1pell\u00e1t\u00e1s\u00e1t a HP ProBook egyen\u00e1ram\u00fa t\u00e1pcsatlakoz\u00f3 k\u00e1belk\u00f6teg-k\u00e1bellel, BCS156 DC IN k\u00e1bellel. \u00c9lvezze a stabil t\u00e1pell\u00e1t\u00e1st, a hat\u00e9kony t\u00f6lt\u00e9st \u00e9s a megb\u00edzhat\u00f3 csatlakoz\u00e1st ProBook 6560B, 6565B, 6570B vagy 6575B laptopj\u00e1hoz. N\u00f6velje sz\u00e1m\u00edt\u00e1stechnikai \u00e9lm\u00e9ny\u00e9t ezzel a megb\u00edzhat\u00f3 \u00e9s hat\u00e9kony k\u00e1bellel.<\/p>\n<p>V\u00e1s\u00e1rl\u00e1s el\u0151tt ellen\u0151rizze, hogy kompatibilis-e az adott laptopmodellj\u00e9vel.<\/p>\n","protected":false},"excerpt":{"rendered":"<p>Optimaliz\u00e1lja HP \u200b\u200bProBook 6560B, 6565B, 6570B vagy 6575B laptopja t\u00e1pell\u00e1t\u00e1s\u00e1t a HP ProBook DC t\u00e1pcsatlakoz\u00f3 k\u00e1belk\u00f6teg BCS156 DC IN k\u00e1bellel. \u00c9lvezze a stabil t\u00e1pell\u00e1t\u00e1st \u00e9s a hat\u00e9kony t\u00f6lt\u00e9st.<\/p>\n","protected":false},"featured_media":3699,"template":"","meta":[],"product_brand":[],"product_cat":[20],"product_tag":[25],"class_list":{"0":"post-3674","1":"product","2":"type-product","3":"status-publish","4":"has-post-thumbnail","6":"product_cat-cables","7":"product_tag-hp","9":"first","10":"instock","11":"taxable","12":"shipping-taxable","13":"purchasable","14":"product-type-simple"},"_links":{"self":[{"href":"https:\/\/boreait.com\/hu\/wp-json\/wp\/v2\/product\/3674","targetHints":{"allow":["GET"]}}],"collection":[{"href":"https:\/\/boreait.com\/hu\/wp-json\/wp\/v2\/product"}],"about":[{"href":"https:\/\/boreait.com\/hu\/wp-json\/wp\/v2\/types\/product"}],"wp:featuredmedia":[{"embeddable":true,"href":"https:\/\/boreait.com\/hu\/wp-json\/wp\/v2\/media\/3699"}],"wp:attachment":[{"href":"https:\/\/boreait.com\/hu\/wp-json\/wp\/v2\/media?parent=3674"}],"wp:term":[{"taxonomy":"product_brand","embeddable":true,"href":"https:\/\/boreait.com\/hu\/wp-json\/wp\/v2\/product_brand?post=3674"},{"taxonomy":"product_cat","embeddable":true,"href":"https:\/\/boreait.com\/hu\/wp-json\/wp\/v2\/product_cat?post=3674"},{"taxonomy":"product_tag","embeddable":true,"href":"https:\/\/boreait.com\/hu\/wp-json\/wp\/v2\/product_tag?post=3674"}],"curies":[{"name":"wp","href":"https:\/\/api.w.org\/{rel}","templated":true}]}}