{"id":3672,"date":"2025-09-17T10:45:23","date_gmt":"2025-09-17T08:45:23","guid":{"rendered":"https:\/\/boreait.com\/hu\/?post_type=product&#038;p=3672"},"modified":"2026-01-09T13:43:00","modified_gmt":"2026-01-09T12:43:00","slug":"hp-462974-001-256-mb-gyorsitotar-ram-memoria-smart-array-p212-p410","status":"publish","type":"product","link":"https:\/\/boreait.com\/hu\/termek\/hp-462974-001-256-mb-gyorsitotar-ram-memoria-smart-array-p212-p410\/","title":{"rendered":"HP 462974-001 256 MB gyors\u00edt\u00f3t\u00e1r RAM mem\u00f3ria Smart Array P212 P410"},"content":{"rendered":"<p>B\u0151v\u00edtse HP Smart Array P212 vagy P410 teljes\u00edtm\u00e9ny\u00e9t \u00e9s gyors\u00edt\u00f3t\u00e1raz\u00e1si k\u00e9pess\u00e9geit a HP 462974-001 256 MB gyors\u00edt\u00f3t\u00e1r RAM mem\u00f3ri\u00e1val. A t\u00e1rol\u00e1si megold\u00e1s optimaliz\u00e1l\u00e1s\u00e1ra tervezett eredeti RAM mem\u00f3riamodul z\u00f6kken\u0151mentes integr\u00e1ci\u00f3t \u00e9s tov\u00e1bbfejlesztett adatfeldolgoz\u00e1st biztos\u00edt a jobb sz\u00e1m\u00edt\u00e1stechnikai \u00e9lm\u00e9ny \u00e9rdek\u00e9ben.<\/p>\n<p>A HP, a sz\u00e1m\u00edt\u00e1si \u00e9s t\u00e1rol\u00e1si technol\u00f3gia megb\u00edzhat\u00f3 vezet\u0151 gy\u00e1rt\u00f3ja \u00e1ltal gy\u00e1rtott HP 462974-001 gyors\u00edt\u00f3t\u00e1r RAM mem\u00f3ria megb\u00edzhat\u00f3 \u00e9s hat\u00e9kony gyors\u00edt\u00f3t\u00e1raz\u00e1si funkci\u00f3t biztos\u00edt. A Smart Array vez\u00e9rl\u0151 alapvet\u0151 elemek\u00e9nt ez a mem\u00f3riamodul kulcsfontoss\u00e1g\u00fa szerepet j\u00e1tszik az adathozz\u00e1f\u00e9r\u00e9s felgyors\u00edt\u00e1s\u00e1ban \u00e9s a t\u00e1rol\u00e1si teljes\u00edtm\u00e9ny fokoz\u00e1s\u00e1ban.<\/p>\n<p>Ak\u00e1r kritikus alkalmaz\u00e1sokat futtat, ak\u00e1r nagy adatk\u00e9szleteket kezel, ak\u00e1r gyors adatlek\u00e9r\u00e9st biztos\u00edt, ez a gyors\u00edt\u00f3t\u00e1r-mem\u00f3riamodul a k\u00edv\u00e1nt sebess\u00e9get \u00e9s hat\u00e9konys\u00e1got biztos\u00edtja. A 256 MB kapacit\u00e1s b\u0151s\u00e9ges helyet biztos\u00edt a gyakran el\u00e9rt adatok gyors\u00edt\u00f3t\u00e1raz\u00e1s\u00e1hoz, cs\u00f6kkenti a k\u00e9sleltet\u00e9st \u00e9s jav\u00edtja az \u00e1ltal\u00e1nos t\u00e1rol\u00e1si teljes\u00edtm\u00e9nyt.<\/p>\n<p>A telep\u00edt\u00e9s egyszer\u0171, mivel a modul kompatibilis a Smart Array P212 vagy P410 vez\u00e9rl\u0151vel. Ha eredeti HP alkatr\u00e9szeket v\u00e1laszt, akkor t\u00e1rol\u00e1si megold\u00e1sa min\u0151s\u00e9g\u00e9be \u00e9s megb\u00edzhat\u00f3s\u00e1g\u00e1ba fektet be.<\/p>\n<p>N\u00f6velje t\u00e1rol\u00e1si teljes\u00edtm\u00e9ny\u00e9t a HP 462974-001 256 MB gyors\u00edt\u00f3t\u00e1rral a Smart Array P212 \u00e9s P410 k\u00e9sz\u00fcl\u00e9kekhez. \u00c9lvezze a gyorsabb adathozz\u00e1f\u00e9r\u00e9st, a cs\u00f6kkentett k\u00e9sleltet\u00e9st \u00e9s a jobb t\u00e1rol\u00e1si hat\u00e9konys\u00e1got a kritikus sz\u00e1m\u00edt\u00e1si feladatokhoz. N\u00f6velje sz\u00e1m\u00edt\u00e1stechnikai \u00e9lm\u00e9ny\u00e9t ezzel a megb\u00edzhat\u00f3 \u00e9s hat\u00e9kony cache mem\u00f3riamodullal.<\/p>\n<p>V\u00e1s\u00e1rl\u00e1s el\u0151tt ellen\u0151rizze a kompatibilit\u00e1st az adott Smart Array vez\u00e9rl\u0151modellj\u00e9vel.<\/p>\n","protected":false},"excerpt":{"rendered":"<p>N\u00f6velje a t\u00e1rol\u00e1si teljes\u00edtm\u00e9nyt a HP 462974-001 256 MB gyors\u00edt\u00f3t\u00e1rral a Smart Array P212 \u00e9s P410 k\u00e9sz\u00fcl\u00e9kekhez. \u00c9lvezze a gyorsabb adathozz\u00e1f\u00e9r\u00e9st \u00e9s a jobb t\u00e1rol\u00e1si hat\u00e9konys\u00e1got kritikus sz\u00e1m\u00edt\u00e1si feladataihoz.<\/p>\n","protected":false},"featured_media":3697,"template":"","meta":[],"product_brand":[],"product_cat":[27],"product_tag":[25],"class_list":{"0":"post-3672","1":"product","2":"type-product","3":"status-publish","4":"has-post-thumbnail","6":"product_cat-motherboards-board-parts","7":"product_tag-hp","9":"first","10":"instock","11":"taxable","12":"shipping-taxable","13":"purchasable","14":"product-type-simple"},"_links":{"self":[{"href":"https:\/\/boreait.com\/hu\/wp-json\/wp\/v2\/product\/3672","targetHints":{"allow":["GET"]}}],"collection":[{"href":"https:\/\/boreait.com\/hu\/wp-json\/wp\/v2\/product"}],"about":[{"href":"https:\/\/boreait.com\/hu\/wp-json\/wp\/v2\/types\/product"}],"wp:featuredmedia":[{"embeddable":true,"href":"https:\/\/boreait.com\/hu\/wp-json\/wp\/v2\/media\/3697"}],"wp:attachment":[{"href":"https:\/\/boreait.com\/hu\/wp-json\/wp\/v2\/media?parent=3672"}],"wp:term":[{"taxonomy":"product_brand","embeddable":true,"href":"https:\/\/boreait.com\/hu\/wp-json\/wp\/v2\/product_brand?post=3672"},{"taxonomy":"product_cat","embeddable":true,"href":"https:\/\/boreait.com\/hu\/wp-json\/wp\/v2\/product_cat?post=3672"},{"taxonomy":"product_tag","embeddable":true,"href":"https:\/\/boreait.com\/hu\/wp-json\/wp\/v2\/product_tag?post=3672"}],"curies":[{"name":"wp","href":"https:\/\/api.w.org\/{rel}","templated":true}]}}