{"id":3671,"date":"2025-09-17T10:45:23","date_gmt":"2025-09-17T08:45:23","guid":{"rendered":"https:\/\/boreait.com\/hu\/?post_type=product&#038;p=3671"},"modified":"2026-01-09T13:42:41","modified_gmt":"2026-01-09T12:42:41","slug":"intel-core-duo-t2060-lf80539-16-ghz1m533-mobil-sl9vx","status":"publish","type":"product","link":"https:\/\/boreait.com\/hu\/termek\/intel-core-duo-t2060-lf80539-16-ghz1m533-mobil-sl9vx\/","title":{"rendered":"Intel Core Duo T2060 LF80539 1,6 GHz1M533 mobil SL9VX"},"content":{"rendered":"<p>N\u00f6velje laptopja feldolgoz\u00e1si teljes\u00edtm\u00e9ny\u00e9t az Intel Core Duo T2060 LF80539 1,6 GHz1M533 Mobile SL9VX processzorral. A laptop teljes\u00edtm\u00e9ny\u00e9nek optimaliz\u00e1l\u00e1s\u00e1ra tervezett eredeti Intel processzor z\u00f6kken\u0151mentes integr\u00e1ci\u00f3t \u00e9s tov\u00e1bbfejlesztett sz\u00e1m\u00edt\u00e1si k\u00e9pess\u00e9geket biztos\u00edt a jobb felhaszn\u00e1l\u00f3i \u00e9lm\u00e9ny \u00e9rdek\u00e9ben.<\/p>\n<p>Az Intel, a sz\u00e1m\u00edt\u00e1stechnika glob\u00e1lis vezet\u0151 v\u00e1llalata \u00e1ltal gy\u00e1rtott Intel Core Duo T2060 LF80539 processzort \u00fagy tervezt\u00e9k, hogy megb\u00edzhat\u00f3 \u00e9s hat\u00e9kony feldolgoz\u00e1si teljes\u00edtm\u00e9nyt biztos\u00edtson. A laptop bels\u0151 rendszereinek alapvet\u0151 elemek\u00e9nt ez a processzor kulcsszerepet j\u00e1tszik a t\u00f6bbfeladatos munkav\u00e9gz\u00e9s, az alkalmaz\u00e1sok teljes\u00edtm\u00e9ny\u00e9nek \u00e9s az \u00e1ltal\u00e1nos sz\u00e1m\u00edt\u00e1si sebess\u00e9g fokoz\u00e1s\u00e1ban.<\/p>\n<p>Ak\u00e1r meger\u0151ltet\u0151 feladatokon dolgozik, er\u0151forr\u00e1s-ig\u00e9nyes alkalmaz\u00e1sokat futtat, vagy egyszer\u0171en csak sim\u00e1bb t\u00f6bbfeladatos munkav\u00e9gz\u00e9sre v\u00e1gyik, ez a processzor az \u00d6n \u00e1ltal elv\u00e1rt sebess\u00e9get \u00e9s hat\u00e9konys\u00e1got biztos\u00edtja. 1,6 GHz-es \u00f3rajel\u00e9vel \u00e9s 1 MB gyors\u00edt\u00f3t\u00e1r\u00e1val biztos\u00edtja a k\u00fcl\u00f6nf\u00e9le feladatokhoz sz\u00fcks\u00e9ges sz\u00e1m\u00edt\u00e1si teljes\u00edtm\u00e9nyt.<\/p>\n<p>A processzor sz\u00e1mos laptopmodellel val\u00f3 kompatibilit\u00e1s\u00e1nak k\u00f6sz\u00f6nhet\u0151en a telep\u00edt\u00e9s egyszer\u0171. Az eredeti Intel alkatr\u00e9szek kiv\u00e1laszt\u00e1s\u00e1val laptopja feldolgoz\u00e1si k\u00e9pess\u00e9geinek min\u0151s\u00e9g\u00e9be \u00e9s megb\u00edzhat\u00f3s\u00e1g\u00e1ba fektet be.<\/p>\n<p>N\u00f6velje laptopja feldolgoz\u00e1si teljes\u00edtm\u00e9ny\u00e9t az Intel Core Duo T2060 LF80539 1,6 GHz1M533 Mobile SL9VX processzorral. \u00c9lvezze a tov\u00e1bbfejlesztett t\u00f6bbfeladatos munkav\u00e9gz\u00e9st, az alkalmaz\u00e1sok teljes\u00edtm\u00e9ny\u00e9t \u00e9s a sz\u00e1m\u00edt\u00e1si sebess\u00e9get laptopj\u00e1n. N\u00f6velje sz\u00e1m\u00edt\u00e1stechnikai \u00e9lm\u00e9ny\u00e9t ezzel a megb\u00edzhat\u00f3 \u00e9s hat\u00e9kony processzorral.<\/p>\n<p>V\u00e1s\u00e1rl\u00e1s el\u0151tt ellen\u0151rizze, hogy kompatibilis-e az adott laptopmodellj\u00e9vel.<\/p>\n","protected":false},"excerpt":{"rendered":"<p>N\u00f6velje laptopja teljes\u00edtm\u00e9ny\u00e9t az Intel Core Duo T2060 LF80539 1,6 GHz1M533 Mobile SL9VX processzorral. \u00c9lvezze a megn\u00f6velt sz\u00e1m\u00edt\u00e1si sebess\u00e9get \u00e9s a t\u00f6bbfeladatos munkav\u00e9gz\u00e9st.<\/p>\n","protected":false},"featured_media":3696,"template":"","meta":[],"product_brand":[],"product_cat":[39],"product_tag":[],"class_list":{"0":"post-3671","1":"product","2":"type-product","3":"status-publish","4":"has-post-thumbnail","6":"product_cat-processors-cpu","8":"first","9":"instock","10":"taxable","11":"shipping-taxable","12":"purchasable","13":"product-type-simple"},"_links":{"self":[{"href":"https:\/\/boreait.com\/hu\/wp-json\/wp\/v2\/product\/3671","targetHints":{"allow":["GET"]}}],"collection":[{"href":"https:\/\/boreait.com\/hu\/wp-json\/wp\/v2\/product"}],"about":[{"href":"https:\/\/boreait.com\/hu\/wp-json\/wp\/v2\/types\/product"}],"wp:featuredmedia":[{"embeddable":true,"href":"https:\/\/boreait.com\/hu\/wp-json\/wp\/v2\/media\/3696"}],"wp:attachment":[{"href":"https:\/\/boreait.com\/hu\/wp-json\/wp\/v2\/media?parent=3671"}],"wp:term":[{"taxonomy":"product_brand","embeddable":true,"href":"https:\/\/boreait.com\/hu\/wp-json\/wp\/v2\/product_brand?post=3671"},{"taxonomy":"product_cat","embeddable":true,"href":"https:\/\/boreait.com\/hu\/wp-json\/wp\/v2\/product_cat?post=3671"},{"taxonomy":"product_tag","embeddable":true,"href":"https:\/\/boreait.com\/hu\/wp-json\/wp\/v2\/product_tag?post=3671"}],"curies":[{"name":"wp","href":"https:\/\/api.w.org\/{rel}","templated":true}]}}