{"id":3655,"date":"2025-09-17T10:45:00","date_gmt":"2025-09-17T08:45:00","guid":{"rendered":"https:\/\/boreait.com\/hu\/?post_type=product&#038;p=3655"},"modified":"2026-01-09T13:40:55","modified_gmt":"2026-01-09T12:40:55","slug":"intel-core-i3-2120-330-ghz-es-foglalat-lga1155-processzor-cpu-sr05y","status":"publish","type":"product","link":"https:\/\/boreait.com\/hu\/termek\/intel-core-i3-2120-330-ghz-es-foglalat-lga1155-processzor-cpu-sr05y\/","title":{"rendered":"Intel Core i3-2120 3,30 GHz-es foglalat LGA1155 processzor CPU sr05y"},"content":{"rendered":"<p>N\u00f6velje asztali sz\u00e1m\u00edt\u00f3g\u00e9pe teljes\u00edtm\u00e9ny\u00e9t az sr05y Intel Core i3-2120 3,30 GHz-es foglalat\u00fa LGA1155 processzorral. A hat\u00e9kony \u00e9s \u00e9rz\u00e9keny sz\u00e1m\u00edt\u00e1stechnik\u00e1ra tervezett Intel processzor z\u00f6kken\u0151mentes integr\u00e1ci\u00f3t \u00e9s megn\u00f6velt sebess\u00e9get k\u00edn\u00e1l a kiv\u00e1l\u00f3 sz\u00e1m\u00edt\u00e1stechnikai \u00e9lm\u00e9ny \u00e9rdek\u00e9ben.<\/p>\n<p>A processzortechnol\u00f3gia egyik vezet\u0151 neve, az Intel \u00e1ltal gy\u00e1rtott Intel Core i3-2120 3,30 GHz-es \u00f3rajellel b\u00fcszk\u00e9lkedhet, \u00e9s kompatibilis az LGA1155 aljzatokkal. Ezt a k\u00e9tmagos processzort a sz\u00e1m\u00edt\u00e1stechnikai feladatok sz\u00e9les sk\u00e1l\u00e1j\u00e1nak kezel\u00e9s\u00e9re tervezt\u00e9k, a mindennapi irodai munk\u00e1t\u00f3l a multim\u00e9dia-fogyaszt\u00e1sig \u00e9s a k\u00f6nny\u0171 j\u00e1t\u00e9kig.<\/p>\n<p>Ak\u00e1r irodai dokumentumokon dolgozik, ak\u00e1r az interneten b\u00f6ng\u00e9szik, ak\u00e1r multim\u00e9di\u00e1s tartalmakat \u00e9lvez, az Intel Core i3-2120 biztos\u00edtja a sz\u00fcks\u00e9ges sebess\u00e9get \u00e9s teljes\u00edtm\u00e9nyt. Hat\u00e9kony architekt\u00far\u00e1ja \u00e9rz\u00e9keny teljes\u00edtm\u00e9nyt \u00e9s t\u00f6bbfeladatos k\u00e9pess\u00e9get biztos\u00edt, \u00edgy ide\u00e1lis a termel\u00e9kenys\u00e9g \u00e9s a sz\u00f3rakoz\u00e1s szempontj\u00e1b\u00f3l.<\/p>\n<p>A telep\u00edt\u00e9s egyszer\u0171, mivel \u00fagy tervezt\u00e9k, hogy illeszkedjen az LGA1155 aljzatokhoz.\u00a0 Ha hiteles Intel processzort v\u00e1laszt, akkor sz\u00e1m\u00edt\u00f3g\u00e9pe teljes\u00edtm\u00e9ny\u00e9nek min\u0151s\u00e9g\u00e9be \u00e9s megb\u00edzhat\u00f3s\u00e1g\u00e1ba fektet be.<\/p>\n<p>N\u00f6velje asztali sz\u00e1m\u00edt\u00f3g\u00e9pe feldolgoz\u00e1si teljes\u00edtm\u00e9ny\u00e9t az Intel Core i3-2120 3,30 GHz-es foglalat\u00fa LGA1155 processzorral. \u00c9lvezze a gyorsabb \u00e9s \u00e9rz\u00e9kenyebb sz\u00e1m\u00edt\u00e1stechnik\u00e1t napi feladataihoz, legyen sz\u00f3 munk\u00e1r\u00f3l, b\u00f6ng\u00e9sz\u00e9sr\u0151l vagy multim\u00e9di\u00e1s tartalmakr\u00f3l.<\/p>\n<p>V\u00e1s\u00e1rl\u00e1s el\u0151tt ellen\u0151rizze, hogy kompatibilis-e az adott alaplappal.<\/p>\n","protected":false},"excerpt":{"rendered":"<p>N\u00f6velje asztali sz\u00e1m\u00edt\u00f3g\u00e9pe teljes\u00edtm\u00e9ny\u00e9t az Intel Core i3-2120 3,30 GHz-es foglalat\u00fa LGA1155 processzorral. \u00c9lvezze a gyorsabb feldolgoz\u00e1st munk\u00e1hoz \u00e9s sz\u00f3rakoz\u00e1shoz.<\/p>\n","protected":false},"featured_media":3695,"template":"","meta":[],"product_brand":[],"product_cat":[39],"product_tag":[],"class_list":{"0":"post-3655","1":"product","2":"type-product","3":"status-publish","4":"has-post-thumbnail","6":"product_cat-processors-cpu","8":"first","9":"instock","10":"taxable","11":"shipping-taxable","12":"purchasable","13":"product-type-simple"},"_links":{"self":[{"href":"https:\/\/boreait.com\/hu\/wp-json\/wp\/v2\/product\/3655","targetHints":{"allow":["GET"]}}],"collection":[{"href":"https:\/\/boreait.com\/hu\/wp-json\/wp\/v2\/product"}],"about":[{"href":"https:\/\/boreait.com\/hu\/wp-json\/wp\/v2\/types\/product"}],"wp:featuredmedia":[{"embeddable":true,"href":"https:\/\/boreait.com\/hu\/wp-json\/wp\/v2\/media\/3695"}],"wp:attachment":[{"href":"https:\/\/boreait.com\/hu\/wp-json\/wp\/v2\/media?parent=3655"}],"wp:term":[{"taxonomy":"product_brand","embeddable":true,"href":"https:\/\/boreait.com\/hu\/wp-json\/wp\/v2\/product_brand?post=3655"},{"taxonomy":"product_cat","embeddable":true,"href":"https:\/\/boreait.com\/hu\/wp-json\/wp\/v2\/product_cat?post=3655"},{"taxonomy":"product_tag","embeddable":true,"href":"https:\/\/boreait.com\/hu\/wp-json\/wp\/v2\/product_tag?post=3655"}],"curies":[{"name":"wp","href":"https:\/\/api.w.org\/{rel}","templated":true}]}}