{"id":3654,"date":"2025-09-17T10:45:00","date_gmt":"2025-09-17T08:45:00","guid":{"rendered":"https:\/\/boreait.com\/hu\/?post_type=product&#038;p=3654"},"modified":"2025-09-17T10:45:35","modified_gmt":"2025-09-17T08:45:35","slug":"dell-latitude-e5450-hutoborda-szerelveny-hutoventilatorral-010yhd-06yydg-cpu-hoz","status":"publish","type":"product","link":"https:\/\/boreait.com\/hu\/termek\/dell-latitude-e5450-hutoborda-szerelveny-hutoventilatorral-010yhd-06yydg-cpu-hoz\/","title":{"rendered":"Dell Latitude E5450 h\u0171t\u0151borda szerelv\u00e9ny h\u0171t\u0151ventil\u00e1torral 010YHD 06YYDG CPU-hoz"},"content":{"rendered":"<p>N\u00f6velje Dell Latitude E5450 laptopja h\u0171t\u00e9s\u00e9t \u00e9s teljes\u00edtm\u00e9ny\u00e9t a Dell Latitude E5450 h\u0171t\u0151borda-egys\u00e9ggel h\u0171t\u0151ventill\u00e1torral a 010YHD 06YYDG processzorhoz. A laptop h\u0151kezel\u00e9s\u00e9nek optimaliz\u00e1l\u00e1s\u00e1ra kialak\u00edtott eredeti szerelv\u00e9ny z\u00f6kken\u0151mentes integr\u00e1ci\u00f3t \u00e9s jobb h\u0171t\u00e9st biztos\u00edt a jobb sz\u00e1m\u00edt\u00e1stechnikai \u00e9lm\u00e9ny \u00e9rdek\u00e9ben.<\/p>\n<p>A sz\u00e1m\u00edt\u00e1stechnika megb\u00edzhat\u00f3 vezet\u0151j\u00e9nek sz\u00e1m\u00edt\u00f3 Dell gy\u00e1rt\u00f3ja, a Dell Latitude E5450 h\u0171t\u0151ventil\u00e1tor-egys\u00e9g h\u0171t\u0151ventill\u00e1torral a 010YHD 06YYDG processzorhoz \u00fagy lett kialak\u00edtva, hogy megb\u00edzhat\u00f3 \u00e9s hat\u00e9kony h\u0171t\u00e9st biztos\u00edtson laptopja CPU-j\u00e1nak. A laptop bels\u0151 rendszereinek alapvet\u0151 elemek\u00e9nt ez az \u00f6ssze\u00e1ll\u00edt\u00e1s kulcsfontoss\u00e1g\u00fa szerepet j\u00e1tszik az optim\u00e1lis CPU-h\u0151m\u00e9rs\u00e9klet fenntart\u00e1s\u00e1ban \u00e9s a cs\u00facsteljes\u00edtm\u00e9ny biztos\u00edt\u00e1s\u00e1ban.<\/p>\n<p>Ak\u00e1r er\u0151forr\u00e1s-ig\u00e9nyes feladatokon dolgozik, ak\u00e1r ig\u00e9nyes alkalmaz\u00e1sokat futtat, ak\u00e1r t\u00f6bb feladatot v\u00e9gez, ez a h\u0171t\u0151borda-szerelv\u00e9ny \u00e9s h\u0171t\u0151ventil\u00e1tor biztos\u00edtja az \u00d6n \u00e1ltal elv\u00e1rt k\u00e9nyelmet \u00e9s hat\u00e9konys\u00e1got. Seg\u00edt hat\u00e9konyan elvezetni a h\u0151t, megakad\u00e1lyozza a h\u0151szab\u00e1lyoz\u00e1st, \u00e9s biztos\u00edtja, hogy laptopja a lehet\u0151 legjobban m\u0171k\u00f6dj\u00f6n.<\/p>\n<p>A telep\u00edt\u00e9s egyszer\u0171 a laptop eredeti alkatr\u00e9szeihez igazod\u00f3 kialak\u00edt\u00e1snak k\u00f6sz\u00f6nhet\u0151en. Az eredeti Dell alkatr\u00e9szek kiv\u00e1laszt\u00e1s\u00e1val laptopja h\u0151kezel\u00e9s\u00e9nek min\u0151s\u00e9g\u00e9be \u00e9s megb\u00edzhat\u00f3s\u00e1g\u00e1ba fektet be.<\/p>\n<p>Friss\u00edtse laptopja h\u0171t\u00e9s\u00e9t \u00e9s teljes\u00edtm\u00e9ny\u00e9t a Dell Latitude E5450 h\u0171t\u0151borda-egys\u00e9ggel h\u0171t\u0151ventil\u00e1torral a 010YHD 06YYDG processzorhoz. \u00c9lvezze a tov\u00e1bbfejlesztett h\u0151kezel\u00e9st, az optimaliz\u00e1lt CPU-teljes\u00edtm\u00e9nyt \u00e9s a tov\u00e1bbfejlesztett \u00e1ltal\u00e1nos sz\u00e1m\u00edt\u00e1si teljes\u00edtm\u00e9nyt Latitude E5450 k\u00e9sz\u00fcl\u00e9k\u00e9n. N\u00f6velje sz\u00e1m\u00edt\u00e1stechnikai \u00e9lm\u00e9ny\u00e9t ezzel a megb\u00edzhat\u00f3 \u00e9s hat\u00e9kony \u00f6ssze\u00e1ll\u00edt\u00e1ssal.<\/p>\n<p>V\u00e1s\u00e1rl\u00e1s el\u0151tt ellen\u0151rizze, hogy kompatibilis-e az adott laptopmodellj\u00e9vel.<\/p>\n","protected":false},"excerpt":{"rendered":"<p>Fokozza a h\u0171t\u00e9st \u00e9s a processzor teljes\u00edtm\u00e9ny\u00e9t Dell Latitude E5450 laptopj\u00e1n a Dell Latitude E5450 h\u0171t\u0151borda szerelv\u00e9nnyel h\u0171t\u0151ventil\u00e1torral a 010YHD 06YYDG processzorhoz. \u00c9lvezze a hat\u00e9kony h\u0151elvezet\u00e9st a cs\u00facsteljes\u00edtm\u00e9ny \u00e9rdek\u00e9ben.<\/p>\n","protected":false},"featured_media":3693,"template":"","meta":[],"product_brand":[],"product_cat":[33],"product_tag":[17],"class_list":{"0":"post-3654","1":"product","2":"type-product","3":"status-publish","4":"has-post-thumbnail","6":"product_cat-cpu-fans-heatsinks","7":"product_tag-dell","9":"first","10":"instock","11":"taxable","12":"shipping-taxable","13":"purchasable","14":"product-type-simple"},"_links":{"self":[{"href":"https:\/\/boreait.com\/hu\/wp-json\/wp\/v2\/product\/3654","targetHints":{"allow":["GET"]}}],"collection":[{"href":"https:\/\/boreait.com\/hu\/wp-json\/wp\/v2\/product"}],"about":[{"href":"https:\/\/boreait.com\/hu\/wp-json\/wp\/v2\/types\/product"}],"wp:featuredmedia":[{"embeddable":true,"href":"https:\/\/boreait.com\/hu\/wp-json\/wp\/v2\/media\/3693"}],"wp:attachment":[{"href":"https:\/\/boreait.com\/hu\/wp-json\/wp\/v2\/media?parent=3654"}],"wp:term":[{"taxonomy":"product_brand","embeddable":true,"href":"https:\/\/boreait.com\/hu\/wp-json\/wp\/v2\/product_brand?post=3654"},{"taxonomy":"product_cat","embeddable":true,"href":"https:\/\/boreait.com\/hu\/wp-json\/wp\/v2\/product_cat?post=3654"},{"taxonomy":"product_tag","embeddable":true,"href":"https:\/\/boreait.com\/hu\/wp-json\/wp\/v2\/product_tag?post=3654"}],"curies":[{"name":"wp","href":"https:\/\/api.w.org\/{rel}","templated":true}]}}