{"id":3653,"date":"2025-09-17T10:45:00","date_gmt":"2025-09-17T08:45:00","guid":{"rendered":"https:\/\/boreait.com\/hu\/?post_type=product&#038;p=3653"},"modified":"2026-01-09T13:40:38","modified_gmt":"2026-01-09T12:40:38","slug":"hp-zbook-17-g1-g2-cpu-hutoborda-rezcsohoz-735371-001","status":"publish","type":"product","link":"https:\/\/boreait.com\/hu\/termek\/hp-zbook-17-g1-g2-cpu-hutoborda-rezcsohoz-735371-001\/","title":{"rendered":"HP ZBOOK 17 G1 G2 CPU h\u0171t\u0151borda r\u00e9zcs\u0151h\u00f6z 735371-001"},"content":{"rendered":"<p>N\u00f6velje HP ZBook 17 G1 vagy G2 laptopja h\u0171t\u00e9si teljes\u00edtm\u00e9ny\u00e9t a HP ZBook 17 G1 G2 CPU h\u0171t\u0151borda 735371-001 r\u00e9zcs\u0151vel. A laptop h\u0151kezel\u00e9s\u00e9nek optimaliz\u00e1l\u00e1s\u00e1ra k\u00e9sz\u00fclt, ez az eredeti CPU-h\u0171t\u0151borda r\u00e9zcs\u0151vel hat\u00e9kony h\u0151elvezet\u00e9st \u00e9s jobb teljes\u00edtm\u00e9nyt biztos\u00edt a jobb sz\u00e1m\u00edt\u00e1stechnikai \u00e9lm\u00e9ny \u00e9rdek\u00e9ben.<\/p>\n<p>A HP, a sz\u00e1m\u00edt\u00e1stechnika megb\u00edzhat\u00f3 vezet\u0151 gy\u00e1rt\u00f3ja \u00e1ltal gy\u00e1rtott HP ZBook 17 G1 G2 CPU h\u0171t\u0151borda r\u00e9zcs\u0151 735371-001 \u00fagy lett kialak\u00edtva, hogy megb\u00edzhat\u00f3 \u00e9s hat\u00e9kony h\u0171t\u00e9st biztos\u00edtson laptopja CPU-j\u00e1nak. A laptop bels\u0151 rendszereinek alapvet\u0151 elemek\u00e9nt ez a h\u0171t\u0151borda kulcsfontoss\u00e1g\u00fa szerepet j\u00e1tszik az optim\u00e1lis m\u0171k\u00f6d\u00e9si h\u0151m\u00e9rs\u00e9klet fenntart\u00e1s\u00e1ban, a t\u00falmeleged\u00e9s megel\u0151z\u00e9s\u00e9ben \u00e9s a stabil teljes\u00edtm\u00e9ny biztos\u00edt\u00e1s\u00e1ban.<\/p>\n<p>Ak\u00e1r ig\u00e9nyes alkalmaz\u00e1sokat futtat, ak\u00e1r t\u00f6bbfeladatot v\u00e9gez, ak\u00e1r er\u0151forr\u00e1s-ig\u00e9nyes feladatokat v\u00e9gez, ez a r\u00e9zcs\u0151vel ell\u00e1tott h\u0171t\u0151borda az \u00d6n \u00e1ltal elv\u00e1rt h\u0171t\u00e9si hat\u00e9konys\u00e1got biztos\u00edtja. A r\u00e9zcs\u0151 fokozza a h\u0151\u00e1tad\u00e1st, lehet\u0151v\u00e9 t\u00e9ve, hogy laptopja a lehet\u0151 legjobban m\u0171k\u00f6dj\u00f6n nagy terhel\u00e9s mellett is.<\/p>\n<p>A telep\u00edt\u00e9s egyszer\u0171 a laptop eredeti alkatr\u00e9szeihez igazod\u00f3 kialak\u00edt\u00e1snak k\u00f6sz\u00f6nhet\u0151en. Az eredeti HP alkatr\u00e9szek kiv\u00e1laszt\u00e1s\u00e1val laptopja h\u0151kezel\u00e9s\u00e9nek min\u0151s\u00e9g\u00e9be \u00e9s megb\u00edzhat\u00f3s\u00e1g\u00e1ba fektet be.<\/p>\n<p>N\u00f6velje laptopja h\u0171t\u00e9si teljes\u00edtm\u00e9ny\u00e9t a HP ZBook 17 G1 G2 CPU h\u0171t\u0151borda 735371-001 r\u00e9zcs\u0151vel. \u00c9lvezze a hat\u00e9kony h\u0151elvezet\u00e9st, a stabil teljes\u00edtm\u00e9nyt \u00e9s a megb\u00edzhat\u00f3 h\u0171t\u00e9st a ZBook 17 G1 vagy G2 sz\u00e1m\u00e1ra. N\u00f6velje sz\u00e1m\u00edt\u00e1stechnikai \u00e9lm\u00e9ny\u00e9t ezzel a megb\u00edzhat\u00f3 \u00e9s hat\u00e9kony h\u0171t\u0151bord\u00e1val.<\/p>\n<p>V\u00e1s\u00e1rl\u00e1s el\u0151tt ellen\u0151rizze, hogy kompatibilis-e az adott laptopmodellj\u00e9vel.<\/p>\n","protected":false},"excerpt":{"rendered":"<p>N\u00f6velje HP ZBook 17 G1 vagy G2 laptopja h\u0171t\u00e9si teljes\u00edtm\u00e9ny\u00e9t a HP ZBook 17 G1 G2 CPU h\u0171t\u0151borda 735371-001 r\u00e9zcs\u0151vel. \u00c9lvezze a hat\u00e9kony h\u0151elvezet\u00e9st \u00e9s a stabil teljes\u00edtm\u00e9nyt.<\/p>\n","protected":false},"featured_media":3692,"template":"","meta":[],"product_brand":[],"product_cat":[33],"product_tag":[25],"class_list":{"0":"post-3653","1":"product","2":"type-product","3":"status-publish","4":"has-post-thumbnail","6":"product_cat-cpu-fans-heatsinks","7":"product_tag-hp","9":"first","10":"instock","11":"taxable","12":"shipping-taxable","13":"purchasable","14":"product-type-simple"},"_links":{"self":[{"href":"https:\/\/boreait.com\/hu\/wp-json\/wp\/v2\/product\/3653","targetHints":{"allow":["GET"]}}],"collection":[{"href":"https:\/\/boreait.com\/hu\/wp-json\/wp\/v2\/product"}],"about":[{"href":"https:\/\/boreait.com\/hu\/wp-json\/wp\/v2\/types\/product"}],"wp:featuredmedia":[{"embeddable":true,"href":"https:\/\/boreait.com\/hu\/wp-json\/wp\/v2\/media\/3692"}],"wp:attachment":[{"href":"https:\/\/boreait.com\/hu\/wp-json\/wp\/v2\/media?parent=3653"}],"wp:term":[{"taxonomy":"product_brand","embeddable":true,"href":"https:\/\/boreait.com\/hu\/wp-json\/wp\/v2\/product_brand?post=3653"},{"taxonomy":"product_cat","embeddable":true,"href":"https:\/\/boreait.com\/hu\/wp-json\/wp\/v2\/product_cat?post=3653"},{"taxonomy":"product_tag","embeddable":true,"href":"https:\/\/boreait.com\/hu\/wp-json\/wp\/v2\/product_tag?post=3653"}],"curies":[{"name":"wp","href":"https:\/\/api.w.org\/{rel}","templated":true}]}}