{"id":3652,"date":"2025-09-17T10:44:59","date_gmt":"2025-09-17T08:44:59","guid":{"rendered":"https:\/\/boreait.com\/hu\/?post_type=product&#038;p=3652"},"modified":"2025-09-17T10:45:32","modified_gmt":"2025-09-17T08:45:32","slug":"cpu-ventilator-hp-elitebook-740-745-755-840-850-zbook-14-g1-g2-730792-001","status":"publish","type":"product","link":"https:\/\/boreait.com\/hu\/termek\/cpu-ventilator-hp-elitebook-740-745-755-840-850-zbook-14-g1-g2-730792-001\/","title":{"rendered":"CPU ventil\u00e1tor HP Elitebook 740 745 755 840 850 ZBook 14 G1 G2 730792-001"},"content":{"rendered":"<p>Tartsa a HP EliteBook 740, 745, 755, 840, 850, ZBook 14 G1 \u00e9s G2 optim\u00e1lis h\u0151m\u00e9rs\u00e9kleten a HP Elitebook 730792-001 CPU ventil\u00e1tor\u00e1val. A laptop h\u0171v\u00f6s \u00e9s hat\u00e9kony m\u0171k\u00f6d\u00e9si k\u00f6rnyezet\u00e9nek fenntart\u00e1s\u00e1ra tervezett eredeti CPU-ventil\u00e1tor z\u00f6kken\u0151mentes integr\u00e1ci\u00f3t \u00e9s jobb h\u0171t\u00e9si teljes\u00edtm\u00e9nyt biztos\u00edt a jobb sz\u00e1m\u00edt\u00e1stechnikai \u00e9lm\u00e9ny \u00e9rdek\u00e9ben.<\/p>\n<p>A HP, a sz\u00e1m\u00edt\u00e1stechnika egyik megb\u00edzhat\u00f3 vezet\u0151 gy\u00e1rt\u00f3ja, a HP Elitebook 730792-001 CPU ventil\u00e1tor megb\u00edzhat\u00f3 \u00e9s hat\u00e9kony h\u0171t\u00e9st biztos\u00edt. A laptop bels\u0151 rendszereinek alapvet\u0151 elemek\u00e9nt ez a ventil\u00e1tor kulcsszerepet j\u00e1tszik a CPU \u00e1ltal termelt h\u0151 elvezet\u00e9s\u00e9ben.<\/p>\n<p>Ak\u00e1r er\u0151forr\u00e1sig\u00e9nyes feladatokon dolgozik, ak\u00e1r j\u00e1t\u00e9kon, ak\u00e1r t\u00f6bbfeladatos munkav\u00e9gz\u00e9sen dolgozik, ez a CPU-ventil\u00e1tor biztos\u00edtja a t\u00falmeleged\u00e9s megel\u0151z\u00e9s\u00e9hez \u00e9s a z\u00f6kken\u0151mentes teljes\u00edtm\u00e9ny fenntart\u00e1s\u00e1hoz sz\u00fcks\u00e9ges h\u0171t\u00e9si hat\u00e9konys\u00e1got. Elengedhetetlen a laptop \u00e9lettartam\u00e1nak meghosszabb\u00edt\u00e1s\u00e1hoz \u00e9s a stabil m\u0171k\u00f6d\u00e9s biztos\u00edt\u00e1s\u00e1hoz a megterhel\u0151 feladatok sor\u00e1n.<\/p>\n<p>A telep\u00edt\u00e9s egyszer\u0171 a laptop eredeti alkatr\u00e9szeihez igazod\u00f3 kialak\u00edt\u00e1snak k\u00f6sz\u00f6nhet\u0151en. Az eredeti HP alkatr\u00e9szek kiv\u00e1laszt\u00e1s\u00e1val laptopja h\u0171t\u0151rendszer\u00e9nek min\u0151s\u00e9g\u00e9be \u00e9s megb\u00edzhat\u00f3s\u00e1g\u00e1ba fektet be.<\/p>\n<p>N\u00f6velje laptopja h\u0171t\u00e9si teljes\u00edtm\u00e9ny\u00e9t a HP Elitebook 730792-001 CPU ventil\u00e1tor\u00e1val. \u00c9lvezze a tov\u00e1bbfejlesztett h\u0151kezel\u00e9st, megakad\u00e1lyozza a t\u00falmeleged\u00e9st, \u00e9s tartsa fenn a sima \u00e9s stabil teljes\u00edtm\u00e9nyt EliteBook 740, 745, 755, 840, 850, ZBook 14 G1 \u00e9s G2 k\u00e9sz\u00fcl\u00e9keken. N\u00f6velje sz\u00e1m\u00edt\u00e1stechnikai \u00e9lm\u00e9ny\u00e9t ezzel a megb\u00edzhat\u00f3 \u00e9s hat\u00e9kony CPU ventil\u00e1torral.<\/p>\n<p>V\u00e1s\u00e1rl\u00e1s el\u0151tt ellen\u0151rizze, hogy kompatibilis-e az adott laptopmodellj\u00e9vel.<\/p>\n","protected":false},"excerpt":{"rendered":"<p>N\u00f6velje HP EliteBook 740, 745, 755, 840, 850, ZBook 14 G1 \u00e9s G2 h\u0171t\u00e9si teljes\u00edtm\u00e9ny\u00e9t a HP Elitebook 730792-001 CPU ventil\u00e1tor\u00e1val. Akad\u00e1lyozza meg a t\u00falmeleged\u00e9st \u00e9s biztos\u00edtsa a z\u00f6kken\u0151mentes m\u0171k\u00f6d\u00e9st.<\/p>\n","protected":false},"featured_media":3691,"template":"","meta":[],"product_brand":[],"product_cat":[33],"product_tag":[25],"class_list":{"0":"post-3652","1":"product","2":"type-product","3":"status-publish","4":"has-post-thumbnail","6":"product_cat-cpu-fans-heatsinks","7":"product_tag-hp","9":"first","10":"instock","11":"taxable","12":"shipping-taxable","13":"purchasable","14":"product-type-simple"},"_links":{"self":[{"href":"https:\/\/boreait.com\/hu\/wp-json\/wp\/v2\/product\/3652","targetHints":{"allow":["GET"]}}],"collection":[{"href":"https:\/\/boreait.com\/hu\/wp-json\/wp\/v2\/product"}],"about":[{"href":"https:\/\/boreait.com\/hu\/wp-json\/wp\/v2\/types\/product"}],"wp:featuredmedia":[{"embeddable":true,"href":"https:\/\/boreait.com\/hu\/wp-json\/wp\/v2\/media\/3691"}],"wp:attachment":[{"href":"https:\/\/boreait.com\/hu\/wp-json\/wp\/v2\/media?parent=3652"}],"wp:term":[{"taxonomy":"product_brand","embeddable":true,"href":"https:\/\/boreait.com\/hu\/wp-json\/wp\/v2\/product_brand?post=3652"},{"taxonomy":"product_cat","embeddable":true,"href":"https:\/\/boreait.com\/hu\/wp-json\/wp\/v2\/product_cat?post=3652"},{"taxonomy":"product_tag","embeddable":true,"href":"https:\/\/boreait.com\/hu\/wp-json\/wp\/v2\/product_tag?post=3652"}],"curies":[{"name":"wp","href":"https:\/\/api.w.org\/{rel}","templated":true}]}}