{"id":3650,"date":"2025-09-17T10:44:59","date_gmt":"2025-09-17T08:44:59","guid":{"rendered":"https:\/\/boreait.com\/hu\/?post_type=product&#038;p=3650"},"modified":"2026-01-09T13:40:18","modified_gmt":"2026-01-09T12:40:18","slug":"eredeti-hp-elitebook-820-g1-12-5-laptop-hutoborda-730556-001","status":"publish","type":"product","link":"https:\/\/boreait.com\/hu\/termek\/eredeti-hp-elitebook-820-g1-12-5-laptop-hutoborda-730556-001\/","title":{"rendered":"Eredeti HP EliteBook 820 G1 12.5 laptop h\u0171t\u0151borda &#8211; 730556-001"},"content":{"rendered":"<p>N\u00f6velje HP EliteBook 820 G1 laptopja h\u0171t\u00e9si teljes\u00edtm\u00e9ny\u00e9t az eredeti HP EliteBook 820 G1 12.5 laptop h\u0171t\u0151 h\u0171t\u0151bord\u00e1val &#8211; 730556-001. A laptop h\u0151kezel\u00e9s\u00e9nek optimaliz\u00e1l\u00e1s\u00e1ra tervezett eredeti h\u0171t\u0151borda z\u00f6kken\u0151mentes integr\u00e1ci\u00f3t \u00e9s jobb h\u0171t\u00e9si hat\u00e9konys\u00e1got biztos\u00edt a jobb sz\u00e1m\u00edt\u00e1stechnikai \u00e9lm\u00e9ny \u00e9rdek\u00e9ben.<\/p>\n<p>A HP, a sz\u00e1m\u00edt\u00e1stechnika megb\u00edzhat\u00f3 vezet\u0151 gy\u00e1rt\u00f3ja \u00e1ltal gy\u00e1rtott eredeti HP EliteBook 820 G1 laptop h\u0171t\u0151 h\u0171t\u0151borda &#8211; 730556-001 megb\u00edzhat\u00f3 h\u0171t\u00e9si teljes\u00edtm\u00e9nyt ny\u00fajt. A laptop bels\u0151 rendszereinek alapvet\u0151 elemek\u00e9nt ez a h\u0171t\u0151borda kulcsfontoss\u00e1g\u00fa szerepet j\u00e1tszik az optim\u00e1lis m\u0171k\u00f6d\u00e9si h\u0151m\u00e9rs\u00e9klet fenntart\u00e1s\u00e1ban.<\/p>\n<p>Ak\u00e1r meger\u0151ltet\u0151 feladatokkal foglalkozik, er\u0151forr\u00e1s-ig\u00e9nyes alkalmaz\u00e1sokat futtat, vagy egyszer\u0171en csak z\u00f6kken\u0151mentes \u00e9s hat\u00e9kony m\u0171k\u00f6d\u00e9st biztos\u00edt, ez a h\u0171t\u0151borda az \u00d6n \u00e1ltal elv\u00e1rt h\u0171t\u00e9si hat\u00e9konys\u00e1got biztos\u00edtja. Seg\u00edti a h\u0151 hat\u00e9kony elvezet\u00e9s\u00e9t, megakad\u00e1lyozza a t\u00falmeleged\u00e9st \u00e9s biztos\u00edtja a hosszan tart\u00f3 teljes\u00edtm\u00e9nyt.<\/p>\n<p>A telep\u00edt\u00e9s egyszer\u0171 a laptop eredeti alkatr\u00e9szeihez igazod\u00f3 kialak\u00edt\u00e1snak k\u00f6sz\u00f6nhet\u0151en. Az eredeti HP alkatr\u00e9szek kiv\u00e1laszt\u00e1s\u00e1val laptopja h\u0151kezel\u00e9s\u00e9nek min\u0151s\u00e9g\u00e9be \u00e9s megb\u00edzhat\u00f3s\u00e1g\u00e1ba fektet be.<\/p>\n<p>N\u00f6velje laptopja h\u0171t\u00e9si teljes\u00edtm\u00e9ny\u00e9t az eredeti HP EliteBook 820 G1 laptop h\u0171t\u0151 h\u0171t\u0151bord\u00e1val &#8211; 730556-001. \u00c9lvezze EliteBook 820 G1 jobb h\u0151elvezet\u00e9s\u00e9t, cs\u00f6kkentett t\u00falmeleged\u00e9si kock\u00e1zat\u00e1t \u00e9s optim\u00e1lis m\u0171k\u00f6d\u00e9s\u00e9t. N\u00f6velje sz\u00e1m\u00edt\u00e1stechnikai \u00e9lm\u00e9ny\u00e9t ezzel a megb\u00edzhat\u00f3 \u00e9s hat\u00e9kony h\u0171t\u0151bord\u00e1val.<\/p>\n<p>V\u00e1s\u00e1rl\u00e1s el\u0151tt ellen\u0151rizze, hogy kompatibilis-e az adott laptopmodellj\u00e9vel.<\/p>\n","protected":false},"excerpt":{"rendered":"<p>N\u00f6velje HP EliteBook 820 G1 laptopja h\u0171t\u00e9si teljes\u00edtm\u00e9ny\u00e9t az eredeti HP EliteBook 820 G1 laptop h\u0171t\u0151 h\u0171t\u0151bord\u00e1val &#8211; 730556-001. \u00c9lvezze a jobb h\u0151elvezet\u00e9st \u00e9s az optim\u00e1lis h\u0151kezel\u00e9st.<\/p>\n","protected":false},"featured_media":3689,"template":"","meta":[],"product_brand":[],"product_cat":[33],"product_tag":[25],"class_list":{"0":"post-3650","1":"product","2":"type-product","3":"status-publish","4":"has-post-thumbnail","6":"product_cat-cpu-fans-heatsinks","7":"product_tag-hp","9":"first","10":"instock","11":"taxable","12":"shipping-taxable","13":"purchasable","14":"product-type-simple"},"_links":{"self":[{"href":"https:\/\/boreait.com\/hu\/wp-json\/wp\/v2\/product\/3650","targetHints":{"allow":["GET"]}}],"collection":[{"href":"https:\/\/boreait.com\/hu\/wp-json\/wp\/v2\/product"}],"about":[{"href":"https:\/\/boreait.com\/hu\/wp-json\/wp\/v2\/types\/product"}],"wp:featuredmedia":[{"embeddable":true,"href":"https:\/\/boreait.com\/hu\/wp-json\/wp\/v2\/media\/3689"}],"wp:attachment":[{"href":"https:\/\/boreait.com\/hu\/wp-json\/wp\/v2\/media?parent=3650"}],"wp:term":[{"taxonomy":"product_brand","embeddable":true,"href":"https:\/\/boreait.com\/hu\/wp-json\/wp\/v2\/product_brand?post=3650"},{"taxonomy":"product_cat","embeddable":true,"href":"https:\/\/boreait.com\/hu\/wp-json\/wp\/v2\/product_cat?post=3650"},{"taxonomy":"product_tag","embeddable":true,"href":"https:\/\/boreait.com\/hu\/wp-json\/wp\/v2\/product_tag?post=3650"}],"curies":[{"name":"wp","href":"https:\/\/api.w.org\/{rel}","templated":true}]}}