{"id":3649,"date":"2025-09-17T10:44:59","date_gmt":"2025-09-17T08:44:59","guid":{"rendered":"https:\/\/boreait.com\/hu\/?post_type=product&#038;p=3649"},"modified":"2025-09-17T10:45:28","modified_gmt":"2025-09-17T08:45:28","slug":"dell-latitude-kdb0705hc-a04-ventilatorhoz-6yydg-dc28000efsl-06yydg","status":"publish","type":"product","link":"https:\/\/boreait.com\/hu\/termek\/dell-latitude-kdb0705hc-a04-ventilatorhoz-6yydg-dc28000efsl-06yydg\/","title":{"rendered":"DELL Latitude KDB0705HC A04 ventil\u00e1torhoz 6YYDG DC28000EFSL 06YYDG"},"content":{"rendered":"<p>Friss\u00edtse DELL Latitude laptopja h\u0171t\u0151rendszer\u00e9t a DELL Latitude KDB0705HC A04 ventil\u00e1torral 6YYDG DC28000EFSL 06YYDG. A laptop h\u0151teljes\u00edtm\u00e9ny\u00e9nek optimaliz\u00e1l\u00e1s\u00e1ra tervezett eredeti h\u0171t\u0151ventil\u00e1tor z\u00f6kken\u0151mentes integr\u00e1ci\u00f3t \u00e9s jobb h\u0171t\u00e9si hat\u00e9konys\u00e1got biztos\u00edt a jobb sz\u00e1m\u00edt\u00e1stechnikai \u00e9lm\u00e9ny \u00e9rdek\u00e9ben.<\/p>\n<p>A DELL, a sz\u00e1m\u00edt\u00e1stechnika megb\u00edzhat\u00f3 vezet\u0151 gy\u00e1rt\u00f3ja \u00e1ltal gy\u00e1rtott DELL Latitude KDB0705HC A04 ventil\u00e1tor 6YYDG DC28000EFSL 06YYDG megb\u00edzhat\u00f3 \u00e9s hat\u00e9kony h\u0171t\u00e9st biztos\u00edt. A laptop bels\u0151 rendszereinek alapvet\u0151 elemek\u00e9nt ez a ventil\u00e1tor kulcsszerepet j\u00e1tszik az optim\u00e1lis m\u0171k\u00f6d\u00e9si h\u0151m\u00e9rs\u00e9klet fenntart\u00e1s\u00e1ban \u00e9s a t\u00falmeleged\u00e9s megel\u0151z\u00e9s\u00e9ben.<\/p>\n<p>Ak\u00e1r er\u0151forr\u00e1sig\u00e9nyes feladatokon dolgozik, ak\u00e1r j\u00e1tszik, vagy egyszer\u0171en csak meghosszabb\u00edtja laptopja \u00e9lettartam\u00e1t, ez a h\u0171t\u0151ventil\u00e1tor az \u00d6n \u00e1ltal elv\u00e1rt hat\u00e9konys\u00e1got \u00e9s hat\u00e9konys\u00e1got biztos\u00edtja. Seg\u00edt elvezetni a h\u0151t, \u00e9s biztos\u00edtja, hogy laptopja cs\u00facsteljes\u00edtm\u00e9nyen m\u0171k\u00f6dj\u00f6n an\u00e9lk\u00fcl, hogy fenn\u00e1llna a h\u0151szab\u00e1lyoz\u00e1s vagy a t\u00falzott h\u0151 okozta k\u00e1rosod\u00e1s vesz\u00e9lye.<\/p>\n<p>A telep\u00edt\u00e9s egyszer\u0171 a laptop eredeti alkatr\u00e9szeihez igazod\u00f3 kialak\u00edt\u00e1snak k\u00f6sz\u00f6nhet\u0151en. Az eredeti DELL alkatr\u00e9szek kiv\u00e1laszt\u00e1s\u00e1val laptopja h\u0151kezel\u00e9s\u00e9nek min\u0151s\u00e9g\u00e9be \u00e9s megb\u00edzhat\u00f3s\u00e1g\u00e1ba fektet be.<\/p>\n<p>Friss\u00edtse laptopja h\u0171t\u0151rendszer\u00e9t a DELL Latitude KDB0705HC A04 ventil\u00e1torral 6YYDG DC28000EFSL 06YYDG. \u00c9lvezze a jobb h\u0151teljes\u00edtm\u00e9nyt, a t\u00falmeleged\u00e9s kock\u00e1zat\u00e1nak cs\u00f6kkent\u00e9s\u00e9t \u00e9s Latitude laptopja meghosszabb\u00edtott \u00e9lettartam\u00e1t. N\u00f6velje sz\u00e1m\u00edt\u00e1stechnikai \u00e9lm\u00e9ny\u00e9t ezzel a megb\u00edzhat\u00f3 \u00e9s hat\u00e9kony h\u0171t\u0151ventil\u00e1torral.<\/p>\n<p>V\u00e1s\u00e1rl\u00e1s el\u0151tt ellen\u0151rizze, hogy kompatibilis-e az adott laptopmodellj\u00e9vel.<\/p>\n","protected":false},"excerpt":{"rendered":"<p>N\u00f6velje DELL Latitude laptopja h\u0171t\u00e9si teljes\u00edtm\u00e9ny\u00e9t a DELL Latitude KDB0705HC A04 ventil\u00e1torral 6YYDG DC28000EFSL 06YYDG. \u00c9lvezze a hat\u00e9kony h\u0151elvezet\u00e9st \u00e9s a laptopok meghosszabb\u00edtott \u00e9lettartam\u00e1t.<\/p>\n","protected":false},"featured_media":3688,"template":"","meta":[],"product_brand":[],"product_cat":[33],"product_tag":[17],"class_list":{"0":"post-3649","1":"product","2":"type-product","3":"status-publish","4":"has-post-thumbnail","6":"product_cat-cpu-fans-heatsinks","7":"product_tag-dell","9":"first","10":"instock","11":"taxable","12":"shipping-taxable","13":"purchasable","14":"product-type-simple"},"_links":{"self":[{"href":"https:\/\/boreait.com\/hu\/wp-json\/wp\/v2\/product\/3649","targetHints":{"allow":["GET"]}}],"collection":[{"href":"https:\/\/boreait.com\/hu\/wp-json\/wp\/v2\/product"}],"about":[{"href":"https:\/\/boreait.com\/hu\/wp-json\/wp\/v2\/types\/product"}],"wp:featuredmedia":[{"embeddable":true,"href":"https:\/\/boreait.com\/hu\/wp-json\/wp\/v2\/media\/3688"}],"wp:attachment":[{"href":"https:\/\/boreait.com\/hu\/wp-json\/wp\/v2\/media?parent=3649"}],"wp:term":[{"taxonomy":"product_brand","embeddable":true,"href":"https:\/\/boreait.com\/hu\/wp-json\/wp\/v2\/product_brand?post=3649"},{"taxonomy":"product_cat","embeddable":true,"href":"https:\/\/boreait.com\/hu\/wp-json\/wp\/v2\/product_cat?post=3649"},{"taxonomy":"product_tag","embeddable":true,"href":"https:\/\/boreait.com\/hu\/wp-json\/wp\/v2\/product_tag?post=3649"}],"curies":[{"name":"wp","href":"https:\/\/api.w.org\/{rel}","templated":true}]}}