{"id":3647,"date":"2025-09-17T10:44:59","date_gmt":"2025-09-17T08:44:59","guid":{"rendered":"https:\/\/boreait.com\/hu\/?post_type=product&#038;p=3647"},"modified":"2025-09-17T10:45:26","modified_gmt":"2025-09-17T08:45:26","slug":"dc-kefe-nelkuli-ventilator-modell-t-318c-dc-5v-032a","status":"publish","type":"product","link":"https:\/\/boreait.com\/hu\/termek\/dc-kefe-nelkuli-ventilator-modell-t-318c-dc-5v-032a\/","title":{"rendered":"DC kefe n\u00e9lk\u00fcli ventil\u00e1tor, modell: T-318C, DC 5V ==0,32A"},"content":{"rendered":"<p>Friss\u00edtse h\u0171t\u0151rendszer\u00e9t a T-318C t\u00edpus\u00fa DC kefe n\u00e9lk\u00fcli ventil\u00e1torral. Az eszk\u00f6z h\u0151kezel\u00e9s\u00e9nek optimaliz\u00e1l\u00e1s\u00e1ra k\u00e9sz\u00fclt, kiv\u00e1l\u00f3 min\u0151s\u00e9g\u0171 ventil\u00e1tor hat\u00e9kony h\u0171t\u00e9st \u00e9s jobb h\u0151m\u00e9rs\u00e9kletszab\u00e1lyoz\u00e1st biztos\u00edt a jobb teljes\u00edtm\u00e9ny \u00e9rdek\u00e9ben.<\/p>\n<p>A T-318C DC kefe n\u00e9lk\u00fcli ventil\u00e1tor alacsony, 5 V DC fesz\u00fclts\u00e9gen m\u0171k\u00f6dik, \u00e9s 0,32 A \u00e1ramot vesz fel. Ez az energiatakar\u00e9kos kialak\u00edt\u00e1s megb\u00edzhat\u00f3 h\u0171t\u00e9st tesz lehet\u0151v\u00e9 t\u00falzott energiafogyaszt\u00e1s n\u00e9lk\u00fcl. Ak\u00e1r bark\u00e1csol\u00f3, ak\u00e1r professzion\u00e1lis technikus vagy, ez a ventil\u00e1tor sokf\u00e9le alkalmaz\u00e1shoz ide\u00e1lis, bele\u00e9rtve a sz\u00e1m\u00edt\u00f3g\u00e9pes rendszereket, az elektronikus projekteket stb.<\/p>\n<p>A pontoss\u00e1g \u00e9s a tart\u00f3ss\u00e1g szem el\u0151tt tart\u00e1s\u00e1val gy\u00e1rtott ventil\u00e1tor csendes \u00e9s megb\u00edzhat\u00f3 m\u0171k\u00f6d\u00e9st biztos\u00edt. Kefe n\u00e9lk\u00fcli kialak\u00edt\u00e1sa cs\u00f6kkenti a s\u00farl\u00f3d\u00e1st \u00e9s minimaliz\u00e1lja a zajt, b\u00e9k\u00e9s sz\u00e1m\u00edt\u00e1si vagy munkak\u00f6rnyezetet biztos\u00edtva. Ezenk\u00edv\u00fcl a ventil\u00e1tor hat\u00e9kony h\u0171t\u00e9si teljes\u00edtm\u00e9nye seg\u00edt meghosszabb\u00edtani az eszk\u00f6z\u00f6k \u00e9s alkatr\u00e9szek \u00e9lettartam\u00e1t.<\/p>\n<p>A ventil\u00e1tor szabv\u00e1nyos m\u00e9retei \u00e9s r\u00f6gz\u00edt\u00e9si lehet\u0151s\u00e9gei miatt a telep\u00edt\u00e9s egyszer\u0171. Ha ezt a min\u0151s\u00e9gi ventil\u00e1tort v\u00e1lasztja, a jobb h\u0151kezel\u00e9sbe fektet be, ami elengedhetetlen a berendez\u00e9se hossz\u00fa \u00e9lettartam\u00e1nak \u00e9s teljes\u00edtm\u00e9ny\u00e9nek meg\u0151rz\u00e9s\u00e9hez.<\/p>\n<p>Friss\u00edtse h\u0171t\u00e9si megold\u00e1s\u00e1t a T-318C t\u00edpus\u00fa DC kefe n\u00e9lk\u00fcli ventil\u00e1torral. \u00c9lvezze a hat\u00e9kony h\u0151m\u00e9rs\u00e9kletszab\u00e1lyoz\u00e1st, a csendes m\u0171k\u00f6d\u00e9st \u00e9s a meghosszabb\u00edtott eszk\u00f6z\u00e9lettartamot k\u00fcl\u00f6nf\u00e9le alkalmaz\u00e1sokhoz. N\u00f6velje h\u0151szab\u00e1lyoz\u00e1s\u00e1t ezzel a megb\u00edzhat\u00f3 \u00e9s hat\u00e9kony ventil\u00e1torral.<\/p>\n<p>V\u00e1s\u00e1rl\u00e1s el\u0151tt ellen\u0151rizze a kompatibilit\u00e1st \u00e9s az energiasz\u00fcks\u00e9gletet az adott eszk\u00f6zzel vagy projekttel.<\/p>\n","protected":false},"excerpt":{"rendered":"<p>Friss\u00edtse h\u0171t\u0151rendszer\u00e9t a hat\u00e9kony \u00e9s csendes m\u0171k\u00f6d\u00e9sre tervezett T-318C DC kefe n\u00e9lk\u00fcli ventil\u00e1torral. Ide\u00e1lis sokf\u00e9le alkalmaz\u00e1shoz, DC 5V-on m\u0171k\u00f6dik, 0,32 A \u00e1ramer\u0151ss\u00e9ggel.<\/p>\n","protected":false},"featured_media":3686,"template":"","meta":[],"product_brand":[],"product_cat":[33],"product_tag":[],"class_list":{"0":"post-3647","1":"product","2":"type-product","3":"status-publish","4":"has-post-thumbnail","6":"product_cat-cpu-fans-heatsinks","8":"first","9":"instock","10":"taxable","11":"shipping-taxable","12":"purchasable","13":"product-type-simple"},"_links":{"self":[{"href":"https:\/\/boreait.com\/hu\/wp-json\/wp\/v2\/product\/3647","targetHints":{"allow":["GET"]}}],"collection":[{"href":"https:\/\/boreait.com\/hu\/wp-json\/wp\/v2\/product"}],"about":[{"href":"https:\/\/boreait.com\/hu\/wp-json\/wp\/v2\/types\/product"}],"wp:featuredmedia":[{"embeddable":true,"href":"https:\/\/boreait.com\/hu\/wp-json\/wp\/v2\/media\/3686"}],"wp:attachment":[{"href":"https:\/\/boreait.com\/hu\/wp-json\/wp\/v2\/media?parent=3647"}],"wp:term":[{"taxonomy":"product_brand","embeddable":true,"href":"https:\/\/boreait.com\/hu\/wp-json\/wp\/v2\/product_brand?post=3647"},{"taxonomy":"product_cat","embeddable":true,"href":"https:\/\/boreait.com\/hu\/wp-json\/wp\/v2\/product_cat?post=3647"},{"taxonomy":"product_tag","embeddable":true,"href":"https:\/\/boreait.com\/hu\/wp-json\/wp\/v2\/product_tag?post=3647"}],"curies":[{"name":"wp","href":"https:\/\/api.w.org\/{rel}","templated":true}]}}