{"id":3626,"date":"2025-09-17T10:44:36","date_gmt":"2025-09-17T08:44:36","guid":{"rendered":"https:\/\/boreait.com\/hu\/?post_type=product&#038;p=3626"},"modified":"2025-09-17T10:45:20","modified_gmt":"2025-09-17T08:45:20","slug":"lenovo-fru-04x4310-thermal-cpu-ventilator-es-hutoszabaly","status":"publish","type":"product","link":"https:\/\/boreait.com\/hu\/termek\/lenovo-fru-04x4310-thermal-cpu-ventilator-es-hutoszabaly\/","title":{"rendered":"Lenovo FRU: 04X4310 THERMAL CPU VENTIL\u00c1TOR \u00e9s H\u0170T\u0150SZAB\u00c1LY"},"content":{"rendered":"<p>N\u00f6velje Lenovo laptopja h\u0171t\u00e9si teljes\u00edtm\u00e9ny\u00e9t a Lenovo FRU 04X4310 Thermal CPU ventil\u00e1tor + h\u0171t\u0151borda seg\u00edts\u00e9g\u00e9vel. A laptop h\u0151kezel\u00e9s\u00e9nek optimaliz\u00e1l\u00e1s\u00e1ra tervezett eredeti alkatr\u00e9sz hat\u00e9kony h\u0151elvezet\u00e9st \u00e9s z\u00f6kken\u0151mentes integr\u00e1ci\u00f3t biztos\u00edt a jobb sz\u00e1m\u00edt\u00e1si \u00e9lm\u00e9ny \u00e9rdek\u00e9ben.<\/p>\n<p>A Lenovo, a sz\u00e1m\u00edt\u00e1stechnika megb\u00edzhat\u00f3 vezet\u0151 gy\u00e1rt\u00f3ja \u00e1ltal gy\u00e1rtott Lenovo FRU04X4310 Thermal CPU Fan Heatsink megb\u00edzhat\u00f3 h\u0171t\u00e9si teljes\u00edtm\u00e9nyt ny\u00fajt. A laptop bels\u0151 rendszereinek alapvet\u0151 elemek\u00e9nt ez a h\u0171t\u0151borda \u00e9s ventil\u00e1tor kombin\u00e1ci\u00f3 kulcsfontoss\u00e1g\u00fa szerepet j\u00e1tszik a CPU optim\u00e1lis m\u0171k\u00f6d\u00e9si h\u0151m\u00e9rs\u00e9klet\u00e9nek fenntart\u00e1s\u00e1ban.<\/p>\n<p>Ak\u00e1r er\u0151forr\u00e1s-ig\u00e9nyes alkalmaz\u00e1sokat futtat, ak\u00e1r t\u00f6bbfeladatos munk\u00e1t v\u00e9gez, ak\u00e1r j\u00e1t\u00e9kokat hajt v\u00e9gre, ez a h\u0171t\u0151borda \u00e9s ventil\u00e1tor kombin\u00e1ci\u00f3 az \u00d6n \u00e1ltal elv\u00e1rt hat\u00e9konys\u00e1got \u00e9s megb\u00edzhat\u00f3s\u00e1got k\u00edn\u00e1lja. Hat\u00e9konyan elvezeti a CPU \u00e1ltal termelt h\u0151t, megakad\u00e1lyozza a t\u00falmeleged\u00e9st, \u00e9s egyenletes \u00e9s stabil teljes\u00edtm\u00e9nyt biztos\u00edt.<\/p>\n<p>A telep\u00edt\u00e9s egyszer\u0171 a laptop eredeti alkatr\u00e9szeihez igazod\u00f3 kialak\u00edt\u00e1snak k\u00f6sz\u00f6nhet\u0151en. Az eredeti Lenovo alkatr\u00e9szek kiv\u00e1laszt\u00e1s\u00e1val laptopja h\u0151kezel\u00e9s\u00e9nek min\u0151s\u00e9g\u00e9be \u00e9s megb\u00edzhat\u00f3s\u00e1g\u00e1ba fektet be.<\/p>\n<p>N\u00f6velje laptopja h\u0171t\u00e9si teljes\u00edtm\u00e9ny\u00e9t a Lenovo FRU04X4310 Thermal CPU ventil\u00e1tor h\u0171t\u0151bord\u00e1val. \u00c9lvezze a hat\u00e9kony h\u0151elvezet\u00e9st, az optim\u00e1lis CPU-h\u0151m\u00e9rs\u00e9kletet \u00e9s a megn\u00f6velt teljes\u00edtm\u00e9nyt Lenovo laptopj\u00e1n. N\u00f6velje sz\u00e1m\u00edt\u00e1stechnikai \u00e9lm\u00e9ny\u00e9t ezzel a megb\u00edzhat\u00f3 \u00e9s hat\u00e9kony h\u0171t\u0151borda \u00e9s ventil\u00e1tor kombin\u00e1ci\u00f3val.<\/p>\n<p>V\u00e1s\u00e1rl\u00e1s el\u0151tt ellen\u0151rizze, hogy kompatibilis-e az adott laptopmodellj\u00e9vel.<\/p>\n","protected":false},"excerpt":{"rendered":"<p>N\u00f6velje Lenovo laptopja h\u0171t\u00e9si teljes\u00edtm\u00e9ny\u00e9t a Lenovo FRU04X4310 Thermal CPU ventil\u00e1tor h\u0171t\u0151bord\u00e1val. \u00c9lvezze a hat\u00e9kony h\u0151elvezet\u00e9st az optim\u00e1lis CPU-h\u0151m\u00e9rs\u00e9klet \u00e9rdek\u00e9ben.<\/p>\n","protected":false},"featured_media":3670,"template":"","meta":[],"product_brand":[],"product_cat":[33],"product_tag":[26],"class_list":{"0":"post-3626","1":"product","2":"type-product","3":"status-publish","4":"has-post-thumbnail","6":"product_cat-cpu-fans-heatsinks","7":"product_tag-lenovo","9":"first","10":"instock","11":"taxable","12":"shipping-taxable","13":"purchasable","14":"product-type-simple"},"_links":{"self":[{"href":"https:\/\/boreait.com\/hu\/wp-json\/wp\/v2\/product\/3626","targetHints":{"allow":["GET"]}}],"collection":[{"href":"https:\/\/boreait.com\/hu\/wp-json\/wp\/v2\/product"}],"about":[{"href":"https:\/\/boreait.com\/hu\/wp-json\/wp\/v2\/types\/product"}],"wp:featuredmedia":[{"embeddable":true,"href":"https:\/\/boreait.com\/hu\/wp-json\/wp\/v2\/media\/3670"}],"wp:attachment":[{"href":"https:\/\/boreait.com\/hu\/wp-json\/wp\/v2\/media?parent=3626"}],"wp:term":[{"taxonomy":"product_brand","embeddable":true,"href":"https:\/\/boreait.com\/hu\/wp-json\/wp\/v2\/product_brand?post=3626"},{"taxonomy":"product_cat","embeddable":true,"href":"https:\/\/boreait.com\/hu\/wp-json\/wp\/v2\/product_cat?post=3626"},{"taxonomy":"product_tag","embeddable":true,"href":"https:\/\/boreait.com\/hu\/wp-json\/wp\/v2\/product_tag?post=3626"}],"curies":[{"name":"wp","href":"https:\/\/api.w.org\/{rel}","templated":true}]}}