{"id":3624,"date":"2025-09-17T10:44:36","date_gmt":"2025-09-17T08:44:36","guid":{"rendered":"https:\/\/boreait.com\/hu\/?post_type=product&#038;p=3624"},"modified":"2025-09-17T10:45:18","modified_gmt":"2025-09-17T08:45:18","slug":"hp-zbook-15-g1-g2-hutoventilator-modulhoz-hocso-734289-001","status":"publish","type":"product","link":"https:\/\/boreait.com\/hu\/termek\/hp-zbook-15-g1-g2-hutoventilator-modulhoz-hocso-734289-001\/","title":{"rendered":"HP Zbook 15 G1 G2 h\u0171t\u0151ventil\u00e1tor modulhoz, h\u0151cs\u0151 734289-001"},"content":{"rendered":"<p>N\u00f6velje HP ZBook 15 G1 vagy G2 laptopja h\u0171t\u00e9si hat\u00e9konys\u00e1g\u00e1t \u00e9s teljes\u00edtm\u00e9ny\u00e9t a HP ZBook 15 G1 G2 h\u0171t\u0151ventil\u00e1tor modul 734289-001 h\u0151cs\u0151vel. A laptop h\u0151kezel\u00e9s\u00e9nek optimaliz\u00e1l\u00e1s\u00e1ra kialak\u00edtott eredeti h\u0171t\u0151modul z\u00f6kken\u0151mentes integr\u00e1ci\u00f3t \u00e9s jobb h\u0151elvezet\u00e9st biztos\u00edt a jobb sz\u00e1m\u00edt\u00e1stechnikai \u00e9lm\u00e9ny \u00e9rdek\u00e9ben.<\/p>\n<p>A HP, a sz\u00e1m\u00edt\u00e1stechnika megb\u00edzhat\u00f3 vezet\u0151 gy\u00e1rt\u00f3ja \u00e1ltal gy\u00e1rtott HP ZBook 15 G1 G2 h\u0171t\u0151ventil\u00e1tor-modul h\u0151cs\u0151 734289-001 megb\u00edzhat\u00f3 h\u0171t\u00e9si teljes\u00edtm\u00e9nyt ny\u00fajt. A laptop bels\u0151 rendszereinek alapvet\u0151 elemek\u00e9nt ez a modul kulcsfontoss\u00e1g\u00fa szerepet j\u00e1tszik a t\u00falmeleged\u00e9s megel\u0151z\u00e9s\u00e9ben \u00e9s az optim\u00e1lis m\u0171k\u00f6d\u00e9si h\u0151m\u00e9rs\u00e9klet fenntart\u00e1s\u00e1ban.<\/p>\n<p>Ak\u00e1r ig\u00e9nyes alkalmaz\u00e1sokat futtat, ak\u00e1r t\u00f6bbfeladatos munk\u00e1t v\u00e9gez, ak\u00e1r laptopja hat\u00e1rait feszegeti, ez a h\u0171t\u0151modul a sz\u00fcks\u00e9ges hat\u00e9konys\u00e1got \u00e9s megb\u00edzhat\u00f3s\u00e1got k\u00edn\u00e1lja. Prec\u00edzi\u00f3s tervez\u00e9se biztos\u00edtja a hat\u00e9kony h\u0151\u00e1tad\u00e1st, biztos\u00edtva, hogy laptopja cs\u00facsteljes\u00edtm\u00e9nyen m\u0171k\u00f6dj\u00f6n h\u0151szab\u00e1lyoz\u00e1s n\u00e9lk\u00fcl.<\/p>\n<p>A telep\u00edt\u00e9s egyszer\u0171 a laptop eredeti alkatr\u00e9szeihez igazod\u00f3 kialak\u00edt\u00e1snak k\u00f6sz\u00f6nhet\u0151en. Az eredeti HP alkatr\u00e9szek kiv\u00e1laszt\u00e1s\u00e1val laptopja h\u0171t\u0151rendszer\u00e9nek min\u0151s\u00e9g\u00e9be \u00e9s megb\u00edzhat\u00f3s\u00e1g\u00e1ba fektet be.<\/p>\n<p>N\u00f6velje laptopja h\u0171t\u00e9si teljes\u00edtm\u00e9ny\u00e9t a HP ZBook 15 G1 G2 h\u0171t\u0151ventil\u00e1tor modul 734289-001 h\u0151cs\u0151vel. \u00c9lvezze a tov\u00e1bbfejlesztett h\u0151kezel\u00e9st, a nagyobb teljes\u00edtm\u00e9nyt \u00e9s a hat\u00e9kony h\u0151elvezet\u00e9st ZBook 15 G1 vagy G2 k\u00e9sz\u00fcl\u00e9k\u00e9n. N\u00f6velje sz\u00e1m\u00edt\u00e1stechnikai \u00e9lm\u00e9ny\u00e9t ezzel a megb\u00edzhat\u00f3 \u00e9s hat\u00e9kony h\u0171t\u0151modullal.<\/p>\n<p>V\u00e1s\u00e1rl\u00e1s el\u0151tt ellen\u0151rizze, hogy kompatibilis-e az adott laptopmodellj\u00e9vel.<\/p>\n","protected":false},"excerpt":{"rendered":"<p>N\u00f6velje HP ZBook 15 G1 vagy G2 laptopja h\u0171t\u00e9si teljes\u00edtm\u00e9ny\u00e9t a HP ZBook 15 G1 G2 h\u0171t\u0151ventil\u00e1tor modul 734289-001 h\u0151cs\u0151vel. \u00c9lvezze a jobb h\u0151kezel\u00e9st \u00e9s a hat\u00e9kony h\u0151elvezet\u00e9st.<\/p>\n","protected":false},"featured_media":3668,"template":"","meta":[],"product_brand":[],"product_cat":[33],"product_tag":[25],"class_list":{"0":"post-3624","1":"product","2":"type-product","3":"status-publish","4":"has-post-thumbnail","6":"product_cat-cpu-fans-heatsinks","7":"product_tag-hp","9":"first","10":"instock","11":"taxable","12":"shipping-taxable","13":"purchasable","14":"product-type-simple"},"_links":{"self":[{"href":"https:\/\/boreait.com\/hu\/wp-json\/wp\/v2\/product\/3624","targetHints":{"allow":["GET"]}}],"collection":[{"href":"https:\/\/boreait.com\/hu\/wp-json\/wp\/v2\/product"}],"about":[{"href":"https:\/\/boreait.com\/hu\/wp-json\/wp\/v2\/types\/product"}],"wp:featuredmedia":[{"embeddable":true,"href":"https:\/\/boreait.com\/hu\/wp-json\/wp\/v2\/media\/3668"}],"wp:attachment":[{"href":"https:\/\/boreait.com\/hu\/wp-json\/wp\/v2\/media?parent=3624"}],"wp:term":[{"taxonomy":"product_brand","embeddable":true,"href":"https:\/\/boreait.com\/hu\/wp-json\/wp\/v2\/product_brand?post=3624"},{"taxonomy":"product_cat","embeddable":true,"href":"https:\/\/boreait.com\/hu\/wp-json\/wp\/v2\/product_cat?post=3624"},{"taxonomy":"product_tag","embeddable":true,"href":"https:\/\/boreait.com\/hu\/wp-json\/wp\/v2\/product_tag?post=3624"}],"curies":[{"name":"wp","href":"https:\/\/api.w.org\/{rel}","templated":true}]}}