{"id":3620,"date":"2025-09-17T10:44:36","date_gmt":"2025-09-17T08:44:36","guid":{"rendered":"https:\/\/boreait.com\/hu\/?post_type=product&#038;p=3620"},"modified":"2026-01-09T13:39:39","modified_gmt":"2026-01-09T12:39:39","slug":"compaq-armada-m700-pcb-53p6403transfb-pci-41a-adapterkartya","status":"publish","type":"product","link":"https:\/\/boreait.com\/hu\/termek\/compaq-armada-m700-pcb-53p6403transfb-pci-41a-adapterkartya\/","title":{"rendered":"Compaq Armada M700 PCB-53P6403TRANSFB-PCI-41A adapterk\u00e1rtya"},"content":{"rendered":"<p>B\u0151v\u00edtse Compaq Armada M700 laptopja funkcionalit\u00e1s\u00e1t a Compaq Armada M700 PCB-53P6403TRANSFB-PCI-41A adapterk\u00e1rty\u00e1val. A laptop k\u00e9pess\u00e9geinek optimaliz\u00e1l\u00e1s\u00e1ra tervezett eredeti adapterk\u00e1rtya z\u00f6kken\u0151mentes integr\u00e1ci\u00f3t \u00e9s tov\u00e1bbfejlesztett funkcionalit\u00e1st biztos\u00edt a jobb sz\u00e1m\u00edt\u00e1stechnikai \u00e9lm\u00e9ny \u00e9rdek\u00e9ben.<\/p>\n<p>A Compaq \u2013 a sz\u00e1m\u00edt\u00e1stechnika egyik megb\u00edzhat\u00f3 neve \u2013 \u00e1ltal gy\u00e1rtott Compaq Armada M700 PCB-53P6403TRANSFB-PCI-41A adapterk\u00e1rty\u00e1t \u00fagy tervezt\u00e9k, hogy megb\u00edzhat\u00f3 \u00e9s hat\u00e9kony teljes\u00edtm\u00e9nyt ny\u00fajtson. A laptop bels\u0151 rendszereinek alapvet\u0151 elemek\u00e9nt ez az alaplap kulcsfontoss\u00e1g\u00fa szerepet j\u00e1tszik a laptop funkcionalit\u00e1s\u00e1nak b\u0151v\u00edt\u00e9s\u00e9ben.<\/p>\n<p>Ak\u00e1r perif\u00e9ri\u00e1kat kell csatlakoztatnia, b\u0151v\u00edtenie kell a csatlakoz\u00e1si lehet\u0151s\u00e9geket, vagy b\u0151v\u00edtenie kell laptopja k\u00e9pess\u00e9geit, ez az adapterk\u00e1rtya az \u00d6n \u00e1ltal elv\u00e1rt k\u00e9nyelmet \u00e9s hat\u00e9konys\u00e1got biztos\u00edtja. Kieg\u00e9sz\u00edt\u0151 funkcionalit\u00e1st biztos\u00edt laptopj\u00e1nak, lehet\u0151v\u00e9 t\u00e9ve k\u00fcl\u00f6nf\u00e9le eszk\u00f6z\u00f6k csatlakoztat\u00e1s\u00e1t \u00e9s a felhaszn\u00e1l\u00e1si potenci\u00e1l b\u0151v\u00edt\u00e9s\u00e9t.<\/p>\n<p>A telep\u00edt\u00e9s egyszer\u0171 a laptop eredeti alkatr\u00e9szeihez igazod\u00f3 kialak\u00edt\u00e1snak k\u00f6sz\u00f6nhet\u0151en. Az eredeti Compaq alkatr\u00e9szek kiv\u00e1laszt\u00e1s\u00e1val laptopja tov\u00e1bbfejlesztett funkci\u00f3inak min\u0151s\u00e9g\u00e9be \u00e9s megb\u00edzhat\u00f3s\u00e1g\u00e1ba fektet be.<\/p>\n<p>Friss\u00edtse laptopja k\u00e9pess\u00e9geit a Compaq Armada M700 PCB-53P6403TRANSFB-PCI-41A adapterk\u00e1rty\u00e1val. \u00c9lvezze a kib\u0151v\u00edtett funkcionalit\u00e1st, a sokoldal\u00fa csatlakoz\u00e1si lehet\u0151s\u00e9geket \u00e9s a tov\u00e1bbfejlesztett sz\u00e1m\u00edt\u00e1stechnikai \u00e9lm\u00e9nyt ezzel a megb\u00edzhat\u00f3 \u00e9s hat\u00e9kony adapterk\u00e1rty\u00e1val.<\/p>\n<p>V\u00e1s\u00e1rl\u00e1s el\u0151tt ellen\u0151rizze, hogy kompatibilis-e az adott laptopmodellj\u00e9vel.<\/p>\n","protected":false},"excerpt":{"rendered":"<p>B\u0151v\u00edtse Compaq Armada M700 laptopja funkcionalit\u00e1s\u00e1t a Compaq Armada M700 PCB-53P6403TRANSFB-PCI-41A adapterk\u00e1rty\u00e1val. \u00c9lvezze a b\u0151v\u00edtett csatlakoz\u00e1si lehet\u0151s\u00e9geket \u00e9s a tov\u00e1bbfejlesztett laptop-k\u00e9pess\u00e9geket.<\/p>\n","protected":false},"featured_media":3663,"template":"","meta":[],"product_brand":[],"product_cat":[27],"product_tag":[25],"class_list":{"0":"post-3620","1":"product","2":"type-product","3":"status-publish","4":"has-post-thumbnail","6":"product_cat-motherboards-board-parts","7":"product_tag-hp","9":"first","10":"instock","11":"taxable","12":"shipping-taxable","13":"purchasable","14":"product-type-simple"},"_links":{"self":[{"href":"https:\/\/boreait.com\/hu\/wp-json\/wp\/v2\/product\/3620","targetHints":{"allow":["GET"]}}],"collection":[{"href":"https:\/\/boreait.com\/hu\/wp-json\/wp\/v2\/product"}],"about":[{"href":"https:\/\/boreait.com\/hu\/wp-json\/wp\/v2\/types\/product"}],"wp:featuredmedia":[{"embeddable":true,"href":"https:\/\/boreait.com\/hu\/wp-json\/wp\/v2\/media\/3663"}],"wp:attachment":[{"href":"https:\/\/boreait.com\/hu\/wp-json\/wp\/v2\/media?parent=3620"}],"wp:term":[{"taxonomy":"product_brand","embeddable":true,"href":"https:\/\/boreait.com\/hu\/wp-json\/wp\/v2\/product_brand?post=3620"},{"taxonomy":"product_cat","embeddable":true,"href":"https:\/\/boreait.com\/hu\/wp-json\/wp\/v2\/product_cat?post=3620"},{"taxonomy":"product_tag","embeddable":true,"href":"https:\/\/boreait.com\/hu\/wp-json\/wp\/v2\/product_tag?post=3620"}],"curies":[{"name":"wp","href":"https:\/\/api.w.org\/{rel}","templated":true}]}}