{"id":3619,"date":"2025-09-17T10:44:36","date_gmt":"2025-09-17T08:44:36","guid":{"rendered":"https:\/\/boreait.com\/hu\/?post_type=product&#038;p=3619"},"modified":"2025-09-17T10:45:09","modified_gmt":"2025-09-17T08:45:09","slug":"slb3p-intel-pentium-ketmagos-mobil-2167-ghz-es-cpu-processzor-667-mhz-1-mb-slb3p-t3400","status":"publish","type":"product","link":"https:\/\/boreait.com\/hu\/termek\/slb3p-intel-pentium-ketmagos-mobil-2167-ghz-es-cpu-processzor-667-mhz-1-mb-slb3p-t3400\/","title":{"rendered":"slb3p Intel Pentium k\u00e9tmagos mobil, 2,167 GHz-es CPU (processzor) 667 MHz, 1 MB, SLB3P, T3400"},"content":{"rendered":"<p>K\u00e9sz\u00fclj\u00f6n fel arra, hogy megtapasztalja laptopja teljes\u00edtm\u00e9ny\u00e9nek megugr\u00e1s\u00e1t az SLB3P CPU-val, k\u00f6znyelven Intel Core 2 Duo T9900 n\u00e9ven. A k\u00e9tmagos be\u00e1ll\u00edt\u00e1snak \u00e9s a 3,06 GHz-es \u00f3rajelnek k\u00f6sz\u00f6nhet\u0151en ez a processzor a sebess\u00e9g \u00e9s a hat\u00e9konys\u00e1g kiegyens\u00falyozott kever\u00e9k\u00e9t k\u00edn\u00e1lja, \u00edgy t\u00f6k\u00e9letes friss\u00edt\u00e9st k\u00edn\u00e1l \u00f6reged\u0151 laptopj\u00e1hoz.<\/p>\n<h4>P\u00e1ratlan sebess\u00e9g:<\/h4>\n<p>A 3,06 GHz-es \u00f3rajel lehet\u0151v\u00e9 teszi, hogy ez a CPU t\u00f6bb feladatot is k\u00f6nnyed\u00e9n kezeljen. Ak\u00e1r t\u00f6bb nyitott lappal b\u00f6ng\u00e9szik az interneten, ak\u00e1r alapvet\u0151 k\u00e9pszerkeszt\u0151 szoftvert futtat, ak\u00e1r m\u00e9rs\u00e9kelt j\u00e1t\u00e9kot v\u00e9gez, az SLB3P k\u00e9s\u00e9smentes \u00e9lm\u00e9nyt biztos\u00edt.<\/p>\n<h4>Energiahat\u00e9konys\u00e1g:<\/h4>\n<p>Az energiatakar\u00e9kosra tervezett CPU nemcsak a laptop k\u00e9pess\u00e9geit n\u00f6veli, hanem maximaliz\u00e1lja az akkumul\u00e1tor \u00e9lettartam\u00e1t is. Mostant\u00f3l v\u00e9gigviheti a munkanapj\u00e1t an\u00e9lk\u00fcl, hogy agg\u00f3dnia kellene a gyakori \u00fajrat\u00f6lt\u00e9s miatt.<\/p>\n<h4>Megb\u00edzhat\u00f3 megb\u00edzhat\u00f3s\u00e1g:<\/h4>\n<p>Az Intel Core 2 Duo T9900 a megb\u00edzhat\u00f3s\u00e1g jegy\u00e9ben k\u00e9sz\u00fclt. A hosszan tart\u00f3 teljes\u00edtm\u00e9ny\u00e9r\u0151l ismert CPU k\u00f6lts\u00e9ghat\u00e9kony m\u00f3dja a kompatibilis laptopok \u00e9lettartam\u00e1nak meghosszabb\u00edt\u00e1s\u00e1nak.<\/p>\n<h4>Egyszer\u0171 telep\u00edt\u00e9s:<\/h4>\n<p>Az SLB3P k\u00f6nnyen k\u00f6vethet\u0151 telep\u00edt\u00e9si \u00fatmutat\u00f3val rendelkezik, amely biztos\u00edtja a probl\u00e9mamentes friss\u00edt\u00e9si folyamatot. Nincs sz\u00fcks\u00e9g kiterjedt m\u0171szaki know-how-ra; csak egy egyszer\u0171 plug-and-play m\u0171veletre van sz\u00fcks\u00e9g!<\/p>\n<h4>Kompatibilis laptopok list\u00e1ja:<\/h4>\n<ul>\n<li>Toshiba Satellite L300-11P<\/li>\n<li>Medion Akoya P7610<\/li>\n<\/ul>\n<h4>F\u0151bb jellemz\u0151k:<\/h4>\n<ul>\n<li>K\u00e9tmagos processzor<\/li>\n<li>\u00d3rajel: 3,06 GHz<\/li>\n<li>Energiahat\u00e9kony tervez\u00e9s<\/li>\n<li>Er\u0151teljes t\u00f6bbfeladatos k\u00e9pess\u00e9gek<\/li>\n<\/ul>\n<h4>K\u00f6vetkeztet\u00e9s<\/h4>\n<p>Ha laptopja teljes\u00edtm\u00e9ny\u00e9t an\u00e9lk\u00fcl szeretn\u00e9 n\u00f6velni, hogy a p\u00e9nzt felt\u00f6rn\u00e9, az SLB3P (Intel Core 2 Duo T9900) CPU a legjobb v\u00e1laszt\u00e1s. Sokoldal\u00fa \u00e9s megb\u00edzhat\u00f3, t\u00f6k\u00e9letes v\u00e1laszt\u00e1s mindenki sz\u00e1m\u00e1ra, aki \u00faj \u00e9letet szeretne adni kompatibilis laptopj\u00e1nak.<\/p>\n","protected":false},"excerpt":{"rendered":"<p>Friss\u00edtse fel r\u00e9gebbi laptopj\u00e1t, \u00e9s engedje szabadj\u00e1ra teljes potenci\u00e1lj\u00e1t az SLB3P (Intel Core 2 Duo T9900) CPU-val! A kiegyens\u00falyozott teljes\u00edtm\u00e9ny\u00e9r\u0151l \u00e9s hat\u00e9konys\u00e1g\u00e1r\u00f3l ismert processzor a titkos \u00f6sszetev\u0151je annak, hogy \u00faj \u00e9letet leheljen a kompatibilis modellekbe. Ide\u00e1lis multitaskinghoz \u00e9s m\u00e9rs\u00e9kelt j\u00e1t\u00e9khoz.<\/p>\n","protected":false},"featured_media":3662,"template":"","meta":[],"product_brand":[],"product_cat":[39],"product_tag":[34],"class_list":{"0":"post-3619","1":"product","2":"type-product","3":"status-publish","4":"has-post-thumbnail","6":"product_cat-processors-cpu","7":"product_tag-toshiba","9":"first","10":"instock","11":"taxable","12":"shipping-taxable","13":"purchasable","14":"product-type-simple"},"_links":{"self":[{"href":"https:\/\/boreait.com\/hu\/wp-json\/wp\/v2\/product\/3619","targetHints":{"allow":["GET"]}}],"collection":[{"href":"https:\/\/boreait.com\/hu\/wp-json\/wp\/v2\/product"}],"about":[{"href":"https:\/\/boreait.com\/hu\/wp-json\/wp\/v2\/types\/product"}],"wp:featuredmedia":[{"embeddable":true,"href":"https:\/\/boreait.com\/hu\/wp-json\/wp\/v2\/media\/3662"}],"wp:attachment":[{"href":"https:\/\/boreait.com\/hu\/wp-json\/wp\/v2\/media?parent=3619"}],"wp:term":[{"taxonomy":"product_brand","embeddable":true,"href":"https:\/\/boreait.com\/hu\/wp-json\/wp\/v2\/product_brand?post=3619"},{"taxonomy":"product_cat","embeddable":true,"href":"https:\/\/boreait.com\/hu\/wp-json\/wp\/v2\/product_cat?post=3619"},{"taxonomy":"product_tag","embeddable":true,"href":"https:\/\/boreait.com\/hu\/wp-json\/wp\/v2\/product_tag?post=3619"}],"curies":[{"name":"wp","href":"https:\/\/api.w.org\/{rel}","templated":true}]}}