{"id":3595,"date":"2025-09-17T10:44:14","date_gmt":"2025-09-17T08:44:14","guid":{"rendered":"https:\/\/boreait.com\/hu\/?post_type=product&#038;p=3595"},"modified":"2025-09-17T10:45:04","modified_gmt":"2025-09-17T08:45:04","slug":"hp-elitebook-hddssd-frame-25-plc-766013-001-sps-hdd-hardver-keszlet","status":"publish","type":"product","link":"https:\/\/boreait.com\/hu\/termek\/hp-elitebook-hddssd-frame-25-plc-766013-001-sps-hdd-hardver-keszlet\/","title":{"rendered":"HP ELITEBOOK HDDSSD Frame 2&#8217;5 PLC 766013-001 SPS-HDD HARDVER K\u00c9SZLET"},"content":{"rendered":"<p>B\u0151v\u00edtse HP EliteBook laptopja t\u00e1rol\u00e1si k\u00e9pess\u00e9geit a HP EliteBook HDD\/SSD Frame 2.5 PLC 766013-001 SPS-HDD hardverk\u00e9szlettel. A laptop t\u00e1rol\u00e1si lehet\u0151s\u00e9geinek optimaliz\u00e1l\u00e1s\u00e1ra k\u00e9sz\u00fclt, ez az eredeti hardverk\u00e9szlet z\u00f6kken\u0151mentes integr\u00e1ci\u00f3t \u00e9s tov\u00e1bbfejlesztett t\u00e1rol\u00e1si funkcionalit\u00e1st biztos\u00edt a jobb sz\u00e1m\u00edt\u00e1stechnikai \u00e9lm\u00e9ny \u00e9rdek\u00e9ben.<\/p>\n<p>A HP, a sz\u00e1m\u00edt\u00e1stechnika megb\u00edzhat\u00f3 vezet\u0151 gy\u00e1rt\u00f3ja \u00e1ltal gy\u00e1rtott HP EliteBook HDD\/SSD Frame 2.5 PLC 766013-001 SPS-HDD hardverk\u00e9szlet megb\u00edzhat\u00f3 t\u00e1rhelyb\u0151v\u00edt\u00e9st biztos\u00edt. A laptop bels\u0151 rendszereinek alapvet\u0151 elemek\u00e9nt ez a k\u00e9szlet kulcsfontoss\u00e1g\u00fa szerepet j\u00e1tszik a tov\u00e1bbi HDD vagy SSD t\u00e1rhely elhelyez\u00e9s\u00e9ben.<\/p>\n<p>Ak\u00e1r b\u0151v\u00edtenie kell t\u00e1rol\u00f3kapacit\u00e1s\u00e1t, jav\u00edtania kell az adatel\u00e9r\u00e9si sebess\u00e9get, vagy biztos\u00edtania kell az adatredundanci\u00e1t, ez a hardverk\u00e9szlet biztos\u00edtja a k\u00edv\u00e1nt k\u00e9nyelmet \u00e9s hat\u00e9konys\u00e1got. Biztos\u00edtja a sz\u00fcks\u00e9ges alkatr\u00e9szeket \u00e9s hardvert tov\u00e1bbi 2,5 h\u00fcvelykes HDD-k vagy SSD-k laptopj\u00e1hoz val\u00f3 biztons\u00e1gos r\u00f6gz\u00edt\u00e9s\u00e9hez \u00e9s csatlakoztat\u00e1s\u00e1hoz.<\/p>\n<p>A telep\u00edt\u00e9s egyszer\u0171 a laptop eredeti alkatr\u00e9szeihez igazod\u00f3 kialak\u00edt\u00e1snak k\u00f6sz\u00f6nhet\u0151en. Az eredeti HP alkatr\u00e9szek kiv\u00e1laszt\u00e1s\u00e1val laptopja t\u00e1rhelyb\u0151v\u00edt\u00e9s\u00e9nek min\u0151s\u00e9g\u00e9be \u00e9s megb\u00edzhat\u00f3s\u00e1g\u00e1ba fektet be.<\/p>\n<p>B\u0151v\u00edtse laptopja t\u00e1rol\u00e1si k\u00e9pess\u00e9geit a HP EliteBook HDD\/SSD Frame 2.5 PLC 766013-001 SPS-HDD hardverk\u00e9szlettel. \u00c9lvezze a kib\u0151v\u00edtett t\u00e1rol\u00e1si lehet\u0151s\u00e9geket, a jobb adathozz\u00e1f\u00e9r\u00e9st \u00e9s a tov\u00e1bbfejlesztett t\u00e1rol\u00e1si funkci\u00f3kat EliteBook laptopj\u00e1n. N\u00f6velje sz\u00e1m\u00edt\u00e1stechnikai \u00e9lm\u00e9ny\u00e9t ezzel a megb\u00edzhat\u00f3 \u00e9s hat\u00e9kony hardverk\u00e9szlettel.<\/p>\n","protected":false},"excerpt":{"rendered":"<p>B\u0151v\u00edtse t\u00e1rol\u00e1si lehet\u0151s\u00e9geit a HP EliteBook HDD\/SSD Frame 2.5 PLC 766013-001 SPS-HDD hardverk\u00e9szlettel. K\u00f6nnyen felszerelhet \u00e9s csatlakoztathat tov\u00e1bbi 2,5 h\u00fcvelykes HDD-ket vagy SSD-ket EliteBook laptopj\u00e1hoz.<\/p>\n","protected":false},"featured_media":3657,"template":"","meta":[],"product_brand":[],"product_cat":[16],"product_tag":[25],"class_list":{"0":"post-3595","1":"product","2":"type-product","3":"status-publish","4":"has-post-thumbnail","6":"product_cat-laptop-housing","7":"product_tag-hp","9":"first","10":"instock","11":"taxable","12":"shipping-taxable","13":"purchasable","14":"product-type-simple"},"_links":{"self":[{"href":"https:\/\/boreait.com\/hu\/wp-json\/wp\/v2\/product\/3595","targetHints":{"allow":["GET"]}}],"collection":[{"href":"https:\/\/boreait.com\/hu\/wp-json\/wp\/v2\/product"}],"about":[{"href":"https:\/\/boreait.com\/hu\/wp-json\/wp\/v2\/types\/product"}],"wp:featuredmedia":[{"embeddable":true,"href":"https:\/\/boreait.com\/hu\/wp-json\/wp\/v2\/media\/3657"}],"wp:attachment":[{"href":"https:\/\/boreait.com\/hu\/wp-json\/wp\/v2\/media?parent=3595"}],"wp:term":[{"taxonomy":"product_brand","embeddable":true,"href":"https:\/\/boreait.com\/hu\/wp-json\/wp\/v2\/product_brand?post=3595"},{"taxonomy":"product_cat","embeddable":true,"href":"https:\/\/boreait.com\/hu\/wp-json\/wp\/v2\/product_cat?post=3595"},{"taxonomy":"product_tag","embeddable":true,"href":"https:\/\/boreait.com\/hu\/wp-json\/wp\/v2\/product_tag?post=3595"}],"curies":[{"name":"wp","href":"https:\/\/api.w.org\/{rel}","templated":true}]}}