{"id":3594,"date":"2025-09-17T10:44:13","date_gmt":"2025-09-17T08:44:13","guid":{"rendered":"https:\/\/boreait.com\/hu\/?post_type=product&#038;p=3594"},"modified":"2026-01-09T13:38:42","modified_gmt":"2026-01-09T12:38:42","slug":"2-gb-hp-500202-061-micron-mt18jsf25672pdz-1g4g1fe-pc3-10600r-ecc-reg-szerver-memoria","status":"publish","type":"product","link":"https:\/\/boreait.com\/hu\/termek\/2-gb-hp-500202-061-micron-mt18jsf25672pdz-1g4g1fe-pc3-10600r-ecc-reg-szerver-memoria\/","title":{"rendered":"2 GB HP 500202-061 Micron MT18JSF25672PDZ-1G4G1FE PC3-10600R ECC Reg szerver mem\u00f3ria"},"content":{"rendered":"<p>N\u00f6velje szervere teljes\u00edtm\u00e9ny\u00e9t a 2 GB-os HP 500202-061 Micron MT18JSF25672PDZ-1G4G1FE PC3-10600R ECC regisztr\u00e1lt szervermem\u00f3ri\u00e1val. Ez az eredeti HP mem\u00f3riamodul, amelyet a szerver mem\u00f3riak\u00e9pess\u00e9g\u00e9nek b\u0151v\u00edt\u00e9s\u00e9re terveztek, z\u00f6kken\u0151mentes integr\u00e1ci\u00f3t \u00e9s jobb \u00e1ltal\u00e1nos teljes\u00edtm\u00e9nyt biztos\u00edt a hat\u00e9konyabb sz\u00e1m\u00edt\u00e1stechnikai \u00e9lm\u00e9ny \u00e9rdek\u00e9ben.<\/p>\n<p>A mem\u00f3riatechnol\u00f3gi\u00e1ban j\u00f3 h\u00edr\u0171 Micron \u00e1ltal gy\u00e1rtott, 2 GB-os HP 500202-061 Micron MT18JSF25672PDZ-1G4G1FE PC3-10600R szervermem\u00f3ria megb\u00edzhat\u00f3 \u00e9s hat\u00e9kony mem\u00f3riafunkci\u00f3kat biztos\u00edt. A kiszolg\u00e1l\u00f3 bels\u0151 rendszereinek alapvet\u0151 elemek\u00e9nt ez a mem\u00f3riamodul kulcsfontoss\u00e1g\u00fa szerepet j\u00e1tszik az adatkezel\u00e9s \u00e9s a rendszer v\u00e1laszk\u00e9szs\u00e9g\u00e9nek optimaliz\u00e1l\u00e1s\u00e1ban.<\/p>\n<p>Ak\u00e1r er\u0151forr\u00e1sig\u00e9nyes alkalmaz\u00e1sokat futtat, ak\u00e1r virtualiz\u00e1ci\u00f3t, ak\u00e1r nagy adathalmazokat kezel, ez a mem\u00f3riamodul biztos\u00edtja a sz\u00fcks\u00e9ges kapacit\u00e1st \u00e9s sebess\u00e9get. Jav\u00edtja a multitasking k\u00e9pess\u00e9geket, cs\u00f6kkenti az adatok k\u00e9sleltet\u00e9s\u00e9t, \u00e9s hozz\u00e1j\u00e1rul a z\u00f6kken\u0151mentesebb szerver m\u0171k\u00f6d\u00e9shez.<\/p>\n<p>A telep\u00edt\u00e9s egyszer\u0171 a szabv\u00e1nyos regisztr\u00e1lt DIMM (RDIMM) kialak\u00edt\u00e1snak k\u00f6sz\u00f6nhet\u0151en, amely illeszkedik a szerver mem\u00f3riahelyeihez. A hiteles HP \u00e9s Micron mem\u00f3ria v\u00e1laszt\u00e1s\u00e1val a szerver teljes\u00edtm\u00e9ny\u00e9nek min\u0151s\u00e9g\u00e9be \u00e9s megb\u00edzhat\u00f3s\u00e1g\u00e1ba fektet be.<\/p>\n<p>B\u0151v\u00edtse szervere mem\u00f3riak\u00e9pess\u00e9g\u00e9t a 2 GB-os HP 500202-061 Micron MT18JSF25672PDZ-1G4G1FE PC3-10600R regisztr\u00e1lt szervermem\u00f3ri\u00e1val. \u00c9lvezze a tov\u00e1bbfejlesztett t\u00f6bbfeladatos munkav\u00e9gz\u00e9st, a cs\u00f6kkentett k\u00e9sleltet\u00e9st \u00e9s a megn\u00f6velt szerverteljes\u00edtm\u00e9nyt az er\u0151forr\u00e1s-ig\u00e9nyes feladatokhoz. N\u00f6velje sz\u00e1m\u00edt\u00e1stechnikai \u00e9lm\u00e9ny\u00e9t ezzel a megb\u00edzhat\u00f3 \u00e9s hat\u00e9kony mem\u00f3riamodullal.<\/p>\n<p>V\u00e1s\u00e1rl\u00e1s el\u0151tt ellen\u0151rizze, hogy kompatibilis-e az adott szervermodellj\u00e9vel.<\/p>\n","protected":false},"excerpt":{"rendered":"<p>B\u0151v\u00edtse szervere mem\u00f3ri\u00e1j\u00e1t a 2 GB-os HP 500202-061 Micron MT18JSF25672PDZ-1G4G1FE PC3-10600R regisztr\u00e1lt szervermem\u00f3ri\u00e1val. \u00c9lvezze a jobb t\u00f6bbfeladatos munkav\u00e9gz\u00e9st \u00e9s az \u00e1ltal\u00e1nos szerverteljes\u00edtm\u00e9nyt.<\/p>\n","protected":false},"featured_media":3656,"template":"","meta":[],"product_brand":[],"product_cat":[37,36],"product_tag":[25],"class_list":{"0":"post-3594","1":"product","2":"type-product","3":"status-publish","4":"has-post-thumbnail","6":"product_cat-ddr3-ddr3l","7":"product_cat-ram-memory","8":"product_tag-hp","10":"first","11":"instock","12":"taxable","13":"shipping-taxable","14":"purchasable","15":"product-type-simple"},"_links":{"self":[{"href":"https:\/\/boreait.com\/hu\/wp-json\/wp\/v2\/product\/3594","targetHints":{"allow":["GET"]}}],"collection":[{"href":"https:\/\/boreait.com\/hu\/wp-json\/wp\/v2\/product"}],"about":[{"href":"https:\/\/boreait.com\/hu\/wp-json\/wp\/v2\/types\/product"}],"wp:featuredmedia":[{"embeddable":true,"href":"https:\/\/boreait.com\/hu\/wp-json\/wp\/v2\/media\/3656"}],"wp:attachment":[{"href":"https:\/\/boreait.com\/hu\/wp-json\/wp\/v2\/media?parent=3594"}],"wp:term":[{"taxonomy":"product_brand","embeddable":true,"href":"https:\/\/boreait.com\/hu\/wp-json\/wp\/v2\/product_brand?post=3594"},{"taxonomy":"product_cat","embeddable":true,"href":"https:\/\/boreait.com\/hu\/wp-json\/wp\/v2\/product_cat?post=3594"},{"taxonomy":"product_tag","embeddable":true,"href":"https:\/\/boreait.com\/hu\/wp-json\/wp\/v2\/product_tag?post=3594"}],"curies":[{"name":"wp","href":"https:\/\/api.w.org\/{rel}","templated":true}]}}