{"id":3593,"date":"2025-09-17T10:44:13","date_gmt":"2025-09-17T08:44:13","guid":{"rendered":"https:\/\/boreait.com\/hu\/?post_type=product&#038;p=3593"},"modified":"2025-09-17T10:44:57","modified_gmt":"2025-09-17T08:44:57","slug":"oem-hp-lite-on-ts-l632nhpmh-cd-dvd-ujrairhato-meghajto-445953-fc0-c1-y3-q2","status":"publish","type":"product","link":"https:\/\/boreait.com\/hu\/termek\/oem-hp-lite-on-ts-l632nhpmh-cd-dvd-ujrairhato-meghajto-445953-fc0-c1-y3-q2\/","title":{"rendered":"OEM HP Lite-On TS-L632NHPMH CD DVD \u00fajra\u00edrhat\u00f3 meghajt\u00f3 445953-FC0 C1-Y3-q2"},"content":{"rendered":"<p>N\u00f6velje laptopja multim\u00e9di\u00e1s k\u00e9pess\u00e9geit az OEM HP Lite-On TS-L632NHPMH 445953-FC0 C1-Y3-q2 \u00fajra\u00edrhat\u00f3 CD-DVD-meghajt\u00f3val. A laptop optikai t\u00e1rol\u00e1si \u00e9s lej\u00e1tsz\u00e1si funkci\u00f3inak jav\u00edt\u00e1s\u00e1ra tervezett eredeti optikai meghajt\u00f3 z\u00f6kken\u0151mentes integr\u00e1ci\u00f3t \u00e9s tov\u00e1bbfejlesztett sokoldal\u00fas\u00e1got biztos\u00edt a jobb sz\u00e1m\u00edt\u00e1stechnikai \u00e9lm\u00e9ny \u00e9rdek\u00e9ben.<\/p>\n<p>A Lite-On \u00e1ltal a HP sz\u00e1m\u00e1ra, a sz\u00e1m\u00edt\u00e1stechnika megb\u00edzhat\u00f3 vezet\u0151j\u00e9nek gy\u00e1rtott OEM HP Lite-On TS-L632NHPMH 445953-FC0 C1-Y3-q2 \u00fajra\u00edrhat\u00f3 CD DVD-meghajt\u00f3t \u00fagy tervezt\u00e9k, hogy megb\u00edzhat\u00f3 CD- \u00e9s DVD-olvas\u00e1si \u00e9s -\u00edr\u00e1si k\u00e9pess\u00e9geket biztos\u00edtson. A laptop bels\u0151 rendszereinek alapvet\u0151 elemek\u00e9nt ez a meghajt\u00f3 kulcsszerepet j\u00e1tszik a t\u00e1rol\u00e1si \u00e9s sz\u00f3rakoz\u00e1si lehet\u0151s\u00e9gek b\u0151v\u00edt\u00e9s\u00e9ben.<\/p>\n<p>Ak\u00e1r CD-ket vagy DVD-ket kell olvasnia vagy \u00edrnia, ez a meghajt\u00f3 az \u00d6n \u00e1ltal elv\u00e1rt k\u00e9nyelmet \u00e9s hat\u00e9konys\u00e1got biztos\u00edtja. Lehet\u0151v\u00e9 teszi filmek n\u00e9z\u00e9s\u00e9t, zenehallgat\u00e1st, adatlemezek \u00edr\u00e1s\u00e1t \u00e9s szoftverek telep\u00edt\u00e9s\u00e9t, \u00edgy professzion\u00e1lis \u00e9s szem\u00e9lyes haszn\u00e1latra egyar\u00e1nt ide\u00e1lis.<\/p>\n<p>A telep\u00edt\u00e9s egyszer\u0171 az OEM-kialak\u00edt\u00e1snak k\u00f6sz\u00f6nhet\u0151en, amely illeszkedik a laptop eredeti alkatr\u00e9szeihez. Az eredeti HP alkatr\u00e9szek kiv\u00e1laszt\u00e1s\u00e1val laptopja optikai t\u00e1rol\u00f3j\u00e1nak \u00e9s lej\u00e1tsz\u00e1s\u00e1nak min\u0151s\u00e9g\u00e9be \u00e9s megb\u00edzhat\u00f3s\u00e1g\u00e1ba fektet be.<\/p>\n<p>Friss\u00edtse laptopja multim\u00e9di\u00e1s k\u00e9pess\u00e9geit az OEM HP Lite-On TS-L632NHPMH 445953-FC0 C1-Y3-q2 \u00fajra\u00edrhat\u00f3 CD-DVD-meghajt\u00f3val. \u00c9lvezze a b\u0151v\u00edtett t\u00e1rol\u00e1si lehet\u0151s\u00e9geket, a sokoldal\u00fa m\u00e9dialej\u00e1tsz\u00e1st \u00e9s a hat\u00e9kony adat\u00edr\u00e1st laptopj\u00e1n. N\u00f6velje sz\u00e1m\u00edt\u00e1stechnikai \u00e9lm\u00e9ny\u00e9t ezzel a megb\u00edzhat\u00f3 \u00e9s hat\u00e9kony optikai meghajt\u00f3val.<\/p>\n","protected":false},"excerpt":{"rendered":"<p>N\u00f6velje laptopja optikai t\u00e1rol\u00e1si \u00e9s lej\u00e1tsz\u00e1si k\u00e9pess\u00e9geit az OEM HP Lite-On TS-L632NHPMH 445953-FC0 C1-Y3-q2 \u00fajra\u00edrhat\u00f3 CD-DVD-meghajt\u00f3val. \u00c9lvezze a sokoldal\u00fa m\u00e9diafunkci\u00f3kat \u00e9s a hat\u00e9kony adat\u00edr\u00e1st.<\/p>\n","protected":false},"featured_media":3644,"template":"","meta":[],"product_brand":[],"product_cat":[27],"product_tag":[25],"class_list":{"0":"post-3593","1":"product","2":"type-product","3":"status-publish","4":"has-post-thumbnail","6":"product_cat-motherboards-board-parts","7":"product_tag-hp","9":"first","10":"instock","11":"taxable","12":"shipping-taxable","13":"purchasable","14":"product-type-simple"},"_links":{"self":[{"href":"https:\/\/boreait.com\/hu\/wp-json\/wp\/v2\/product\/3593","targetHints":{"allow":["GET"]}}],"collection":[{"href":"https:\/\/boreait.com\/hu\/wp-json\/wp\/v2\/product"}],"about":[{"href":"https:\/\/boreait.com\/hu\/wp-json\/wp\/v2\/types\/product"}],"wp:featuredmedia":[{"embeddable":true,"href":"https:\/\/boreait.com\/hu\/wp-json\/wp\/v2\/media\/3644"}],"wp:attachment":[{"href":"https:\/\/boreait.com\/hu\/wp-json\/wp\/v2\/media?parent=3593"}],"wp:term":[{"taxonomy":"product_brand","embeddable":true,"href":"https:\/\/boreait.com\/hu\/wp-json\/wp\/v2\/product_brand?post=3593"},{"taxonomy":"product_cat","embeddable":true,"href":"https:\/\/boreait.com\/hu\/wp-json\/wp\/v2\/product_cat?post=3593"},{"taxonomy":"product_tag","embeddable":true,"href":"https:\/\/boreait.com\/hu\/wp-json\/wp\/v2\/product_tag?post=3593"}],"curies":[{"name":"wp","href":"https:\/\/api.w.org\/{rel}","templated":true}]}}