{"id":3592,"date":"2025-09-17T10:44:13","date_gmt":"2025-09-17T08:44:13","guid":{"rendered":"https:\/\/boreait.com\/hu\/?post_type=product&#038;p=3592"},"modified":"2025-09-17T10:44:55","modified_gmt":"2025-09-17T08:44:55","slug":"cp633788-01-sata-dvd-rw-meghajto-uj8e2","status":"publish","type":"product","link":"https:\/\/boreait.com\/hu\/termek\/cp633788-01-sata-dvd-rw-meghajto-uj8e2\/","title":{"rendered":"cp633788-01 SATA DVD RW meghajt\u00f3 UJ8E2"},"content":{"rendered":"<p>B\u0151v\u00edtse\u00a0 laptopja optikai t\u00e1rol\u00e1si k\u00e9pess\u00e9geit a cp633788-01 SATA DVD RW UJ8E2 meghajt\u00f3val. A laptop DVD-olvas\u00e1si \u00e9s -\u00edr\u00e1si k\u00e9pess\u00e9g\u00e9nek optimaliz\u00e1l\u00e1s\u00e1ra k\u00e9sz\u00fclt, ez az eredeti DVD RW-meghajt\u00f3 z\u00f6kken\u0151mentes integr\u00e1ci\u00f3t \u00e9s tov\u00e1bbfejlesztett funkcionalit\u00e1st biztos\u00edt a jobb sz\u00e1m\u00edt\u00e1stechnikai \u00e9lm\u00e9ny \u00e9rdek\u00e9ben.<\/p>\n<p>A Panasonic, a sz\u00e1m\u00edt\u00e1stechnika megb\u00edzhat\u00f3 vezet\u0151 gy\u00e1rt\u00f3ja \u00e1ltal gy\u00e1rtott thecp633788-01 SATA DVD RW UJ8E2 meghajt\u00f3 megb\u00edzhat\u00f3 optikai t\u00e1rol\u00e1si funkci\u00f3kat biztos\u00edt. A laptop bels\u0151 rendszereinek alapvet\u0151 elemek\u00e9nt ez a meghajt\u00f3 kulcsszerepet j\u00e1tszik abban, hogy k\u00f6nnyed\u00e9n hozz\u00e1f\u00e9rhet, l\u00e9trehozhat \u00e9s t\u00e1rolhat adatokat DVD-lemezeken.<\/p>\n<p>Ak\u00e1r DVD-ket szeretne n\u00e9zni, biztons\u00e1gi ment\u00e9si lemezeket kell k\u00e9sz\u00edtenie, ak\u00e1r szoftvereket kell telep\u00edtenie, ez a DVD RW-meghajt\u00f3 a k\u00edv\u00e1nt k\u00e9nyelmet \u00e9s hat\u00e9konys\u00e1got biztos\u00edtja. K\u00fcl\u00f6nf\u00e9le DVD-form\u00e1tumokat olvas \u00e9s \u00edr, \u00edgy sokoldal\u00fa lehet\u0151s\u00e9geket k\u00edn\u00e1l a digit\u00e1lis tartalmak kezel\u00e9s\u00e9re.<\/p>\n","protected":false},"excerpt":{"rendered":"<p>N\u00f6velje laptopja optikai t\u00e1rol\u00e1si k\u00e9pess\u00e9geit a cp633788-01 UJ8E2 SATA DVD RW meghajt\u00f3val. \u00c9lvezze a sokoldal\u00fa DVD-funkci\u00f3kat az adatok megtekint\u00e9s\u00e9re, l\u00e9trehoz\u00e1s\u00e1ra \u00e9s t\u00e1rol\u00e1s\u00e1ra.<\/p>\n","protected":false},"featured_media":3642,"template":"","meta":[],"product_brand":[],"product_cat":[27],"product_tag":[],"class_list":{"0":"post-3592","1":"product","2":"type-product","3":"status-publish","4":"has-post-thumbnail","6":"product_cat-motherboards-board-parts","8":"first","9":"instock","10":"taxable","11":"shipping-taxable","12":"purchasable","13":"product-type-simple"},"_links":{"self":[{"href":"https:\/\/boreait.com\/hu\/wp-json\/wp\/v2\/product\/3592","targetHints":{"allow":["GET"]}}],"collection":[{"href":"https:\/\/boreait.com\/hu\/wp-json\/wp\/v2\/product"}],"about":[{"href":"https:\/\/boreait.com\/hu\/wp-json\/wp\/v2\/types\/product"}],"wp:featuredmedia":[{"embeddable":true,"href":"https:\/\/boreait.com\/hu\/wp-json\/wp\/v2\/media\/3642"}],"wp:attachment":[{"href":"https:\/\/boreait.com\/hu\/wp-json\/wp\/v2\/media?parent=3592"}],"wp:term":[{"taxonomy":"product_brand","embeddable":true,"href":"https:\/\/boreait.com\/hu\/wp-json\/wp\/v2\/product_brand?post=3592"},{"taxonomy":"product_cat","embeddable":true,"href":"https:\/\/boreait.com\/hu\/wp-json\/wp\/v2\/product_cat?post=3592"},{"taxonomy":"product_tag","embeddable":true,"href":"https:\/\/boreait.com\/hu\/wp-json\/wp\/v2\/product_tag?post=3592"}],"curies":[{"name":"wp","href":"https:\/\/api.w.org\/{rel}","templated":true}]}}