{"id":3591,"date":"2025-09-17T10:44:13","date_gmt":"2025-09-17T08:44:13","guid":{"rendered":"https:\/\/boreait.com\/hu\/?post_type=product&#038;p=3591"},"modified":"2025-09-17T10:44:53","modified_gmt":"2025-09-17T08:44:53","slug":"toshiba-satellite-a300-15d-dvd-rw-meghajto-ide-elolappal-dvr-kd08tbm","status":"publish","type":"product","link":"https:\/\/boreait.com\/hu\/termek\/toshiba-satellite-a300-15d-dvd-rw-meghajto-ide-elolappal-dvr-kd08tbm\/","title":{"rendered":"Toshiba Satellite A300-15D DVD-RW meghajt\u00f3 IDE el\u0151lappal DVR-KD08TBM"},"content":{"rendered":"<p>B\u0151v\u00edtse Toshiba Satellite A300-15D laptopja optikai meghajt\u00f3j\u00e1nak funkcionalit\u00e1s\u00e1t a Toshiba Satellite A300-15D DVD-RW meghajt\u00f3 IDE-vel DVR-KD08TBM el\u0151lappal. A laptop optikai lemezek olvas\u00e1si \u00e9s \u00edr\u00e1si k\u00e9pess\u00e9geinek optimaliz\u00e1l\u00e1s\u00e1ra tervezett eredeti DVD-RW meghajt\u00f3 z\u00f6kken\u0151mentes integr\u00e1ci\u00f3t \u00e9s tov\u00e1bbfejlesztett funkcionalit\u00e1st biztos\u00edt a jobb sz\u00e1m\u00edt\u00e1stechnikai \u00e9lm\u00e9ny \u00e9rdek\u00e9ben.<\/p>\n<p>A Toshiba \u2013 a sz\u00e1m\u00edt\u00e1stechnika egyik megb\u00edzhat\u00f3 neve \u2013 \u00e1ltal gy\u00e1rtott Toshiba Satellite A300-15D DVD-RW IDE DVR-KD08TBM el\u0151lappal \u00fagy tervezt\u00e9k, hogy megb\u00edzhat\u00f3 optikai lemezteljes\u00edtm\u00e9nyt ny\u00fajtson. A laptop bels\u0151 rendszereinek alapvet\u0151 elemek\u00e9nt ez a meghajt\u00f3 kulcsszerepet j\u00e1tszik a k\u00fcl\u00f6nb\u00f6z\u0151 lemezform\u00e1tumok olvas\u00e1s\u00e1ban \u00e9s \u00edr\u00e1s\u00e1ban.<\/p>\n<p>Ak\u00e1r DVD-ket szeretne n\u00e9zni, szoftvereket kell telep\u00edtenie CD-kr\u0151l, vagy saj\u00e1t CD-ket \u00e9s DVD-ket szeretne k\u00e9sz\u00edteni, ez a meghajt\u00f3 az \u00d6n \u00e1ltal elv\u00e1rt k\u00e9nyelmet \u00e9s hat\u00e9konys\u00e1got biztos\u00edtja. Az IDE-kapcsolatnak k\u00f6sz\u00f6nhet\u0151en z\u00f6kken\u0151mentesen integr\u00e1lhat\u00f3 laptopj\u00e1val, \u00edgy biztos\u00edtva a kompatibilit\u00e1st \u00e9s a probl\u00e9mamentes m\u0171k\u00f6d\u00e9st.<\/p>\n<p>A beszerel\u00e9s egyszer\u0171 a mell\u00e9kelt el\u0151lapnak k\u00f6sz\u00f6nhet\u0151en, amely illeszkedik a laptop eredeti alkatr\u00e9szeihez. Az eredeti Toshiba alkatr\u00e9szek kiv\u00e1laszt\u00e1s\u00e1val laptopja optikai lemez funkci\u00f3inak min\u0151s\u00e9g\u00e9be \u00e9s megb\u00edzhat\u00f3s\u00e1g\u00e1ba fektet be.<\/p>\n<p>Friss\u00edtse laptopja optikai meghajt\u00f3j\u00e1t a Toshiba Satellite A300-15D DVD-RW meghajt\u00f3 IDE-vel DVR-KD08TBM el\u0151lappal. \u00c9lvezze a tov\u00e1bbfejlesztett lemezolvas\u00e1si \u00e9s -\u00edr\u00e1si k\u00e9pess\u00e9geket, a sokoldal\u00fa lemezfunkci\u00f3kat \u00e9s a probl\u00e9mamentes optikai meghajt\u00f3 teljes\u00edtm\u00e9ny\u00e9t Satellite A300-15D k\u00e9sz\u00fcl\u00e9k\u00e9n. N\u00f6velje sz\u00e1m\u00edt\u00e1stechnikai \u00e9lm\u00e9ny\u00e9t ezzel a megb\u00edzhat\u00f3 \u00e9s hat\u00e9kony DVD-RW meghajt\u00f3val.<\/p>\n<p>V\u00e1s\u00e1rl\u00e1s el\u0151tt ellen\u0151rizze, hogy kompatibilis-e az adott laptopmodellj\u00e9vel.<\/p>\n","protected":false},"excerpt":{"rendered":"<p>Fokozza az optikai lemez funkci\u00f3it Toshiba Satellite A300-15D laptopj\u00e1n a Toshiba Satellite A300-15D DVD-RW meghajt\u00f3 IDE el\u0151lappal DVR-KD08TBM. \u00c9lvezze a sokoldal\u00fa lemezolvas\u00e1si \u00e9s -\u00edr\u00e1si lehet\u0151s\u00e9geket.<\/p>\n","protected":false},"featured_media":3640,"template":"","meta":[],"product_brand":[],"product_cat":[27],"product_tag":[],"class_list":{"0":"post-3591","1":"product","2":"type-product","3":"status-publish","4":"has-post-thumbnail","6":"product_cat-motherboards-board-parts","8":"first","9":"instock","10":"taxable","11":"shipping-taxable","12":"purchasable","13":"product-type-simple"},"_links":{"self":[{"href":"https:\/\/boreait.com\/hu\/wp-json\/wp\/v2\/product\/3591","targetHints":{"allow":["GET"]}}],"collection":[{"href":"https:\/\/boreait.com\/hu\/wp-json\/wp\/v2\/product"}],"about":[{"href":"https:\/\/boreait.com\/hu\/wp-json\/wp\/v2\/types\/product"}],"wp:featuredmedia":[{"embeddable":true,"href":"https:\/\/boreait.com\/hu\/wp-json\/wp\/v2\/media\/3640"}],"wp:attachment":[{"href":"https:\/\/boreait.com\/hu\/wp-json\/wp\/v2\/media?parent=3591"}],"wp:term":[{"taxonomy":"product_brand","embeddable":true,"href":"https:\/\/boreait.com\/hu\/wp-json\/wp\/v2\/product_brand?post=3591"},{"taxonomy":"product_cat","embeddable":true,"href":"https:\/\/boreait.com\/hu\/wp-json\/wp\/v2\/product_cat?post=3591"},{"taxonomy":"product_tag","embeddable":true,"href":"https:\/\/boreait.com\/hu\/wp-json\/wp\/v2\/product_tag?post=3591"}],"curies":[{"name":"wp","href":"https:\/\/api.w.org\/{rel}","templated":true}]}}