{"id":3590,"date":"2025-09-17T10:44:13","date_gmt":"2025-09-17T08:44:13","guid":{"rendered":"https:\/\/boreait.com\/hu\/?post_type=product&#038;p=3590"},"modified":"2025-09-17T10:44:51","modified_gmt":"2025-09-17T08:44:51","slug":"sn-208-asus-208bb-asbfz-cddvd-rw-rewriter-iro-sata-meghajto","status":"publish","type":"product","link":"https:\/\/boreait.com\/hu\/termek\/sn-208-asus-208bb-asbfz-cddvd-rw-rewriter-iro-sata-meghajto\/","title":{"rendered":"SN-208 Asus 208bb\/asbfz CDDVD-RW ReWriter \u00edr\u00f3 SATA meghajt\u00f3"},"content":{"rendered":"<p>Friss\u00edtse sz\u00e1m\u00edt\u00f3g\u00e9pe optikai meghajt\u00f3j\u00e1t az SN-208 208bb\/asbfz CD\/DVD-RW ReWriter Burner SATA meghajt\u00f3val. A megb\u00edzhat\u00f3 lemezolvas\u00e1si \u00e9s -\u00edr\u00e1si k\u00e9pess\u00e9gek biztos\u00edt\u00e1s\u00e1ra tervezett eredeti SATA-meghajt\u00f3 z\u00f6kken\u0151mentes integr\u00e1ci\u00f3t \u00e9s tov\u00e1bbfejlesztett funkcionalit\u00e1st biztos\u00edt a jobb sz\u00e1m\u00edt\u00e1stechnikai \u00e9lm\u00e9ny \u00e9rdek\u00e9ben. M\u0171anyag burkolat, amely kompatibilis az Asus X54H, X54c stb.<\/p>\n<p>A Toshiba Samsung \u00e1ltal gy\u00e1rtott, az optikai meghajt\u00f3-technol\u00f3gia egyik megb\u00edzhat\u00f3 neve, az SN-208 CD\/DVD-RW ReWriter Burner SATA meghajt\u00f3t \u00fagy tervezt\u00e9k, hogy megb\u00edzhat\u00f3 \u00e9s hat\u00e9kony teljes\u00edtm\u00e9nyt ny\u00fajtson. Ak\u00e1r CD-ket, ak\u00e1r DVD-ket kell olvasnia, adatokat lemezre kell \u00edrnia vagy filmeket kell n\u00e9znie, ez a meghajt\u00f3 az \u00d6n \u00e1ltal elv\u00e1rt k\u00e9nyelmet \u00e9s hat\u00e9konys\u00e1got biztos\u00edtja.<\/p>\n<p>SATA interf\u00e9sz\u00e9vel ez a meghajt\u00f3 gyorsabb adat\u00e1tviteli sebess\u00e9get k\u00edn\u00e1l a r\u00e9gebbi IDE-meghajt\u00f3khoz k\u00e9pest, gyorsabb lemezel\u00e9r\u00e9st \u00e9s cs\u00f6kkentett v\u00e1rakoz\u00e1si id\u0151t biztos\u00edtva. Ez ide\u00e1liss\u00e1 teszi olyan feladatokhoz, mint az adatok biztons\u00e1gi ment\u00e9se, lemezk\u00e9sz\u00edt\u00e9s vagy multim\u00e9di\u00e1s lej\u00e1tsz\u00e1s.<\/p>\n<p>A telep\u00edt\u00e9s egyszer\u0171 a szabv\u00e1nyos SATA csatlakoz\u00f3 kialak\u00edt\u00e1snak k\u00f6sz\u00f6nhet\u0151en, amely illeszkedik a legt\u00f6bb sz\u00e1m\u00edt\u00f3g\u00e9pes rendszerhez. Az eredeti Toshiba Samsung alkatr\u00e9szek kiv\u00e1laszt\u00e1s\u00e1val a sz\u00e1m\u00edt\u00f3g\u00e9pe optikai meghajt\u00f3j\u00e1nak min\u0151s\u00e9g\u00e9be \u00e9s megb\u00edzhat\u00f3s\u00e1g\u00e1ba fektet be.<\/p>\n<p>Friss\u00edtse sz\u00e1m\u00edt\u00f3g\u00e9pe optikai meghajt\u00f3j\u00e1t az SN-208 CD\/DVD-RW ReWriter Burner SATA meghajt\u00f3val. \u00c9lvezze a megb\u00edzhat\u00f3 lemezolvas\u00e1si \u00e9s -\u00edr\u00e1si k\u00e9pess\u00e9geket, a gyorsabb adathozz\u00e1f\u00e9r\u00e9st \u00e9s a sz\u00e1m\u00edt\u00e1stechnikai ig\u00e9nyeinek megfelel\u0151 sokoldal\u00fa funkcionalit\u00e1st. N\u00f6velje sz\u00e1m\u00edt\u00e1stechnikai \u00e9lm\u00e9ny\u00e9t ezzel a megb\u00edzhat\u00f3 \u00e9s hat\u00e9kony SATA-meghajt\u00f3val.<\/p>\n<p>V\u00e1s\u00e1rl\u00e1s el\u0151tt ellen\u0151rizze, hogy kompatibilis-e az adott sz\u00e1m\u00edt\u00f3g\u00e9pmodellj\u00e9vel.<\/p>\n","protected":false},"excerpt":{"rendered":"<p>Friss\u00edtse sz\u00e1m\u00edt\u00f3g\u00e9pe optikai meghajt\u00f3j\u00e1t az SN-208 Dell Toshiba Samsung CD\/DVD-RW ReWriter Burner SATA meghajt\u00f3val. \u00c9lvezze a megb\u00edzhat\u00f3 lemezolvas\u00e1st, -\u00edr\u00e1st \u00e9s a gyorsabb adathozz\u00e1f\u00e9r\u00e9st a sokoldal\u00fa sz\u00e1m\u00edt\u00e1si feladatokhoz.<\/p>\n","protected":false},"featured_media":3638,"template":"","meta":[],"product_brand":[],"product_cat":[27],"product_tag":[],"class_list":{"0":"post-3590","1":"product","2":"type-product","3":"status-publish","4":"has-post-thumbnail","6":"product_cat-motherboards-board-parts","8":"first","9":"instock","10":"taxable","11":"shipping-taxable","12":"purchasable","13":"product-type-simple"},"_links":{"self":[{"href":"https:\/\/boreait.com\/hu\/wp-json\/wp\/v2\/product\/3590","targetHints":{"allow":["GET"]}}],"collection":[{"href":"https:\/\/boreait.com\/hu\/wp-json\/wp\/v2\/product"}],"about":[{"href":"https:\/\/boreait.com\/hu\/wp-json\/wp\/v2\/types\/product"}],"wp:featuredmedia":[{"embeddable":true,"href":"https:\/\/boreait.com\/hu\/wp-json\/wp\/v2\/media\/3638"}],"wp:attachment":[{"href":"https:\/\/boreait.com\/hu\/wp-json\/wp\/v2\/media?parent=3590"}],"wp:term":[{"taxonomy":"product_brand","embeddable":true,"href":"https:\/\/boreait.com\/hu\/wp-json\/wp\/v2\/product_brand?post=3590"},{"taxonomy":"product_cat","embeddable":true,"href":"https:\/\/boreait.com\/hu\/wp-json\/wp\/v2\/product_cat?post=3590"},{"taxonomy":"product_tag","embeddable":true,"href":"https:\/\/boreait.com\/hu\/wp-json\/wp\/v2\/product_tag?post=3590"}],"curies":[{"name":"wp","href":"https:\/\/api.w.org\/{rel}","templated":true}]}}