{"id":359,"date":"2025-09-17T09:25:20","date_gmt":"2025-09-17T07:25:20","guid":{"rendered":"https:\/\/boreait.com\/hu\/?post_type=product&#038;p=359"},"modified":"2025-09-17T09:26:47","modified_gmt":"2025-09-17T07:26:47","slug":"fujitsu-lifebook-a530-ah530-felso-csuklotamasz-elolap-cp478135-01","status":"publish","type":"product","link":"https:\/\/boreait.com\/hu\/termek\/fujitsu-lifebook-a530-ah530-felso-csuklotamasz-elolap-cp478135-01\/","title":{"rendered":"FUJITSU LIFEBOOK A530 AH530 fels\u0151 csukl\u00f3t\u00e1masz el\u0151lap CP478135-01"},"content":{"rendered":"<p>A CP478135-01 cikksz\u00e1m\u00fa Fujitsu Lifebook A530 AH530 fels\u0151 csukl\u00f3t\u00e1masz el\u0151lap bor\u00edt\u00e1sa egy kulcsfontoss\u00e1g\u00fa alkatr\u00e9sz, amelyet kifejezetten a Fujitsu Lifebook A530 \u00e9s AH530 laptopmodellekhez terveztek. Ez a kiv\u00e1l\u00f3 min\u0151s\u00e9g\u0171 el\u0151lapburkolat a fels\u0151 csukl\u00f3t\u00e1masz v\u00e9d\u0151burkolatak\u00e9nt szolg\u00e1l, garant\u00e1lva annak biztons\u00e1g\u00e1t, \u00e9s tiszta \u00e9s professzion\u00e1lis megjelen\u00e9st biztos\u00edt.<\/p>\n<p>A prec\u00edzi\u00f3s kivitelez\u00e9s\u0171 fels\u0151 csukl\u00f3t\u00e1masz el\u0151lap bor\u00edt\u00e1sa tart\u00f3s anyagokb\u00f3l k\u00e9sz\u00fclt, amelyek kiv\u00e1l\u00f3 tart\u00f3ss\u00e1got \u00e9s ellen\u00e1ll\u00f3s\u00e1got biztos\u00edtanak a mindennapi kop\u00e1ssal szemben. Megv\u00e9di a fels\u0151 csukl\u00f3t\u00e1maszt a karcol\u00e1sokt\u00f3l, ki\u00f6ml\u00e9sekt\u0151l \u00e9s egy\u00e9b lehets\u00e9ges s\u00e9r\u00fcl\u00e9sekt\u0151l, \u00edgy biztos\u00edtja laptopja hossz\u00fa \u00e9lettartam\u00e1t \u00e9s optim\u00e1lis teljes\u00edtm\u00e9ny\u00e9t.<\/p>\n<p>A Fujitsu Lifebook A530 AH530 fels\u0151 csukl\u00f3t\u00e1masz el\u0151lap bor\u00edt\u00e1sa letisztult \u00e9s z\u00f6kken\u0151mentes kialak\u00edt\u00e1s\u00fa, amely z\u00f6kken\u0151mentesen illeszkedik a laptop \u00e1ltal\u00e1nos eszt\u00e9tik\u00e1j\u00e1ba. Egy csipetnyi eleganci\u00e1t ad, mik\u00f6zben meg\u0151rzi a k\u00e9sz\u00fcl\u00e9k professzion\u00e1lis megjelen\u00e9s\u00e9t. A prec\u00edz illeszked\u00e9snek \u00e9s kidolgoz\u00e1snak k\u00f6sz\u00f6nhet\u0151en az el\u0151lap burkolata z\u00f6kken\u0151mentes \u00e1tmenetet biztos\u00edt a csukl\u00f3t\u00e1masz ter\u00fclet\u00e9r\u0151l a laptop test\u00e9re, \u00edgy tetszet\u0151s \u00e9s \u00f6sszef\u00fcgg\u0151 megjelen\u00e9st k\u00f6lcs\u00f6n\u00f6z.<\/p>\n<p>A fels\u0151 csukl\u00f3t\u00e1masz el\u0151lap bor\u00edt\u00e1s\u00e1nak cser\u00e9je egyszer\u0171 folyamat, amely minim\u00e1lis m\u0171szaki szak\u00e9rtelmet ig\u00e9nyel. Tartozik hozz\u00e1 a sz\u00fcks\u00e9ges r\u00f6gz\u00edt\u0151konzolok \u00e9s csavarok, amelyek lehet\u0151v\u00e9 teszik a r\u00e9gi burkolat egyszer\u0171 elt\u00e1vol\u00edt\u00e1s\u00e1t \u00e9s az \u00faj felhelyez\u00e9s\u00e9t. Ez a felhaszn\u00e1l\u00f3bar\u00e1t kialak\u00edt\u00e1s biztos\u00edtja, hogy m\u00e9g a korl\u00e1tozott m\u0171szaki ismeretekkel rendelkez\u0151 szem\u00e9lyek is k\u00f6nnyed\u00e9n elv\u00e9gezhess\u00e9k a cser\u00e9t.<\/p>\n<p>Ha befektet a Fujitsu Lifebook A530 AH530 fels\u0151 csukl\u00f3t\u00e1masz-el\u0151lap bor\u00edt\u00e1s\u00e1ba, nemcsak laptopja vizu\u00e1lis megjelen\u00e9s\u00e9t jav\u00edtja, hanem a fels\u0151 csukl\u00f3t\u00e1masz ter\u00fclet\u00e9t is meg\u00f3vja a s\u00e9r\u00fcl\u00e9sekt\u0151l. Pajzsk\u00e9nt m\u0171k\u00f6dik a v\u00e9letlen ki\u00f6ml\u00e9sek, karcol\u00e1sok \u00e9s egy\u00e9b lehets\u00e9ges vesz\u00e9lyek ellen, meg\u00f3vja laptopj\u00e1t \u00e9s meghosszabb\u00edtja \u00e9lettartam\u00e1t.<\/p>\n<p>Ezt az eredeti Fujitsu tartoz\u00e9kot a legmagasabb szabv\u00e1nyok szerint gy\u00e1rtj\u00e1k, \u00edgy biztos\u00edtva a kompatibilit\u00e1st \u00e9s a megb\u00edzhat\u00f3s\u00e1got. Szigor\u00fa min\u0151s\u00e9g-ellen\u0151rz\u00e9si teszteken megy kereszt\u00fcl, hogy megfeleljen a Fujitsu elismert h\u00edrnev\u00e9nek szigor\u00fa k\u00f6vetelm\u00e9nyeinek. Amikor megv\u00e1s\u00e1rolja a Fujitsu Lifebook A530 AH530 fels\u0151 csukl\u00f3t\u00e1masz-el\u0151lap bor\u00edt\u00e1st, b\u00edzhat a tart\u00f3ss\u00e1g\u00e1ban \u00e9s a tart\u00f3s teljes\u00edtm\u00e9ny\u00e9ben.<\/p>\n<p>Friss\u00edtse Fujitsu Lifebook A530 vagy AH530 megjelen\u00e9s\u00e9t \u00e9s v\u00e9delm\u00e9t a fels\u0151 csukl\u00f3t\u00e1masz el\u0151lap bor\u00edt\u00e1s\u00e1val. Strapab\u00edr\u00f3 fel\u00e9p\u00edt\u00e9se \u00e9s z\u00f6kken\u0151mentes kialak\u00edt\u00e1sa t\u00f6k\u00e9letes v\u00e1laszt\u00e1ss\u00e1 teszi szem\u00e9lyes \u00e9s professzion\u00e1lis haszn\u00e1latra egyar\u00e1nt. \u00c9lvezze a tetszet\u0151s laptopot \u00e9s a v\u00e9dett fels\u0151 csukl\u00f3t\u00e1masz ter\u00fcletet ezzel az alapvet\u0151 tartoz\u00e9kkal.<\/p>\n","protected":false},"excerpt":{"rendered":"<p>V\u00e9dje \u00e9s jav\u00edtsa Fujitsu Lifebook A530 vagy AH530 megjelen\u00e9s\u00e9t a tart\u00f3s \u00e9s eleg\u00e1ns fels\u0151 csukl\u00f3t\u00e1masz el\u0151lappal. Gondoskodjon laptopja biztons\u00e1g\u00e1r\u00f3l, mik\u00f6zben meg\u0151rzi a professzion\u00e1lis megjelen\u00e9st. Az egyszer\u0171 telep\u00edt\u00e9s \u00e9s a megb\u00edzhat\u00f3 teljes\u00edtm\u00e9ny \u00e9rt\u00e9kes kieg\u00e9sz\u00edt\u0151v\u00e9 teszi.<\/p>\n","protected":false},"featured_media":417,"template":"","meta":[],"product_brand":[],"product_cat":[16],"product_tag":[28],"class_list":{"0":"post-359","1":"product","2":"type-product","3":"status-publish","4":"has-post-thumbnail","6":"product_cat-laptop-housing","7":"product_tag-fujitsu","9":"first","10":"instock","11":"taxable","12":"shipping-taxable","13":"purchasable","14":"product-type-simple"},"_links":{"self":[{"href":"https:\/\/boreait.com\/hu\/wp-json\/wp\/v2\/product\/359","targetHints":{"allow":["GET"]}}],"collection":[{"href":"https:\/\/boreait.com\/hu\/wp-json\/wp\/v2\/product"}],"about":[{"href":"https:\/\/boreait.com\/hu\/wp-json\/wp\/v2\/types\/product"}],"wp:featuredmedia":[{"embeddable":true,"href":"https:\/\/boreait.com\/hu\/wp-json\/wp\/v2\/media\/417"}],"wp:attachment":[{"href":"https:\/\/boreait.com\/hu\/wp-json\/wp\/v2\/media?parent=359"}],"wp:term":[{"taxonomy":"product_brand","embeddable":true,"href":"https:\/\/boreait.com\/hu\/wp-json\/wp\/v2\/product_brand?post=359"},{"taxonomy":"product_cat","embeddable":true,"href":"https:\/\/boreait.com\/hu\/wp-json\/wp\/v2\/product_cat?post=359"},{"taxonomy":"product_tag","embeddable":true,"href":"https:\/\/boreait.com\/hu\/wp-json\/wp\/v2\/product_tag?post=359"}],"curies":[{"name":"wp","href":"https:\/\/api.w.org\/{rel}","templated":true}]}}