{"id":3589,"date":"2025-09-17T10:44:13","date_gmt":"2025-09-17T08:44:13","guid":{"rendered":"https:\/\/boreait.com\/hu\/?post_type=product&#038;p=3589"},"modified":"2025-09-17T10:44:49","modified_gmt":"2025-09-17T08:44:49","slug":"603677-001-hp-sps-drv-dvd-sata-rw-12-7-gt30l","status":"publish","type":"product","link":"https:\/\/boreait.com\/hu\/termek\/603677-001-hp-sps-drv-dvd-sata-rw-12-7-gt30l\/","title":{"rendered":"603677-001 HP Sps-Drv DVD Sata RW 12.7 Gt30L"},"content":{"rendered":"<p>B\u0151v\u00edtse sz\u00e1m\u00edt\u00e1stechnikai \u00e9lm\u00e9ny\u00e9t a 603677-001 HP Sps-Drv DVD Sata RW 12.7 Gt30L seg\u00edts\u00e9g\u00e9vel. A laptop optikai meghajt\u00f3 funkci\u00f3inak optimaliz\u00e1l\u00e1s\u00e1ra tervezett eredeti HP DVD-meghajt\u00f3 z\u00f6kken\u0151mentes integr\u00e1ci\u00f3t, valamint tov\u00e1bbfejlesztett adatolvas\u00e1si \u00e9s -\u00edr\u00e1si k\u00e9pess\u00e9geket biztos\u00edt a jobb sz\u00e1m\u00edt\u00e1stechnikai \u00e9lm\u00e9ny \u00e9rdek\u00e9ben. A m\u0171anyag el\u0151lap DV6-3000 kompatibilis<\/p>\n<p>A HP, a sz\u00e1m\u00edt\u00e1stechnika megb\u00edzhat\u00f3 vezet\u0151 gy\u00e1rt\u00f3ja \u00e1ltal gy\u00e1rtott 603677-001 HP Sps-Drv DVD Sata RW 12.7 Gt30L megb\u00edzhat\u00f3 \u00e9s hat\u00e9kony DVD- \u00e9s CD-olvas\u00e1st \u00e9s -\u00edr\u00e1st biztos\u00edt. A laptop bels\u0151 rendszereinek alapvet\u0151 elemek\u00e9nt ez a DVD-meghajt\u00f3 kulcsszerepet j\u00e1tszik a m\u00e9diak\u00e9pess\u00e9gek b\u0151v\u00edt\u00e9s\u00e9ben.<\/p>\n<p>Ak\u00e1r DVD-ket szeretne n\u00e9zni, ak\u00e1r szoftvereket kell telep\u00edtenie, ak\u00e1r saj\u00e1t CD-ket \u00e9s DVD-ket szeretne k\u00e9sz\u00edteni, ez a meghajt\u00f3 az \u00d6n \u00e1ltal elv\u00e1rt k\u00e9nyelmet \u00e9s hat\u00e9konys\u00e1got biztos\u00edtja. A SATA interf\u00e9sz gyors adat\u00e1tviteli sebess\u00e9get biztos\u00edt, lehet\u0151v\u00e9 t\u00e9ve az adatok gyors \u00e9s hat\u00e9kony olvas\u00e1s\u00e1t \u00e9s \u00edr\u00e1s\u00e1t.<\/p>\n<p>A telep\u00edt\u00e9s egyszer\u0171 a laptop eredeti alkatr\u00e9szeihez igazod\u00f3 kialak\u00edt\u00e1snak k\u00f6sz\u00f6nhet\u0151en. Az eredeti HP alkatr\u00e9szek kiv\u00e1laszt\u00e1s\u00e1val laptopja optikai meghajt\u00f3j\u00e1nak min\u0151s\u00e9g\u00e9be \u00e9s megb\u00edzhat\u00f3s\u00e1g\u00e1ba fektet be.<\/p>\n<p>Friss\u00edtse laptopja optikai meghajt\u00f3j\u00e1t a 603677-001 HP Sps-Drv DVD Sata RW 12.7 Gt30L seg\u00edts\u00e9g\u00e9vel. \u00c9lvezze a tov\u00e1bbfejlesztett m\u00e9diak\u00e9pess\u00e9geket, a z\u00f6kken\u0151mentes adatolvas\u00e1st \u00e9s -\u00edr\u00e1st, valamint a gyors adat\u00e1tviteli sebess\u00e9get kompatibilis HP laptopj\u00e1n. N\u00f6velje sz\u00e1m\u00edt\u00e1stechnikai \u00e9lm\u00e9ny\u00e9t ezzel a megb\u00edzhat\u00f3 \u00e9s hat\u00e9kony DVD-meghajt\u00f3val.<\/p>\n<p>V\u00e1s\u00e1rl\u00e1s el\u0151tt ellen\u0151rizze, hogy kompatibilis-e az adott laptopmodellj\u00e9vel.<\/p>\n","protected":false},"excerpt":{"rendered":"<p>B\u0151v\u00edtse laptopja optikai meghajt\u00f3j\u00e1t a 603677-001 HP Sps-Drv DVD Sata RW 12.7 Gt30L k\u00e9sz\u00fcl\u00e9kkel. \u00c9lvezze a tov\u00e1bbfejlesztett m\u00e9diak\u00e9pess\u00e9geket \u00e9s a gyors adatolvas\u00e1st \u00e9s -\u00edr\u00e1st.<\/p>\n","protected":false},"featured_media":3636,"template":"","meta":[],"product_brand":[],"product_cat":[27],"product_tag":[25],"class_list":{"0":"post-3589","1":"product","2":"type-product","3":"status-publish","4":"has-post-thumbnail","6":"product_cat-motherboards-board-parts","7":"product_tag-hp","9":"first","10":"instock","11":"taxable","12":"shipping-taxable","13":"purchasable","14":"product-type-simple"},"_links":{"self":[{"href":"https:\/\/boreait.com\/hu\/wp-json\/wp\/v2\/product\/3589","targetHints":{"allow":["GET"]}}],"collection":[{"href":"https:\/\/boreait.com\/hu\/wp-json\/wp\/v2\/product"}],"about":[{"href":"https:\/\/boreait.com\/hu\/wp-json\/wp\/v2\/types\/product"}],"wp:featuredmedia":[{"embeddable":true,"href":"https:\/\/boreait.com\/hu\/wp-json\/wp\/v2\/media\/3636"}],"wp:attachment":[{"href":"https:\/\/boreait.com\/hu\/wp-json\/wp\/v2\/media?parent=3589"}],"wp:term":[{"taxonomy":"product_brand","embeddable":true,"href":"https:\/\/boreait.com\/hu\/wp-json\/wp\/v2\/product_brand?post=3589"},{"taxonomy":"product_cat","embeddable":true,"href":"https:\/\/boreait.com\/hu\/wp-json\/wp\/v2\/product_cat?post=3589"},{"taxonomy":"product_tag","embeddable":true,"href":"https:\/\/boreait.com\/hu\/wp-json\/wp\/v2\/product_tag?post=3589"}],"curies":[{"name":"wp","href":"https:\/\/api.w.org\/{rel}","templated":true}]}}