{"id":3588,"date":"2025-09-17T10:44:13","date_gmt":"2025-09-17T08:44:13","guid":{"rendered":"https:\/\/boreait.com\/hu\/?post_type=product&#038;p=3588"},"modified":"2025-09-17T10:44:47","modified_gmt":"2025-09-17T08:44:47","slug":"hp-dvd-rw-iro-optikai-meghajto-elolap-nelkul-su-208fb-700577-fc2","status":"publish","type":"product","link":"https:\/\/boreait.com\/hu\/termek\/hp-dvd-rw-iro-optikai-meghajto-elolap-nelkul-su-208fb-700577-fc2\/","title":{"rendered":"HP DVD-RW \u00edr\u00f3 optikai meghajt\u00f3 el\u0151lap n\u00e9lk\u00fcl SU-208FB 700577-FC2"},"content":{"rendered":"<p>B\u0151v\u00edtse sz\u00e1m\u00edt\u00e1stechnikai \u00e9lm\u00e9ny\u00e9t a HP DVD-RW \u00edr\u00f3 optikai meghajt\u00f3, el\u0151lap n\u00e9lk\u00fcli SU-208FB 700577-FC2 seg\u00edts\u00e9g\u00e9vel. Az optikai lemezek olvas\u00e1si \u00e9s \u00edr\u00e1si k\u00e9pess\u00e9geinek optimaliz\u00e1l\u00e1s\u00e1ra tervezett eredeti optikai meghajt\u00f3 z\u00f6kken\u0151mentes integr\u00e1ci\u00f3t \u00e9s tov\u00e1bbfejlesztett funkcionalit\u00e1st k\u00edn\u00e1l a jobb sz\u00e1m\u00edt\u00e1stechnikai \u00e9lm\u00e9ny \u00e9rdek\u00e9ben.<\/p>\n<p>A HP, a sz\u00e1m\u00edt\u00e1stechnika megb\u00edzhat\u00f3 vezet\u0151 gy\u00e1rt\u00f3ja \u00e1ltal gy\u00e1rtott SU-208FB HP DVD-RW-\u00edr\u00f3 optikai meghajt\u00f3t \u00fagy tervezt\u00e9k, hogy megb\u00edzhat\u00f3 optikai lemezfunkci\u00f3kat biztos\u00edtson. Ak\u00e1r DVD-ket kell olvasnia, ak\u00e1r CD-ket kell \u00edrnia, vagy szoftvereket kell telep\u00edtenie optikai lemezekr\u0151l, ez a meghajt\u00f3 hat\u00e9kony \u00e9s z\u00f6kken\u0151mentes m\u0171k\u00f6d\u00e9st biztos\u00edt.<\/p>\n<p>A DVD-RW-\u00edr\u00f3 k\u00e9nyelm\u00e9vel k\u00f6nnyed\u00e9n k\u00e9sz\u00edthet biztons\u00e1gi m\u00e1solatot, \u00edrhat adathordoz\u00f3t \u00e9s telep\u00edthet szoftvereket. Az el\u0151lap hi\u00e1nya sokoldal\u00fa kieg\u00e9sz\u00edt\u0151je a laptopnak, amely biztos\u00edtja a kompatibilit\u00e1st a k\u00fcl\u00f6nb\u00f6z\u0151 laptopmodellekkel.<\/p>\n<p>A telep\u00edt\u00e9s egyszer\u0171, k\u00f6sz\u00f6nhet\u0151en a meghajt\u00f3 kialak\u00edt\u00e1s\u00e1nak, amely illeszkedik a laptop eredeti alkatr\u00e9szeihez. Az eredeti HP alkatr\u00e9szek kiv\u00e1laszt\u00e1s\u00e1val laptopja optikai lemezeinek min\u0151s\u00e9g\u00e9be \u00e9s megb\u00edzhat\u00f3s\u00e1g\u00e1ba fektet be.<\/p>\n<p>Friss\u00edtse laptopja optikai lemezek olvas\u00e1si \u00e9s \u00edr\u00e1si k\u00e9pess\u00e9geit a HP DVD-RW \u00edr\u00f3 optikai meghajt\u00f3, el\u0151lap n\u00e9lk\u00fcli SU-208FB 700577-FC2 seg\u00edts\u00e9g\u00e9vel. \u00c9lvezze a sokoldal\u00fa lemezfunkci\u00f3kat, a hat\u00e9kony m\u00e9dia\u00edr\u00e1st \u00e9s a z\u00f6kken\u0151mentes lemezm\u0171veleteket kompatibilis laptopj\u00e1n. N\u00f6velje sz\u00e1m\u00edt\u00e1stechnikai \u00e9lm\u00e9ny\u00e9t ezzel a megb\u00edzhat\u00f3 \u00e9s hat\u00e9kony optikai meghajt\u00f3val.<\/p>\n<p>V\u00e1s\u00e1rl\u00e1s el\u0151tt ellen\u0151rizze, hogy kompatibilis-e az adott laptopmodellj\u00e9vel.<\/p>\n","protected":false},"excerpt":{"rendered":"<p>B\u0151v\u00edtse laptopja optikai lemezes k\u00e9pess\u00e9geit a HP DVD-RW \u00edr\u00f3 optikai meghajt\u00f3, el\u0151lap n\u00e9lk\u00fcli SU-208FB 700577-FC2 seg\u00edts\u00e9g\u00e9vel. \u00c9lvezze a sokoldal\u00fa lemezfunkci\u00f3kat \u00e9s a hat\u00e9kony m\u00e9dia\u00edr\u00e1st.<\/p>\n","protected":false},"featured_media":3634,"template":"","meta":[],"product_brand":[],"product_cat":[27],"product_tag":[],"class_list":{"0":"post-3588","1":"product","2":"type-product","3":"status-publish","4":"has-post-thumbnail","6":"product_cat-motherboards-board-parts","8":"first","9":"instock","10":"taxable","11":"shipping-taxable","12":"purchasable","13":"product-type-simple"},"_links":{"self":[{"href":"https:\/\/boreait.com\/hu\/wp-json\/wp\/v2\/product\/3588","targetHints":{"allow":["GET"]}}],"collection":[{"href":"https:\/\/boreait.com\/hu\/wp-json\/wp\/v2\/product"}],"about":[{"href":"https:\/\/boreait.com\/hu\/wp-json\/wp\/v2\/types\/product"}],"wp:featuredmedia":[{"embeddable":true,"href":"https:\/\/boreait.com\/hu\/wp-json\/wp\/v2\/media\/3634"}],"wp:attachment":[{"href":"https:\/\/boreait.com\/hu\/wp-json\/wp\/v2\/media?parent=3588"}],"wp:term":[{"taxonomy":"product_brand","embeddable":true,"href":"https:\/\/boreait.com\/hu\/wp-json\/wp\/v2\/product_brand?post=3588"},{"taxonomy":"product_cat","embeddable":true,"href":"https:\/\/boreait.com\/hu\/wp-json\/wp\/v2\/product_cat?post=3588"},{"taxonomy":"product_tag","embeddable":true,"href":"https:\/\/boreait.com\/hu\/wp-json\/wp\/v2\/product_tag?post=3588"}],"curies":[{"name":"wp","href":"https:\/\/api.w.org\/{rel}","templated":true}]}}