{"id":3587,"date":"2025-09-17T10:44:13","date_gmt":"2025-09-17T08:44:13","guid":{"rendered":"https:\/\/boreait.com\/hu\/?post_type=product&#038;p=3587"},"modified":"2025-09-17T10:44:44","modified_gmt":"2025-09-17T08:44:44","slug":"hp-su-208-sata-dvd-rw-ultra-slim-97-mm-es-meghajto-700577-fc2","status":"publish","type":"product","link":"https:\/\/boreait.com\/hu\/termek\/hp-su-208-sata-dvd-rw-ultra-slim-97-mm-es-meghajto-700577-fc2\/","title":{"rendered":"HP SU-208 SATA DVD RW Ultra Slim 9,7 mm-es meghajt\u00f3 700577-FC2"},"content":{"rendered":"<p>B\u0151v\u00edtse HP laptopja optikai meghajt\u00f3j\u00e1nak funkci\u00f3it a HP SATA DVD RW Ultra Slim 9,7 mm-es 700577-FC2 meghajt\u00f3val. A laptop t\u00e1rol\u00e1si k\u00e9pess\u00e9geinek optimaliz\u00e1l\u00e1s\u00e1ra tervezett eredeti DVD RW meghajt\u00f3 z\u00f6kken\u0151mentes integr\u00e1ci\u00f3t \u00e9s tov\u00e1bbfejlesztett funkcionalit\u00e1st biztos\u00edt a jobb sz\u00e1m\u00edt\u00e1stechnikai \u00e9lm\u00e9ny \u00e9rdek\u00e9ben.<\/p>\n<p>A HP, a sz\u00e1m\u00edt\u00e1stechnika megb\u00edzhat\u00f3 vezet\u0151 gy\u00e1rt\u00f3ja \u00e1ltal gy\u00e1rtott HP SATA DVD RW Ultra Slim 9,7 mm-es 700577-FC2 meghajt\u00f3t \u00fagy tervezt\u00e9k, hogy megb\u00edzhat\u00f3 optikai meghajt\u00f3 teljes\u00edtm\u00e9nyt ny\u00fajtson. A laptop bels\u0151 rendszereinek alapvet\u0151 elemek\u00e9nt ez a meghajt\u00f3 kulcsszerepet j\u00e1tszik a t\u00e1rol\u00e1si \u00e9s multim\u00e9di\u00e1s k\u00e9pess\u00e9gek b\u0151v\u00edt\u00e9s\u00e9ben.<\/p>\n<p>Ak\u00e1r DVD-ket \u00e9s CD-ket szeretne olvasni vagy \u00edrni, filmeket n\u00e9zni, szoftvereket telep\u00edteni vagy fontos adatokr\u00f3l biztons\u00e1gi m\u00e1solatot k\u00e9sz\u00edteni, ez a meghajt\u00f3 a k\u00edv\u00e1nt k\u00e9nyelmet \u00e9s hat\u00e9konys\u00e1got biztos\u00edtja. Ultrav\u00e9kony kialak\u00edt\u00e1sa lehet\u0151v\u00e9 teszi, hogy k\u00f6nnyed\u00e9n illeszkedjen a laptop optikai meghajt\u00f3 rekesz\u00e9be, \u00edgy kompatibilis a HP Pavilion 15-r102no \u00e9s m\u00e1s v\u00e9kony laptopokkal.<\/p>\n<p>A telep\u00edt\u00e9s egyszer\u0171 a laptop eredeti alkatr\u00e9szeihez igazod\u00f3 kialak\u00edt\u00e1snak k\u00f6sz\u00f6nhet\u0151en. Az eredeti HP alkatr\u00e9szek kiv\u00e1laszt\u00e1s\u00e1val laptopja t\u00e1rol\u00e1si \u00e9s multim\u00e9di\u00e1s k\u00e9pess\u00e9geinek min\u0151s\u00e9g\u00e9be \u00e9s megb\u00edzhat\u00f3s\u00e1g\u00e1ba fektet be.<\/p>\n<p>Friss\u00edtse laptopja optikai meghajt\u00f3j\u00e1t a HP SATA DVD RW Ultra Slim 9,7 mm-es 700577-FC2 meghajt\u00f3val. \u00c9lvezze a megn\u00f6velt t\u00e1rol\u00f3kapacit\u00e1st, a DVD- \u00e9s CD-olvas\u00e1si\/-\u00edr\u00e1si funkci\u00f3kat, valamint a tov\u00e1bbfejlesztett multim\u00e9di\u00e1s k\u00e9pess\u00e9geket a HP-n. N\u00f6velje sz\u00e1m\u00edt\u00e1stechnikai \u00e9lm\u00e9ny\u00e9t ezzel a megb\u00edzhat\u00f3 \u00e9s hat\u00e9kony DVD RW meghajt\u00f3val.<\/p>\n","protected":false},"excerpt":{"rendered":"<p>B\u0151v\u00edtse HP laptopja optikai meghajt\u00f3j\u00e1t a HP SATA DVD RW Ultra Slim 9,7 mm-es 700577-FC2 meghajt\u00f3val. \u00c9lvezze a tov\u00e1bbfejlesztett t\u00e1rol\u00e1si \u00e9s multim\u00e9di\u00e1s k\u00e9pess\u00e9geket.<\/p>\n","protected":false},"featured_media":3632,"template":"","meta":[],"product_brand":[],"product_cat":[27],"product_tag":[25],"class_list":{"0":"post-3587","1":"product","2":"type-product","3":"status-publish","4":"has-post-thumbnail","6":"product_cat-motherboards-board-parts","7":"product_tag-hp","9":"first","10":"instock","11":"taxable","12":"shipping-taxable","13":"purchasable","14":"product-type-simple"},"_links":{"self":[{"href":"https:\/\/boreait.com\/hu\/wp-json\/wp\/v2\/product\/3587","targetHints":{"allow":["GET"]}}],"collection":[{"href":"https:\/\/boreait.com\/hu\/wp-json\/wp\/v2\/product"}],"about":[{"href":"https:\/\/boreait.com\/hu\/wp-json\/wp\/v2\/types\/product"}],"wp:featuredmedia":[{"embeddable":true,"href":"https:\/\/boreait.com\/hu\/wp-json\/wp\/v2\/media\/3632"}],"wp:attachment":[{"href":"https:\/\/boreait.com\/hu\/wp-json\/wp\/v2\/media?parent=3587"}],"wp:term":[{"taxonomy":"product_brand","embeddable":true,"href":"https:\/\/boreait.com\/hu\/wp-json\/wp\/v2\/product_brand?post=3587"},{"taxonomy":"product_cat","embeddable":true,"href":"https:\/\/boreait.com\/hu\/wp-json\/wp\/v2\/product_cat?post=3587"},{"taxonomy":"product_tag","embeddable":true,"href":"https:\/\/boreait.com\/hu\/wp-json\/wp\/v2\/product_tag?post=3587"}],"curies":[{"name":"wp","href":"https:\/\/api.w.org\/{rel}","templated":true}]}}