{"id":3586,"date":"2025-09-17T10:44:13","date_gmt":"2025-09-17T08:44:13","guid":{"rendered":"https:\/\/boreait.com\/hu\/?post_type=product&#038;p=3586"},"modified":"2025-09-17T10:44:42","modified_gmt":"2025-09-17T08:44:42","slug":"hp-sata-dvd-meghajto-ultra-slim-700577-fc1-su-208","status":"publish","type":"product","link":"https:\/\/boreait.com\/hu\/termek\/hp-sata-dvd-meghajto-ultra-slim-700577-fc1-su-208\/","title":{"rendered":"HP SATA DVD-meghajt\u00f3 ULTRA Slim 700577-FC1 SU-208"},"content":{"rendered":"<p>Friss\u00edtse HP laptopja optikai meghajt\u00f3j\u00e1t a HP Compaq SATA DVD-meghajt\u00f3 ULTRA Slim 700577-FC1 SU-208 seg\u00edts\u00e9g\u00e9vel. A laptop t\u00e1rol\u00e1si \u00e9s multim\u00e9di\u00e1s k\u00e9pess\u00e9geinek optimaliz\u00e1l\u00e1s\u00e1ra kialak\u00edtott eredeti optikai meghajt\u00f3 z\u00f6kken\u0151mentes integr\u00e1ci\u00f3t \u00e9s tov\u00e1bbfejlesztett funkcionalit\u00e1st biztos\u00edt a jobb sz\u00e1m\u00edt\u00e1stechnikai \u00e9lm\u00e9ny \u00e9rdek\u00e9ben.<\/p>\n<p>A HP, a sz\u00e1m\u00edt\u00e1stechnika megb\u00edzhat\u00f3 vezet\u0151 gy\u00e1rt\u00f3ja \u00e1ltal gy\u00e1rtott HP SATA DVD-meghajt\u00f3 ULTRA Slim 700577-FC1 SU-208 megb\u00edzhat\u00f3 DVD-olvas\u00e1si \u00e9s -\u00edr\u00e1si k\u00e9pess\u00e9geket biztos\u00edt. A laptop bels\u0151 rendszereinek alapvet\u0151 elemek\u00e9nt ez a meghajt\u00f3 kulcsszerepet j\u00e1tszik a t\u00e1rhely \u00e9s a multim\u00e9di\u00e1s funkci\u00f3k b\u0151v\u00edt\u00e9s\u00e9ben.<\/p>\n<p>Ak\u00e1r DVD-ket szeretne n\u00e9zni, adatokat lemezre kell \u00edrnia, ak\u00e1r szoftvereket kell telep\u00edtenie CD-r\u0151l, ez az ultrav\u00e9kony DVD-meghajt\u00f3 a k\u00edv\u00e1nt k\u00e9nyelmet \u00e9s hat\u00e9konys\u00e1got biztos\u00edtja. Kompakt kialak\u00edt\u00e1s\u00e1nak k\u00f6sz\u00f6nhet\u0151en ide\u00e1lis v\u00e1laszt\u00e1s a korl\u00e1tozott bels\u0151 t\u00e9rrel rendelkez\u0151 laptopokhoz, \u00edgy b\u00e1rhov\u00e1 mag\u00e1val viheti.<\/p>\n<p>A telep\u00edt\u00e9s egyszer\u0171 a laptop eredeti alkatr\u00e9szeihez igazod\u00f3 kialak\u00edt\u00e1snak k\u00f6sz\u00f6nhet\u0151en. Az eredeti HP alkatr\u00e9szek kiv\u00e1laszt\u00e1s\u00e1val laptopja t\u00e1rol\u00e1si \u00e9s multim\u00e9di\u00e1s k\u00e9pess\u00e9geinek min\u0151s\u00e9g\u00e9be \u00e9s megb\u00edzhat\u00f3s\u00e1g\u00e1ba fektet be.<\/p>\n<p>Friss\u00edtse laptopja optikai meghajt\u00f3j\u00e1t a HP SATA DVD-meghajt\u00f3val, ULTRA Slim 700577-FC1 SU-208. \u00c9lvezze a DVD-olvas\u00e1si \u00e9s -\u00edr\u00e1si lehet\u0151s\u00e9geket, a k\u00e9nyelmes multim\u00e9di\u00e1s hozz\u00e1f\u00e9r\u00e9st \u00e9s a tov\u00e1bbfejlesztett t\u00e1rol\u00e1si lehet\u0151s\u00e9geket HP laptopj\u00e1n. N\u00f6velje sz\u00e1m\u00edt\u00e1stechnikai \u00e9lm\u00e9ny\u00e9t ezzel a megb\u00edzhat\u00f3 \u00e9s hat\u00e9kony optikai meghajt\u00f3val.<\/p>\n<p>V\u00e1s\u00e1rl\u00e1s el\u0151tt ellen\u0151rizze, hogy kompatibilis-e az adott laptopmodellj\u00e9vel.<\/p>\n","protected":false},"excerpt":{"rendered":"<p>B\u0151v\u00edtse HP Compaq laptopja optikai meghajt\u00f3j\u00e1t a HP Compaq 15-s100no SATA DVD-meghajt\u00f3 ULTRA Slim 700577-FC1 SU-208 seg\u00edts\u00e9g\u00e9vel. \u00c9lvezze a DVD-olvas\u00e1si \u00e9s -\u00edr\u00e1si lehet\u0151s\u00e9geket kompakt kialak\u00edt\u00e1sban.<\/p>\n","protected":false},"featured_media":3631,"template":"","meta":[],"product_brand":[],"product_cat":[27],"product_tag":[25],"class_list":{"0":"post-3586","1":"product","2":"type-product","3":"status-publish","4":"has-post-thumbnail","6":"product_cat-motherboards-board-parts","7":"product_tag-hp","9":"first","10":"instock","11":"taxable","12":"shipping-taxable","13":"purchasable","14":"product-type-simple"},"_links":{"self":[{"href":"https:\/\/boreait.com\/hu\/wp-json\/wp\/v2\/product\/3586","targetHints":{"allow":["GET"]}}],"collection":[{"href":"https:\/\/boreait.com\/hu\/wp-json\/wp\/v2\/product"}],"about":[{"href":"https:\/\/boreait.com\/hu\/wp-json\/wp\/v2\/types\/product"}],"wp:featuredmedia":[{"embeddable":true,"href":"https:\/\/boreait.com\/hu\/wp-json\/wp\/v2\/media\/3631"}],"wp:attachment":[{"href":"https:\/\/boreait.com\/hu\/wp-json\/wp\/v2\/media?parent=3586"}],"wp:term":[{"taxonomy":"product_brand","embeddable":true,"href":"https:\/\/boreait.com\/hu\/wp-json\/wp\/v2\/product_brand?post=3586"},{"taxonomy":"product_cat","embeddable":true,"href":"https:\/\/boreait.com\/hu\/wp-json\/wp\/v2\/product_cat?post=3586"},{"taxonomy":"product_tag","embeddable":true,"href":"https:\/\/boreait.com\/hu\/wp-json\/wp\/v2\/product_tag?post=3586"}],"curies":[{"name":"wp","href":"https:\/\/api.w.org\/{rel}","templated":true}]}}