{"id":3585,"date":"2025-09-17T10:44:13","date_gmt":"2025-09-17T08:44:13","guid":{"rendered":"https:\/\/boreait.com\/hu\/?post_type=product&#038;p=3585"},"modified":"2025-09-17T10:44:41","modified_gmt":"2025-09-17T08:44:41","slug":"hp-95-mm-es-optikai-su-208cbhpmhf-pn-700577-fc0-dvd-meghajto-belso-iro-odd-lemez","status":"publish","type":"product","link":"https:\/\/boreait.com\/hu\/termek\/hp-95-mm-es-optikai-su-208cbhpmhf-pn-700577-fc0-dvd-meghajto-belso-iro-odd-lemez\/","title":{"rendered":"HP 9,5 mm-es optikai SU-208CBHPMHF PN: 700577-FC0 DVD-meghajt\u00f3 bels\u0151 \u00edr\u00f3 ODD lemez"},"content":{"rendered":"<p>B\u0151v\u00edtse sz\u00e1m\u00edt\u00e1si k\u00e9pess\u00e9geit a HP 9,5 mm-es optikai SU-208CBHPMHF PN 700577-FC0 DVD-meghajt\u00f3 bels\u0151 \u00edr\u00f3 ODD lemezzel. Az eszk\u00f6z sokoldal\u00fas\u00e1g\u00e1nak n\u00f6vel\u00e9s\u00e9re tervezett bels\u0151 DVD-meghajt\u00f3 megb\u00edzhat\u00f3 lemezolvas\u00e1si \u00e9s -\u00edr\u00e1si funkci\u00f3kat biztos\u00edt a jobb sz\u00e1m\u00edt\u00e1stechnikai \u00e9lm\u00e9ny \u00e9rdek\u00e9ben.<\/p>\n<p>A HP \u00e1ltal gy\u00e1rtott, megb\u00edzhat\u00f3 n\u00e9v a sz\u00e1m\u00edt\u00e1stechnik\u00e1ban, a HP 9,5 mm-es optikai SU-208CBHPMHF PN700577-FC0 DVD-meghajt\u00f3t \u00fagy tervezt\u00e9k, hogy hat\u00e9kony lemezolvas\u00e1si \u00e9s -\u00edr\u00e1si k\u00e9pess\u00e9geket biztos\u00edtson. Az eszk\u00f6z bels\u0151 rendszereinek alapvet\u0151 elemek\u00e9nt ez a meghajt\u00f3 kulcsszerepet j\u00e1tszik a lemezzel kapcsolatos feladatok b\u0151v\u00edt\u00e9s\u00e9ben.<\/p>\n<p>Ak\u00e1r DVD-ket szeretne n\u00e9zni, szoftvereket telep\u00edteni a lemezr\u0151l, vagy biztons\u00e1gi m\u00e1solatokat kell k\u00e9sz\u00edtenie, ez a DVD-meghajt\u00f3 a k\u00edv\u00e1nt k\u00e9nyelmet \u00e9s hat\u00e9konys\u00e1got biztos\u00edtja. Prec\u00edzi\u00f3s tervez\u00e9se biztos\u00edtja a pontos lemezolvas\u00e1st \u00e9s -\u00edr\u00e1st, z\u00f6kken\u0151mentes \u00e9lm\u00e9nyt biztos\u00edtva a k\u00fcl\u00f6nf\u00e9le sz\u00e1m\u00edt\u00e1si ig\u00e9nyekhez.<\/p>\n<p>A telep\u00edt\u00e9s egyszer\u0171, k\u00f6sz\u00f6nhet\u0151en a kialak\u00edt\u00e1snak, amely illeszkedik az eszk\u00f6z eredeti alkatr\u00e9szeihez. Az eredeti HP alkatr\u00e9szek kiv\u00e1laszt\u00e1s\u00e1val eszk\u00f6ze optikai meghajt\u00f3j\u00e1nak min\u0151s\u00e9g\u00e9be \u00e9s megb\u00edzhat\u00f3s\u00e1g\u00e1ba fektet be.<\/p>\n<p>Friss\u00edtse sz\u00e1m\u00edt\u00e1si k\u00e9pess\u00e9geit a HP 9,5 mm-es optikai SU-208CBHPMHF PN700577-FC0 DVD-meghajt\u00f3 bels\u0151 \u00edr\u00f3 ODD lemez\u00e9vel. \u00c9lvezze a megb\u00edzhat\u00f3 lemezolvas\u00e1si \u00e9s -\u00edr\u00e1si funkci\u00f3kat, a sokoldal\u00fa lemezzel kapcsolatos feladatokat \u00e9s a tov\u00e1bbfejlesztett sz\u00e1m\u00edt\u00e1stechnikai \u00e9lm\u00e9nyt.<\/p>\n<p>V\u00e1s\u00e1rl\u00e1s el\u0151tt ellen\u0151rizze, hogy kompatibilis-e az adott eszk\u00f6zmodellj\u00e9vel.<\/p>\n","protected":false},"excerpt":{"rendered":"<p>Fokozza eszk\u00f6ze k\u00e9pess\u00e9geit a HP 9,5 mm-es optikai SU-208CBHPMHF PN700577-FC0 DVD-meghajt\u00f3 bels\u0151 \u00edr\u00f3 ODD lemez\u00e9vel. \u00c9lvezze a megb\u00edzhat\u00f3 lemezolvas\u00e1st \u00e9s -\u00edr\u00e1st k\u00fcl\u00f6nf\u00e9le sz\u00e1m\u00edt\u00e1si ig\u00e9nyekhez.<\/p>\n","protected":false},"featured_media":3629,"template":"","meta":[],"product_brand":[],"product_cat":[27],"product_tag":[25],"class_list":{"0":"post-3585","1":"product","2":"type-product","3":"status-publish","4":"has-post-thumbnail","6":"product_cat-motherboards-board-parts","7":"product_tag-hp","9":"first","10":"instock","11":"taxable","12":"shipping-taxable","13":"purchasable","14":"product-type-simple"},"_links":{"self":[{"href":"https:\/\/boreait.com\/hu\/wp-json\/wp\/v2\/product\/3585","targetHints":{"allow":["GET"]}}],"collection":[{"href":"https:\/\/boreait.com\/hu\/wp-json\/wp\/v2\/product"}],"about":[{"href":"https:\/\/boreait.com\/hu\/wp-json\/wp\/v2\/types\/product"}],"wp:featuredmedia":[{"embeddable":true,"href":"https:\/\/boreait.com\/hu\/wp-json\/wp\/v2\/media\/3629"}],"wp:attachment":[{"href":"https:\/\/boreait.com\/hu\/wp-json\/wp\/v2\/media?parent=3585"}],"wp:term":[{"taxonomy":"product_brand","embeddable":true,"href":"https:\/\/boreait.com\/hu\/wp-json\/wp\/v2\/product_brand?post=3585"},{"taxonomy":"product_cat","embeddable":true,"href":"https:\/\/boreait.com\/hu\/wp-json\/wp\/v2\/product_cat?post=3585"},{"taxonomy":"product_tag","embeddable":true,"href":"https:\/\/boreait.com\/hu\/wp-json\/wp\/v2\/product_tag?post=3585"}],"curies":[{"name":"wp","href":"https:\/\/api.w.org\/{rel}","templated":true}]}}